{"id":708762,"date":"2025-08-27T16:18:10","date_gmt":"2025-08-27T13:18:10","guid":{"rendered":"https:\/\/roveyayinevi.com.tr\/index.php\/urun\/karanlikta-bolero\/"},"modified":"2025-11-19T16:10:01","modified_gmt":"2025-11-19T13:10:01","slug":"karanlikta-bolero","status":"publish","type":"product","link":"https:\/\/roveyayinevi.com.tr\/index.php\/urun\/karanlikta-bolero\/","title":{"rendered":"Karanl\u0131kta Bolero"},"content":{"rendered":"<p>\u201cYolda etraf\u0131nda y\u00fcr\u00fcyenlere bakt\u0131 ve g\u00f6rd\u00fckleri y\u00fcz\u00fcnden i\u00e7i burkuldu. Hi\u00e7bir zaman onlar gibi hissetmemi\u015f, onlar gibi g\u00fclmemi\u015f, onlar gibi sevmemi\u015fti&#8230;\u201d Hayat\u0131nda kaybetti\u011fi co\u015fkuyu ararken, i\u00e7indeki ke\u015ffedilmemi\u015f alanlara BOLERO\u2019nun melodik sarmallar\u0131na tutunarak ula\u015fan bir psikolo\u011fun karanl\u0131k \u00e7\u0131\u011fl\u0131\u011f\u0131n\u0131n hik\u00e2yesi. \u201cBenim i\u00e7imde kalan tek bir duygu var, o da haz&#8230; Haz almad\u0131\u011f\u0131m zamanlarda ise sadece nefes al\u0131yorum&#8230;\u201d Karanl\u0131klar onu kar\u015f\u0131 konulmaz bir \u015fekilde \u00e7a\u011f\u0131r\u0131yordu. Bu karma\u015fada su\u00e7, g\u00fcnah, ahlak kavramlar\u0131 anlam\u0131n\u0131 yitirmi\u015fti. Art\u0131k b\u00fct\u00fcn\u00fcyle vah\u015fi do\u011fas\u0131yla y\u00fczle\u015fmeye haz\u0131rd\u0131&#8230; PEK\u0130 YA SEN, \u0130\u00c7\u0130NDEK\u0130 KARANLIKLARLA Y\u00dcZLE\u015eMEYE HAZIR MISIN? <\/p>\n","protected":false},"excerpt":{"rendered":"<p>\u201cYolda etraf\u0131nda y\u00fcr\u00fcyenlere bakt\u0131 ve g\u00f6rd\u00fckleri y\u00fcz\u00fcnden i\u00e7i burkuldu. Hi\u00e7bir zaman onlar gibi hissetmemi\u015f, onlar gibi g\u00fclmemi\u015f, onlar gibi sevmemi\u015fti&#8230;\u201d Hayat\u0131nda kaybetti\u011fi co\u015fkuyu ararken, i\u00e7indeki ke\u015ffedilmemi\u015f<span class=\"excerpt-hellip\"> [\u2026]<\/span><\/p>\n","protected":false},"featured_media":0,"template":"","meta":{"_monsterinsights_skip_tracking":false,"_monsterinsights_sitenote_active":false,"_monsterinsights_sitenote_note":"","_monsterinsights_sitenote_category":0},"product_brand":[],"product_cat":[12291,12711],"product_tag":[],"class_list":{"0":"post-708762","1":"product","2":"type-product","3":"status-publish","5":"product_cat-edebiyat","6":"product_cat-roman-oyku","7":"pa_cilt-ciltsiz","8":"pa_tur-kitap","9":"pa_yayinevi-destek-yayinlari","10":"pa_yazar-erkan-sariyildiz","12":"first","13":"instock","14":"sale","15":"shipping-taxable","16":"purchasable","17":"product-type-simple"},"_links":{"self":[{"href":"https:\/\/roveyayinevi.com.tr\/index.php\/wp-json\/wp\/v2\/product\/708762","targetHints":{"allow":["GET"]}}],"collection":[{"href":"https:\/\/roveyayinevi.com.tr\/index.php\/wp-json\/wp\/v2\/product"}],"about":[{"href":"https:\/\/roveyayinevi.com.tr\/index.php\/wp-json\/wp\/v2\/types\/product"}],"wp:attachment":[{"href":"https:\/\/roveyayinevi.com.tr\/index.php\/wp-json\/wp\/v2\/media?parent=708762"}],"wp:term":[{"taxonomy":"product_brand","embeddable":true,"href":"https:\/\/roveyayinevi.com.tr\/index.php\/wp-json\/wp\/v2\/product_brand?post=708762"},{"taxonomy":"product_cat","embeddable":true,"href":"https:\/\/roveyayinevi.com.tr\/index.php\/wp-json\/wp\/v2\/product_cat?post=708762"},{"taxonomy":"product_tag","embeddable":true,"href":"https:\/\/roveyayinevi.com.tr\/index.php\/wp-json\/wp\/v2\/product_tag?post=708762"}],"curies":[{"name":"wp","href":"https:\/\/api.w.org\/{rel}","templated":true}]}}