{"id":708761,"date":"2025-08-27T16:18:10","date_gmt":"2025-08-27T13:18:10","guid":{"rendered":"https:\/\/roveyayinevi.com.tr\/index.php\/urun\/savasi-bitiren-sinek\/"},"modified":"2026-04-16T02:17:33","modified_gmt":"2026-04-15T23:17:33","slug":"savasi-bitiren-sinek","status":"publish","type":"product","link":"https:\/\/roveyayinevi.com.tr\/index.php\/urun\/savasi-bitiren-sinek\/","title":{"rendered":"Sava\u015f\u0131 Bitiren Sinek"},"content":{"rendered":"<p>\u00c7ocuklar ve yetiskinler i\u00e7in, savas ve karasinekler hakkinda ilgin\u00e7 bir hik\u00e2ye! Kolkex, Sinek ve Hermann seker siradan karasineklerdir; hani \u015fu kayda de\u011fer bir \u015fey yapmayan, etrafta v\u0131z\u0131lday\u0131p duran sineklerden&#8230; Bir g\u00fcn, evlerini payla\u015ft\u0131klar\u0131 insanlar,teknoloji harikas\u0131 elektrikli sineklikten almaya karar verir. Art\u0131k o evde kalamayacaklar\u0131n\u0131 anlayan \u00fc\u00e7 kafadar, Nepal\u2019in iyi kalpli ke\u015fi\u015flerini aramaya koyulur. Duyduklar\u0131na g\u00f6re, bu nazik ke\u015fi\u015fler bir sine\u011fi bile incitmeyen insanlard\u0131r. Uzak diyarlara yapt\u0131klar\u0131 bu yolculuk s\u0131ras\u0131nda konaklad\u0131klar\u0131 \u00fclkede sava\u015fla ilk kez tan\u0131\u015fan sinekler bu sa\u00e7mal\u0131\u011fa bir son vermeyi kafaya koyar. \u00dcstelik Bir sine\u011fin elinden ne gelir ki! demeden. \u0130zlanda \u00c7ocuk Edebiyat\u0131 \u00d6d\u00fcl\u00fc\u2019ne de\u011fer g\u00f6r\u00fclen Sava\u015f\u0131 Bitiren Sinek, insanlar, sinekler ve sava\u015f hakk\u0131nda bir cesaret ve dayan\u0131\u015fma \u00f6yk\u00fcs\u00fc. <\/p>\n","protected":false},"excerpt":{"rendered":"<p>\u00c7ocuklar ve yetiskinler i\u00e7in, savas ve karasinekler hakkinda ilgin\u00e7 bir hik\u00e2ye! Kolkex, Sinek ve Hermann seker siradan karasineklerdir; hani \u015fu kayda de\u011fer bir \u015fey yapmayan, etrafta<span class=\"excerpt-hellip\"> [\u2026]<\/span><\/p>\n","protected":false},"featured_media":0,"template":"","meta":{"_monsterinsights_skip_tracking":false,"_monsterinsights_sitenote_active":false,"_monsterinsights_sitenote_note":"","_monsterinsights_sitenote_category":0},"product_brand":[],"product_cat":[12275,12274],"product_tag":[],"class_list":{"0":"post-708761","1":"product","2":"type-product","3":"status-publish","5":"product_cat-6-12-yas-kitaplari","6":"product_cat-cocuk-ve-genclik-kitaplari","7":"pa_cilt-ciltsiz","8":"pa_tur-kitap","9":"pa_yayinevi-can-cocuk-yayinlari","10":"pa_yazar-bryndis-bjorgvinsdottir","12":"first","13":"instock","14":"sale","15":"shipping-taxable","16":"purchasable","17":"product-type-simple"},"_links":{"self":[{"href":"https:\/\/roveyayinevi.com.tr\/index.php\/wp-json\/wp\/v2\/product\/708761","targetHints":{"allow":["GET"]}}],"collection":[{"href":"https:\/\/roveyayinevi.com.tr\/index.php\/wp-json\/wp\/v2\/product"}],"about":[{"href":"https:\/\/roveyayinevi.com.tr\/index.php\/wp-json\/wp\/v2\/types\/product"}],"wp:attachment":[{"href":"https:\/\/roveyayinevi.com.tr\/index.php\/wp-json\/wp\/v2\/media?parent=708761"}],"wp:term":[{"taxonomy":"product_brand","embeddable":true,"href":"https:\/\/roveyayinevi.com.tr\/index.php\/wp-json\/wp\/v2\/product_brand?post=708761"},{"taxonomy":"product_cat","embeddable":true,"href":"https:\/\/roveyayinevi.com.tr\/index.php\/wp-json\/wp\/v2\/product_cat?post=708761"},{"taxonomy":"product_tag","embeddable":true,"href":"https:\/\/roveyayinevi.com.tr\/index.php\/wp-json\/wp\/v2\/product_tag?post=708761"}],"curies":[{"name":"wp","href":"https:\/\/api.w.org\/{rel}","templated":true}]}}