{"id":708759,"date":"2025-08-27T16:18:09","date_gmt":"2025-08-27T13:18:09","guid":{"rendered":"https:\/\/roveyayinevi.com.tr\/index.php\/urun\/beyaz-dis-gokkusagi-mavi-seri\/"},"modified":"2026-04-16T02:17:33","modified_gmt":"2026-04-15T23:17:33","slug":"beyaz-dis-gokkusagi-mavi-seri","status":"publish","type":"product","link":"https:\/\/roveyayinevi.com.tr\/index.php\/urun\/beyaz-dis-gokkusagi-mavi-seri\/","title":{"rendered":"Beyaz Di\u015f  (G\u00f6kku\u015fa\u011f\u0131 Mavi Seri)"},"content":{"rendered":"<p>Beyaz Di\u015f, Jack London\u2019\u0131n en sevilen eserlerindendir. Kurt ile k\u00f6pek melezi olan Beyaz Di\u015f\u2019in bir ma\u011farada ba\u015flayan, ac\u0131mas\u0131z insanlar aras\u0131nda devam eden epik \u00f6yk\u00fcs\u00fc, her g\u00fcn verilen hayatta kalma sava\u015f\u0131n\u0131 konu al\u0131r. <\/p>\n","protected":false},"excerpt":{"rendered":"<p>Beyaz Di\u015f, Jack London\u2019\u0131n en sevilen eserlerindendir. Kurt ile k\u00f6pek melezi olan Beyaz Di\u015f\u2019in bir ma\u011farada ba\u015flayan, ac\u0131mas\u0131z insanlar aras\u0131nda devam eden epik \u00f6yk\u00fcs\u00fc, her g\u00fcn<span class=\"excerpt-hellip\"> [\u2026]<\/span><\/p>\n","protected":false},"featured_media":0,"template":"","meta":{"_monsterinsights_skip_tracking":false,"_monsterinsights_sitenote_active":false,"_monsterinsights_sitenote_note":"","_monsterinsights_sitenote_category":0},"product_brand":[],"product_cat":[12275,12274],"product_tag":[],"class_list":{"0":"post-708759","1":"product","2":"type-product","3":"status-publish","5":"product_cat-6-12-yas-kitaplari","6":"product_cat-cocuk-ve-genclik-kitaplari","7":"pa_cilt-ciltsiz","8":"pa_tur-kitap","9":"pa_yayinevi-arkadas-yayinlari","10":"pa_yazar-jack-london","12":"first","13":"instock","14":"sale","15":"shipping-taxable","16":"purchasable","17":"product-type-simple"},"_links":{"self":[{"href":"https:\/\/roveyayinevi.com.tr\/index.php\/wp-json\/wp\/v2\/product\/708759","targetHints":{"allow":["GET"]}}],"collection":[{"href":"https:\/\/roveyayinevi.com.tr\/index.php\/wp-json\/wp\/v2\/product"}],"about":[{"href":"https:\/\/roveyayinevi.com.tr\/index.php\/wp-json\/wp\/v2\/types\/product"}],"wp:attachment":[{"href":"https:\/\/roveyayinevi.com.tr\/index.php\/wp-json\/wp\/v2\/media?parent=708759"}],"wp:term":[{"taxonomy":"product_brand","embeddable":true,"href":"https:\/\/roveyayinevi.com.tr\/index.php\/wp-json\/wp\/v2\/product_brand?post=708759"},{"taxonomy":"product_cat","embeddable":true,"href":"https:\/\/roveyayinevi.com.tr\/index.php\/wp-json\/wp\/v2\/product_cat?post=708759"},{"taxonomy":"product_tag","embeddable":true,"href":"https:\/\/roveyayinevi.com.tr\/index.php\/wp-json\/wp\/v2\/product_tag?post=708759"}],"curies":[{"name":"wp","href":"https:\/\/api.w.org\/{rel}","templated":true}]}}