{"id":708758,"date":"2025-08-27T16:18:08","date_gmt":"2025-08-27T13:18:08","guid":{"rendered":"https:\/\/roveyayinevi.com.tr\/index.php\/urun\/dunyanin-merkezine-yolculuk-7\/"},"modified":"2026-04-16T02:17:33","modified_gmt":"2026-04-15T23:17:33","slug":"dunyanin-merkezine-yolculuk-7","status":"publish","type":"product","link":"https:\/\/roveyayinevi.com.tr\/index.php\/urun\/dunyanin-merkezine-yolculuk-7\/","title":{"rendered":"D\u00fcnyan\u0131n Merkezine Yolculuk"},"content":{"rendered":"<p>D\u00fcnyan\u0131n Merkezine Yolculuk, Jules Verne\u2019in en \u00fcnl\u00fc eserlerinden biridir. Profes\u00f6r Liedenbrock, el yazmas\u0131 eski bir kitab\u0131n i\u00e7inde \u015fifreli bir not bulunca \u00e7ok heyecanlan\u0131r. Not bir k\u00e2\u015fife aittir ve d\u00fcnyan\u0131n merkezine yap\u0131lan bir yolculukla ilgilidir. Profes\u00f6r ve ye\u011feni Axel, k\u00e2\u015fifin izini s\u00fcrmeye ba\u015flad\u0131klar\u0131nda kendilerini ak\u0131l almaz olaylar\u0131n i\u00e7inde bulurlar. \ufffcTan\u0131t\u0131m Metni<\/p>\n","protected":false},"excerpt":{"rendered":"<p>D\u00fcnyan\u0131n Merkezine Yolculuk, Jules Verne\u2019in en \u00fcnl\u00fc eserlerinden biridir. Profes\u00f6r Liedenbrock, el yazmas\u0131 eski bir kitab\u0131n i\u00e7inde \u015fifreli bir not bulunca \u00e7ok heyecanlan\u0131r. Not bir k\u00e2\u015fife<span class=\"excerpt-hellip\"> [\u2026]<\/span><\/p>\n","protected":false},"featured_media":0,"template":"","meta":{"_monsterinsights_skip_tracking":false,"_monsterinsights_sitenote_active":false,"_monsterinsights_sitenote_note":"","_monsterinsights_sitenote_category":0},"product_brand":[],"product_cat":[12275,12274],"product_tag":[],"class_list":{"0":"post-708758","1":"product","2":"type-product","3":"status-publish","5":"product_cat-6-12-yas-kitaplari","6":"product_cat-cocuk-ve-genclik-kitaplari","7":"pa_cilt-ciltsiz","8":"pa_tur-kitap","9":"pa_yayinevi-arkadas-yayinlari","10":"pa_yazar-jules-verne","12":"first","13":"instock","14":"sale","15":"shipping-taxable","16":"purchasable","17":"product-type-simple"},"_links":{"self":[{"href":"https:\/\/roveyayinevi.com.tr\/index.php\/wp-json\/wp\/v2\/product\/708758","targetHints":{"allow":["GET"]}}],"collection":[{"href":"https:\/\/roveyayinevi.com.tr\/index.php\/wp-json\/wp\/v2\/product"}],"about":[{"href":"https:\/\/roveyayinevi.com.tr\/index.php\/wp-json\/wp\/v2\/types\/product"}],"wp:attachment":[{"href":"https:\/\/roveyayinevi.com.tr\/index.php\/wp-json\/wp\/v2\/media?parent=708758"}],"wp:term":[{"taxonomy":"product_brand","embeddable":true,"href":"https:\/\/roveyayinevi.com.tr\/index.php\/wp-json\/wp\/v2\/product_brand?post=708758"},{"taxonomy":"product_cat","embeddable":true,"href":"https:\/\/roveyayinevi.com.tr\/index.php\/wp-json\/wp\/v2\/product_cat?post=708758"},{"taxonomy":"product_tag","embeddable":true,"href":"https:\/\/roveyayinevi.com.tr\/index.php\/wp-json\/wp\/v2\/product_tag?post=708758"}],"curies":[{"name":"wp","href":"https:\/\/api.w.org\/{rel}","templated":true}]}}