{"id":708757,"date":"2025-08-27T16:18:08","date_gmt":"2025-08-27T13:18:08","guid":{"rendered":"https:\/\/roveyayinevi.com.tr\/index.php\/urun\/aile-danismanligi-uygulamalari\/"},"modified":"2026-04-16T02:17:33","modified_gmt":"2026-04-15T23:17:33","slug":"aile-danismanligi-uygulamalari","status":"publish","type":"product","link":"https:\/\/roveyayinevi.com.tr\/index.php\/urun\/aile-danismanligi-uygulamalari\/","title":{"rendered":"Aile Dan\u0131\u015fmanl\u0131\u011f\u0131 Uygulamalar\u0131"},"content":{"rendered":"<p>\u00dclkemizde 2000&#8217;li y\u0131llardan itibaren toplumsal yap\u0131daki de\u011fi\u015fime ba\u011fl\u0131 olarak, ailelerin deste\u011fe ihtiyac\u0131 artm\u0131\u015f; aile dan\u0131\u015fma merkezlerinde, okullarda, \u00fcniversite ve benzer kurumlar\u0131n psikolojik dan\u0131\u015fma merkezlerinde \u00e7al\u0131\u015fabilecek, yetkin aile dan\u0131\u015fmanlar\u0131na ihtiya\u00e7 vard\u0131r. Bu kitap, Mesleki Yeterlik Kurulu&#8217;nun tan\u0131mlad\u0131\u011f\u0131 aile dan\u0131\u015fman\u0131n\u0131n yeti\u015fme s\u00fcrecini desteklemek i\u00e7in yaz\u0131lm\u0131\u015ft\u0131r. Kitaptan, lisans ve lisans \u00fcst\u00fc programlarda \u201caile dan\u0131\u015fmanl\u0131\u011f\u0131\u201d dersinde \u00f6\u011frenciler; sahada aile ile \u00e7al\u0131\u015fan profesyoneller, mesleki yetkinlerini geli\u015ftirmek i\u00e7in yararlanabilir. Bu kitapta, kendi tarz\u0131m\u0131 okuyucu ile payla\u015f\u0131yorum. Biz psikolojik dan\u0131\u015fmanlar, lisans e\u011fitimimizden itibaren Carl Rogers&#8217;in dan\u0131\u015fan merkezli kuram\u0131 temelli e\u011fitim al\u0131r\u0131z. Benimde temel e\u011fitimim bu do\u011frultuda olup; sistem perspektifi ile, \u00f6zellikle geleneksel aile kuramc\u0131lar\u0131n\u0131n (Bowen, Minuchin, Satir ve Haley) g\u00f6r\u00fc\u015flerini &#8216;PDR&#8217;ci bak\u0131\u015f a\u00e7\u0131s\u0131&#8217; ile harmanlad\u0131m. Ayr\u0131ca, pozitif psikoloji ekol\u00fcn\u00fc aile dan\u0131\u015fmanlar\u0131n\u0131n benimsemesi; geli\u015fimsel-\u00f6nleyici yakla\u015f\u0131mla ailelerin g\u00fc\u00e7l\u00fc yanlar\u0131na odaklanarak, aile ya\u015fam kalitelerini art\u0131rmalar\u0131 gerekti\u011fini savunuyorum. Kitapta be\u015f vakaya yer verilmi\u015ftir. \u0130lk \u00fc\u00e7 vaka, \u00f6\u011frencilerimin benim s\u00fcperviz\u00f6rl\u00fc\u011f\u00fcmde y\u00fcr\u00fctt\u00fc\u011f\u00fc \u00e7al\u0131\u015fmalar\u0131na aittir. Vaka-4 benim bo\u015fanma s\u00fcrecinde tek e\u015fle sekiz ay s\u00fcren \u00e7al\u0131\u015fmama; Vaka-5, benim bir aile ile iki y\u0131l ve 20 seans y\u00fcr\u00fctt\u00fc\u011f\u00fcm bir \u00e7al\u0131\u015fman\u0131n raporudur. \u00c7al\u0131\u015f\u0131lan vakalar, k\u0131sa bilgi notlar\u0131 ile okuyucuya aktar\u0131lm\u0131\u015ft\u0131r. <\/p>\n","protected":false},"excerpt":{"rendered":"<p>\u00dclkemizde 2000&#8217;li y\u0131llardan itibaren toplumsal yap\u0131daki de\u011fi\u015fime ba\u011fl\u0131 olarak, ailelerin deste\u011fe ihtiyac\u0131 artm\u0131\u015f; aile dan\u0131\u015fma merkezlerinde, okullarda, \u00fcniversite ve benzer kurumlar\u0131n psikolojik dan\u0131\u015fma merkezlerinde \u00e7al\u0131\u015fabilecek, yetkin<span class=\"excerpt-hellip\"> [\u2026]<\/span><\/p>\n","protected":false},"featured_media":0,"template":"","meta":{"_monsterinsights_skip_tracking":false,"_monsterinsights_sitenote_active":false,"_monsterinsights_sitenote_note":"","_monsterinsights_sitenote_category":0},"product_brand":[],"product_cat":[12835,12324],"product_tag":[],"class_list":{"0":"post-708757","1":"product","2":"type-product","3":"status-publish","5":"product_cat-genel-sosyoloji","6":"product_cat-sosyoloji","7":"pa_cilt-ciltsiz","8":"pa_tur-kitap","9":"pa_yayinevi-ani-yayincilik","10":"pa_yazar-serap-nazli","12":"first","13":"instock","14":"sale","15":"shipping-taxable","16":"purchasable","17":"product-type-simple"},"_links":{"self":[{"href":"https:\/\/roveyayinevi.com.tr\/index.php\/wp-json\/wp\/v2\/product\/708757","targetHints":{"allow":["GET"]}}],"collection":[{"href":"https:\/\/roveyayinevi.com.tr\/index.php\/wp-json\/wp\/v2\/product"}],"about":[{"href":"https:\/\/roveyayinevi.com.tr\/index.php\/wp-json\/wp\/v2\/types\/product"}],"wp:attachment":[{"href":"https:\/\/roveyayinevi.com.tr\/index.php\/wp-json\/wp\/v2\/media?parent=708757"}],"wp:term":[{"taxonomy":"product_brand","embeddable":true,"href":"https:\/\/roveyayinevi.com.tr\/index.php\/wp-json\/wp\/v2\/product_brand?post=708757"},{"taxonomy":"product_cat","embeddable":true,"href":"https:\/\/roveyayinevi.com.tr\/index.php\/wp-json\/wp\/v2\/product_cat?post=708757"},{"taxonomy":"product_tag","embeddable":true,"href":"https:\/\/roveyayinevi.com.tr\/index.php\/wp-json\/wp\/v2\/product_tag?post=708757"}],"curies":[{"name":"wp","href":"https:\/\/api.w.org\/{rel}","templated":true}]}}