{"id":708756,"date":"2025-08-27T16:18:07","date_gmt":"2025-08-27T13:18:07","guid":{"rendered":"https:\/\/roveyayinevi.com.tr\/index.php\/urun\/seruven-pesinde-uzayin-tutsaklari\/"},"modified":"2026-04-16T02:17:33","modified_gmt":"2026-04-15T23:17:33","slug":"seruven-pesinde-uzayin-tutsaklari","status":"publish","type":"product","link":"https:\/\/roveyayinevi.com.tr\/index.php\/urun\/seruven-pesinde-uzayin-tutsaklari\/","title":{"rendered":"Ser\u00fcven Pe\u015finde Uzay\u0131n Tutsaklar\u0131"},"content":{"rendered":"<p>Marmara Denizi&#8217;nde, o g\u00fcne kadar ya\u015fanmam\u0131\u015f garip  olaylar g\u00f6r\u00fclmekteydi. Sular\u0131n metrelerce \u00e7ekilmesi,  kaybolan yunuslar, yok olan deniz \u00e7iftlikleri&#8230; Acaba  denizlerde b\u00fct\u00fcn bu olup bitenlerin sebebi neydi?  Arkada\u015flar\u0131 Targo ileTarga&#8217;n\u0131n \u00e7a\u011fr\u0131s\u0131 \u00fczerine Deniz Kentlilerin yard\u0131m\u0131na ko\u015fan kahramanlar\u0131m\u0131z, kendilerini  hi\u00e7 ummad\u0131klar\u0131 anda, bir uzay gemisinin i\u00e7inde ve  uzay\u0131n derinliklerinde bulurlar. Yaban\u0131l yarat\u0131klarla ilkel  insanlar\u0131n egemen oldu\u011fu bir d\u00fcnyada, benzersiz bir  ser\u00fcven ya\u015farlar. Gezegenleri yok olmu\u015f bir halka, yeni  bir hayata ba\u015flayabilmeleri i\u00e7in destek olurlar.  G\u00fc\u00e7l\u00fc dostluklar kurduklar\u0131 uzaydan, yine b\u00fcy\u00fck bir  ba\u015far\u0131yla d\u00f6nerler. Bu benzersiz ser\u00fcvende, siz de  Ufakl\u0131k ve Gizem&#8217;le birlikte, heyecan dolu anlar  ya\u015fayacaks\u0131n\u0131z. O zaman;  HAYD\u0130 \u00c7OCUKLAR, SER\u00dcVEN PE\u015e\u0130NE&#8230; <\/p>\n","protected":false},"excerpt":{"rendered":"<p>Marmara Denizi&#8217;nde, o g\u00fcne kadar ya\u015fanmam\u0131\u015f garip olaylar g\u00f6r\u00fclmekteydi. Sular\u0131n metrelerce \u00e7ekilmesi, kaybolan yunuslar, yok olan deniz \u00e7iftlikleri&#8230; Acaba denizlerde b\u00fct\u00fcn bu olup bitenlerin sebebi neydi?<span class=\"excerpt-hellip\"> [\u2026]<\/span><\/p>\n","protected":false},"featured_media":0,"template":"","meta":{"_monsterinsights_skip_tracking":false,"_monsterinsights_sitenote_active":false,"_monsterinsights_sitenote_note":"","_monsterinsights_sitenote_category":0},"product_brand":[],"product_cat":[12275,12274],"product_tag":[],"class_list":{"0":"post-708756","1":"product","2":"type-product","3":"status-publish","5":"product_cat-6-12-yas-kitaplari","6":"product_cat-cocuk-ve-genclik-kitaplari","7":"pa_cilt-ciltsiz","8":"pa_tur-kitap","9":"pa_yayinevi-genc-hayat","10":"pa_yazar-tuncel-altinkopru","12":"first","13":"instock","14":"sale","15":"shipping-taxable","16":"purchasable","17":"product-type-simple"},"_links":{"self":[{"href":"https:\/\/roveyayinevi.com.tr\/index.php\/wp-json\/wp\/v2\/product\/708756","targetHints":{"allow":["GET"]}}],"collection":[{"href":"https:\/\/roveyayinevi.com.tr\/index.php\/wp-json\/wp\/v2\/product"}],"about":[{"href":"https:\/\/roveyayinevi.com.tr\/index.php\/wp-json\/wp\/v2\/types\/product"}],"wp:attachment":[{"href":"https:\/\/roveyayinevi.com.tr\/index.php\/wp-json\/wp\/v2\/media?parent=708756"}],"wp:term":[{"taxonomy":"product_brand","embeddable":true,"href":"https:\/\/roveyayinevi.com.tr\/index.php\/wp-json\/wp\/v2\/product_brand?post=708756"},{"taxonomy":"product_cat","embeddable":true,"href":"https:\/\/roveyayinevi.com.tr\/index.php\/wp-json\/wp\/v2\/product_cat?post=708756"},{"taxonomy":"product_tag","embeddable":true,"href":"https:\/\/roveyayinevi.com.tr\/index.php\/wp-json\/wp\/v2\/product_tag?post=708756"}],"curies":[{"name":"wp","href":"https:\/\/api.w.org\/{rel}","templated":true}]}}