{"id":708755,"date":"2025-08-27T16:18:06","date_gmt":"2025-08-27T13:18:06","guid":{"rendered":"https:\/\/roveyayinevi.com.tr\/index.php\/urun\/seruven-pesinde-yedi-bela-cetesi\/"},"modified":"2026-04-16T02:17:33","modified_gmt":"2026-04-15T23:17:33","slug":"seruven-pesinde-yedi-bela-cetesi","status":"publish","type":"product","link":"https:\/\/roveyayinevi.com.tr\/index.php\/urun\/seruven-pesinde-yedi-bela-cetesi\/","title":{"rendered":"Ser\u00fcven Pe\u015finde Yedi Bela \u00c7etesi"},"content":{"rendered":"<p>\u0130stanbul halk\u0131, kapka\u00e7, soygun, uyu\u015fturucu, kumar ve ter\u00f6r  \u00f6rg\u00fctlerinin pen\u00e7esinde k\u0131vranmaktad\u0131r. Her g\u00fcn yeni olaylar,  her g\u00fcn yeni kurbanlar&#8230;  Ufakl\u0131kla Gizem de, bir okul \u00e7\u0131k\u0131\u015f\u0131 kaykayl\u0131 kapka\u00e7\u00e7\u0131lar\u0131n  sald\u0131r\u0131s\u0131na u\u011frarlar. Ufakl\u0131k g\u00f6zlerini bir hastane odas\u0131nda a\u00e7ar.  Gizem&#8217;se kay\u0131pt\u0131r. Onu ka\u00e7\u0131ranlar, ya\u015fam\u0131 kar\u015f\u0131l\u0131\u011f\u0131nda  ailesinden kurtulma paras\u0131 istemektedir.  Ufakl\u0131k iz s\u00fcrerek Gizem&#8217;in kapat\u0131ld\u0131\u011f\u0131 yere ula\u015f\u0131r. Ser\u00fcven  filmlerini aratmayacak bir m\u00fccadele sonras\u0131nda arkada\u015f\u0131n\u0131  kurtarmay\u0131 ba\u015far\u0131r. Ancak bundan sonra ne olaylar onlar\u0131n  pe\u015fini b\u0131rak\u0131r ne de onlar olaylar\u0131n pe\u015fini&#8230;  Kar\u015f\u0131lar\u0131nda, \u0130stanbul&#8217;daki b\u00fct\u00fcn su\u00e7 \u00e7etelerini tek elden  y\u00f6neten b\u00fcy\u00fck bir su\u00e7 \u00f6rg\u00fct\u00fc vard\u0131r. Ba\u015f\u0131nda da, hi\u00e7 kimsenin  \u00f6ng\u00f6remedi\u011fibiri&#8230;  Kahramanlar\u0131m\u0131z Gizem ve Ufakl\u0131k bu ser\u00fcvende tehlikeden  tehlikeye at\u0131l\u0131rlar. B\u00fcy\u00fck bir inan\u00e7 ve kararl\u0131l\u0131kla iz s\u00fcrerek  \u0130stanbul&#8217;un, bu b\u00fcy\u00fck su\u00e7 \u00f6rg\u00fct\u00fcn\u00fcn pen\u00e7esinden  kurtulmas\u0131na yard\u0131mc\u0131 olurlar.  Siz de, bu soluk kesici ser\u00fcveni Ufakl\u0131k ve Gizem&#8217;le birlikte  ya\u015famaya ne dersiniz? O zaman;  HAYD\u0130 \u00c7OCUKLAR, SER\u00dcVEN PE\u015e\u0130NE&#8230; <\/p>\n","protected":false},"excerpt":{"rendered":"<p>\u0130stanbul halk\u0131, kapka\u00e7, soygun, uyu\u015fturucu, kumar ve ter\u00f6r \u00f6rg\u00fctlerinin pen\u00e7esinde k\u0131vranmaktad\u0131r. Her g\u00fcn yeni olaylar, her g\u00fcn yeni kurbanlar&#8230; Ufakl\u0131kla Gizem de, bir okul \u00e7\u0131k\u0131\u015f\u0131 kaykayl\u0131<span class=\"excerpt-hellip\"> [\u2026]<\/span><\/p>\n","protected":false},"featured_media":0,"template":"","meta":{"_monsterinsights_skip_tracking":false,"_monsterinsights_sitenote_active":false,"_monsterinsights_sitenote_note":"","_monsterinsights_sitenote_category":0},"product_brand":[],"product_cat":[12275,12274],"product_tag":[],"class_list":{"0":"post-708755","1":"product","2":"type-product","3":"status-publish","5":"product_cat-6-12-yas-kitaplari","6":"product_cat-cocuk-ve-genclik-kitaplari","7":"pa_cilt-ciltsiz","8":"pa_tur-kitap","9":"pa_yayinevi-genc-hayat","10":"pa_yazar-tuncel-altinkopru","12":"first","13":"instock","14":"sale","15":"shipping-taxable","16":"purchasable","17":"product-type-simple"},"_links":{"self":[{"href":"https:\/\/roveyayinevi.com.tr\/index.php\/wp-json\/wp\/v2\/product\/708755","targetHints":{"allow":["GET"]}}],"collection":[{"href":"https:\/\/roveyayinevi.com.tr\/index.php\/wp-json\/wp\/v2\/product"}],"about":[{"href":"https:\/\/roveyayinevi.com.tr\/index.php\/wp-json\/wp\/v2\/types\/product"}],"wp:attachment":[{"href":"https:\/\/roveyayinevi.com.tr\/index.php\/wp-json\/wp\/v2\/media?parent=708755"}],"wp:term":[{"taxonomy":"product_brand","embeddable":true,"href":"https:\/\/roveyayinevi.com.tr\/index.php\/wp-json\/wp\/v2\/product_brand?post=708755"},{"taxonomy":"product_cat","embeddable":true,"href":"https:\/\/roveyayinevi.com.tr\/index.php\/wp-json\/wp\/v2\/product_cat?post=708755"},{"taxonomy":"product_tag","embeddable":true,"href":"https:\/\/roveyayinevi.com.tr\/index.php\/wp-json\/wp\/v2\/product_tag?post=708755"}],"curies":[{"name":"wp","href":"https:\/\/api.w.org\/{rel}","templated":true}]}}