{"id":708754,"date":"2025-08-27T16:18:06","date_gmt":"2025-08-27T13:18:06","guid":{"rendered":"https:\/\/roveyayinevi.com.tr\/index.php\/urun\/macera-gecidi-yasamak-icin\/"},"modified":"2026-04-16T02:17:33","modified_gmt":"2026-04-15T23:17:33","slug":"macera-gecidi-yasamak-icin","status":"publish","type":"product","link":"https:\/\/roveyayinevi.com.tr\/index.php\/urun\/macera-gecidi-yasamak-icin\/","title":{"rendered":"Macera Ge\u00e7idi Ya\u015famak \u0130\u00e7in"},"content":{"rendered":"<p>Bu macerada gen\u00e7 bir dedektifsiniz. Kimli\u011fi belirsiz biri; k\u00f6pe\u011fini ve maymununu bulman\u0131z kar\u015f\u0131l\u0131\u011f\u0131nda size tam iki milyon lira \u00f6neriyor. Ancak bu c\u00f6mert teklifi kabul etti\u011finiz anda \u00fczerinize kar\u015f\u0131 binadan ate\u015f a\u00e7\u0131l\u0131yor. Can\u0131n\u0131z\u0131 g\u00fc\u00e7l\u00fckle kurtar\u0131yor ve size ate\u015f eden kiral\u0131k katilin pe\u015fine d\u00fc\u015f\u00fcyorsunuz. Bu takip, sizi Anadolu Sel\u00e7uklular\u0131n\u0131n d\u00fcnyaca \u00fcnl\u00fc Kubatabat Saray\u0131&#8217;n\u0131n kal\u0131nt\u0131lar\u0131na g\u00f6t\u00fcr\u00fcyor. Burada tarihin en b\u00fcy\u00fck hazinelerinden birine ula\u015fabilir, ya\u015fam\u0131n\u0131z\u0131 \u00e7ok zengin ve \u00fcnl\u00fc biri olarak s\u00fcrd\u00fcrebilirsiniz. Ancak i\u00e7inden \u00e7\u0131k\u0131lmaz bir labirentte yolunuzu yitirip ac\u0131lar i\u00e7inde \u00f6lmeniz de olas\u0131&#8230; Bu kitapta tam 11 son var. Kimi iyi, kimi k\u00f6t\u00fc&#8230; Ba\u015f\u0131n\u0131za gelecekleri, sadece sizin verece\u011finiz kararlar belirleyecek. <\/p>\n","protected":false},"excerpt":{"rendered":"<p>Bu macerada gen\u00e7 bir dedektifsiniz. Kimli\u011fi belirsiz biri; k\u00f6pe\u011fini ve maymununu bulman\u0131z kar\u015f\u0131l\u0131\u011f\u0131nda size tam iki milyon lira \u00f6neriyor. Ancak bu c\u00f6mert teklifi kabul etti\u011finiz anda<span class=\"excerpt-hellip\"> [\u2026]<\/span><\/p>\n","protected":false},"featured_media":0,"template":"","meta":{"_monsterinsights_skip_tracking":false,"_monsterinsights_sitenote_active":false,"_monsterinsights_sitenote_note":"","_monsterinsights_sitenote_category":0},"product_brand":[],"product_cat":[12275,12274],"product_tag":[],"class_list":{"0":"post-708754","1":"product","2":"type-product","3":"status-publish","5":"product_cat-6-12-yas-kitaplari","6":"product_cat-cocuk-ve-genclik-kitaplari","7":"pa_cilt-ciltsiz","8":"pa_tur-kitap","9":"pa_yayinevi-hayat-yayinlari","10":"pa_yazar-tuncel-altinkopru","12":"first","13":"instock","14":"sale","15":"shipping-taxable","16":"purchasable","17":"product-type-simple"},"_links":{"self":[{"href":"https:\/\/roveyayinevi.com.tr\/index.php\/wp-json\/wp\/v2\/product\/708754","targetHints":{"allow":["GET"]}}],"collection":[{"href":"https:\/\/roveyayinevi.com.tr\/index.php\/wp-json\/wp\/v2\/product"}],"about":[{"href":"https:\/\/roveyayinevi.com.tr\/index.php\/wp-json\/wp\/v2\/types\/product"}],"wp:attachment":[{"href":"https:\/\/roveyayinevi.com.tr\/index.php\/wp-json\/wp\/v2\/media?parent=708754"}],"wp:term":[{"taxonomy":"product_brand","embeddable":true,"href":"https:\/\/roveyayinevi.com.tr\/index.php\/wp-json\/wp\/v2\/product_brand?post=708754"},{"taxonomy":"product_cat","embeddable":true,"href":"https:\/\/roveyayinevi.com.tr\/index.php\/wp-json\/wp\/v2\/product_cat?post=708754"},{"taxonomy":"product_tag","embeddable":true,"href":"https:\/\/roveyayinevi.com.tr\/index.php\/wp-json\/wp\/v2\/product_tag?post=708754"}],"curies":[{"name":"wp","href":"https:\/\/api.w.org\/{rel}","templated":true}]}}