{"id":708753,"date":"2025-08-27T16:18:06","date_gmt":"2025-08-27T13:18:06","guid":{"rendered":"https:\/\/roveyayinevi.com.tr\/index.php\/urun\/ruyalar-ve-mitler\/"},"modified":"2026-04-16T02:17:33","modified_gmt":"2026-04-15T23:17:33","slug":"ruyalar-ve-mitler","status":"publish","type":"product","link":"https:\/\/roveyayinevi.com.tr\/index.php\/urun\/ruyalar-ve-mitler\/","title":{"rendered":"R\u00fcyalar Ve Mitler"},"content":{"rendered":"<p>\u201cMit, bir halk\u0131n \u00e7ocuksu ruhsal ya\u015fam\u0131ndan kalan bir par\u00e7ad\u0131r, r\u00fcya ise bireyin mitidir.\u201d Psikanalizin kurucusu Sigmund Freud\u2019un sad\u0131k takip\u00e7ilerinden olan Karl Abraham, bu k\u0131sa \u00e7al\u0131\u015fmas\u0131nda mitler ve r\u00fcyalar aras\u0131ndaki benzerlikleri ortaya koyuyor. Bir taraftan, bireyin psikolojisiyle halk\u0131n psikolojisinin \u00f6zde\u015fli\u011fini vurgularken; di\u011fer taraftan, kadim halklar\u0131n mitlerinden ve analiz etti\u011fi r\u00fcyalardan verdi\u011fi \u00f6rneklerle bu \u00f6zde\u015fli\u011fin kan\u0131tlar\u0131n\u0131 sunuyor. <\/p>\n","protected":false},"excerpt":{"rendered":"<p>\u201cMit, bir halk\u0131n \u00e7ocuksu ruhsal ya\u015fam\u0131ndan kalan bir par\u00e7ad\u0131r, r\u00fcya ise bireyin mitidir.\u201d Psikanalizin kurucusu Sigmund Freud\u2019un sad\u0131k takip\u00e7ilerinden olan Karl Abraham, bu k\u0131sa \u00e7al\u0131\u015fmas\u0131nda mitler<span class=\"excerpt-hellip\"> [\u2026]<\/span><\/p>\n","protected":false},"featured_media":0,"template":"","meta":{"_monsterinsights_skip_tracking":false,"_monsterinsights_sitenote_active":false,"_monsterinsights_sitenote_note":"","_monsterinsights_sitenote_category":0},"product_brand":[],"product_cat":[12358,12357],"product_tag":[],"class_list":{"0":"post-708753","1":"product","2":"type-product","3":"status-publish","5":"product_cat-genel-psikoloji","6":"product_cat-psikoloji","7":"pa_cilt-ciltsiz","8":"pa_tur-kitap","9":"pa_yayinevi-pinhan-yayincilik","10":"pa_yazar-karl-abraham","12":"first","13":"instock","14":"sale","15":"shipping-taxable","16":"purchasable","17":"product-type-simple"},"_links":{"self":[{"href":"https:\/\/roveyayinevi.com.tr\/index.php\/wp-json\/wp\/v2\/product\/708753","targetHints":{"allow":["GET"]}}],"collection":[{"href":"https:\/\/roveyayinevi.com.tr\/index.php\/wp-json\/wp\/v2\/product"}],"about":[{"href":"https:\/\/roveyayinevi.com.tr\/index.php\/wp-json\/wp\/v2\/types\/product"}],"wp:attachment":[{"href":"https:\/\/roveyayinevi.com.tr\/index.php\/wp-json\/wp\/v2\/media?parent=708753"}],"wp:term":[{"taxonomy":"product_brand","embeddable":true,"href":"https:\/\/roveyayinevi.com.tr\/index.php\/wp-json\/wp\/v2\/product_brand?post=708753"},{"taxonomy":"product_cat","embeddable":true,"href":"https:\/\/roveyayinevi.com.tr\/index.php\/wp-json\/wp\/v2\/product_cat?post=708753"},{"taxonomy":"product_tag","embeddable":true,"href":"https:\/\/roveyayinevi.com.tr\/index.php\/wp-json\/wp\/v2\/product_tag?post=708753"}],"curies":[{"name":"wp","href":"https:\/\/api.w.org\/{rel}","templated":true}]}}