{"id":708751,"date":"2025-08-27T16:18:05","date_gmt":"2025-08-27T13:18:05","guid":{"rendered":"https:\/\/roveyayinevi.com.tr\/index.php\/urun\/iste-boyle-dedi-zerdust\/"},"modified":"2026-04-16T02:17:33","modified_gmt":"2026-04-15T23:17:33","slug":"iste-boyle-dedi-zerdust","status":"publish","type":"product","link":"https:\/\/roveyayinevi.com.tr\/index.php\/urun\/iste-boyle-dedi-zerdust\/","title":{"rendered":"\u0130\u015fte B\u00f6yle Dedi Zerd\u00fc\u015ft"},"content":{"rendered":"<p>Alman filozof Nietzsche&#8217;nin \u0130\u015fte B\u00f6yle Dedi Zerd\u00fc\u015ft&#8217;\u00fc Ahmet Cemal&#8217;in \u00e7evirisiyle T\u00fcrk\u00e7e&#8217;de.Yukar\u0131ya bakars\u0131n\u0131z y\u00fccelik istedi\u011finizde.Bana gelince, y\u00fcce oldu\u011fum i\u00e7in a\u015fa\u011f\u0131ya bakar\u0131m. \u0130\u00e7inizden hanginiz ayn\u0131 zamanda hem g\u00fclebilir hem de y\u00fcce olabilir? En y\u00fcksek da\u011flara \u00e7\u0131kan b\u00fct\u00fcn trajik oyunlara ve b\u00fct\u00fcn trajik ciddiliklere g\u00fcler.Zerd\u00fc\u015ft, okumak ve yazmak \u00fczerine, herkes ve hi\u00e7 kimse i\u00e7in bir kitap&#8230; <\/p>\n","protected":false},"excerpt":{"rendered":"<p>Alman filozof Nietzsche&#8217;nin \u0130\u015fte B\u00f6yle Dedi Zerd\u00fc\u015ft&#8217;\u00fc Ahmet Cemal&#8217;in \u00e7evirisiyle T\u00fcrk\u00e7e&#8217;de.Yukar\u0131ya bakars\u0131n\u0131z y\u00fccelik istedi\u011finizde.Bana gelince, y\u00fcce oldu\u011fum i\u00e7in a\u015fa\u011f\u0131ya bakar\u0131m. \u0130\u00e7inizden hanginiz ayn\u0131 zamanda hem g\u00fclebilir<span class=\"excerpt-hellip\"> [\u2026]<\/span><\/p>\n","protected":false},"featured_media":0,"template":"","meta":{"_monsterinsights_skip_tracking":false,"_monsterinsights_sitenote_active":false,"_monsterinsights_sitenote_note":"","_monsterinsights_sitenote_category":0},"product_brand":[],"product_cat":[19460,13527],"product_tag":[],"class_list":{"0":"post-708751","1":"product","2":"type-product","3":"status-publish","5":"product_cat-felsefe-sureli-yayinlar","6":"product_cat-sureli-yayinlar","7":"pa_cilt-ciltsiz","8":"pa_tur-kitap","9":"pa_yayinevi-pinhan-yayincilik","10":"pa_yazar-friedrich-nietzsche","12":"first","13":"instock","14":"sale","15":"shipping-taxable","16":"purchasable","17":"product-type-simple"},"_links":{"self":[{"href":"https:\/\/roveyayinevi.com.tr\/index.php\/wp-json\/wp\/v2\/product\/708751","targetHints":{"allow":["GET"]}}],"collection":[{"href":"https:\/\/roveyayinevi.com.tr\/index.php\/wp-json\/wp\/v2\/product"}],"about":[{"href":"https:\/\/roveyayinevi.com.tr\/index.php\/wp-json\/wp\/v2\/types\/product"}],"wp:attachment":[{"href":"https:\/\/roveyayinevi.com.tr\/index.php\/wp-json\/wp\/v2\/media?parent=708751"}],"wp:term":[{"taxonomy":"product_brand","embeddable":true,"href":"https:\/\/roveyayinevi.com.tr\/index.php\/wp-json\/wp\/v2\/product_brand?post=708751"},{"taxonomy":"product_cat","embeddable":true,"href":"https:\/\/roveyayinevi.com.tr\/index.php\/wp-json\/wp\/v2\/product_cat?post=708751"},{"taxonomy":"product_tag","embeddable":true,"href":"https:\/\/roveyayinevi.com.tr\/index.php\/wp-json\/wp\/v2\/product_tag?post=708751"}],"curies":[{"name":"wp","href":"https:\/\/api.w.org\/{rel}","templated":true}]}}