{"id":708746,"date":"2025-08-27T16:18:02","date_gmt":"2025-08-27T13:18:02","guid":{"rendered":"https:\/\/roveyayinevi.com.tr\/index.php\/urun\/egitim-hukuku\/"},"modified":"2026-04-16T02:17:32","modified_gmt":"2026-04-15T23:17:32","slug":"egitim-hukuku","status":"publish","type":"product","link":"https:\/\/roveyayinevi.com.tr\/index.php\/urun\/egitim-hukuku\/","title":{"rendered":"E\u011fitim Hukuku"},"content":{"rendered":"<p>E\u011fitim ve hukuk birbiriyle yak\u0131ndan ili\u015fkili iki kavram ve kurumdur. E\u011fitimin olmad\u0131\u011f\u0131 bir yerde hukuktan; hukukun olmad\u0131\u011f\u0131 bir yerde de e\u011fitimden s\u00f6z edilemez. Bu kar\u015f\u0131l\u0131kl\u0131 ili\u015fki, e\u011fitimli olmalar\u0131 sayesinde toplumu olu\u015fturan bireylerin hukuka uygun davranmas\u0131 ve toplumdaki hukuk kurallar\u0131n\u0131n e\u011fitim kurumlar\u0131n\u0131n i\u015fleyi\u015fini etkilemesi \u015feklinde ortaya \u00e7\u0131kar. \u00d6te yandan e\u011fitim bir toplumun kalk\u0131nmas\u0131nda rol oynayan en \u00f6nemli \u00f6\u011felerden biridir. Dolay\u0131s\u0131yla e\u011fitime y\u00f6n veren hukuk kurallar\u0131n\u0131n toplumun \u015fekillenmesinde hayati bir \u00f6nem ta\u015f\u0131d\u0131\u011f\u0131 s\u00f6ylenebilir. Hukuk sistemi i\u00e7inde olduk\u00e7a yeni bir hukuk dal\u0131 olarak ortaya \u00e7\u0131kan e\u011fitim hukuku, e\u011fitim \u00f6rg\u00fctlerinin i\u015fleyi\u015fini d\u00fczenlemeye ama\u00e7layan hukuk kurallar\u0131n\u0131n ele\u015ftirilmesi, de\u011ferlendirilmesi, yorumlanmas\u0131 ve tart\u0131\u015f\u0131lmas\u0131 gibi yollarla bu alandaki kurallar\u0131n daha iyiye ula\u015fmas\u0131na ve geli\u015fmesine yard\u0131mc\u0131 olur.Yurt d\u0131\u015f\u0131nda \u00f6zellikle de Anglo-Sakson hukuk \u00e7evresinde yer alan ABD ve \u0130ngiltere gibi \u00fclkelerde e\u011fitim hukuku ve bu hukuk dal\u0131n\u0131n bir uzant\u0131s\u0131 olan okul hukuku konusunda \u00e7ok say\u0131da eserin \u00fcretildi\u011fi ve bu eserlerde alan\u0131n kavramsal ve yasal \u00e7er\u00e7evesi kadar, alanla ilgili dava \u00f6rneklerine ve hukuksal sorun niteli\u011fi ta\u015f\u0131yan \u00f6rnek olaylara de\u011finildi\u011fi dikkati \u00e7ekmektedir. Ayn\u0131 \u00e7aban\u0131n T\u00fcrkiye i\u00e7in s\u00f6z konusu oldu\u011fu maalesef s\u00f6ylenemez; di\u011fer bir deyi\u015fle \u00fclkemizde e\u011fitim hukuku alan\u0131nda s\u0131n\u0131rl\u0131 say\u0131da ve dar kapsaml\u0131 \u00e7al\u0131\u015fmalar\u0131n oldu\u011fu ve dolay\u0131s\u0131yla \u00e7ok daha fazla \u00e7al\u0131\u015fmaya ihtiya\u00e7 duyuldu\u011fu ifade edilebilir. Dolay\u0131s\u0131yla hem e\u011fitimcilerin hem de hukuk\u00e7ular\u0131n e\u011fitim hukuku konusunda bireysel ya da ortak \u00e7al\u0131\u015fmalar yapmalar\u0131nda yarar vard\u0131r. Bu a\u00e7\u0131dan bak\u0131ld\u0131\u011f\u0131nda bu kitab\u0131n alandaki belirtilen bo\u015flu\u011fu doldurmay\u0131 ama\u00e7layan na\u00e7izane bir ad\u0131m oldu\u011fu s\u00f6ylenebilir.<\/p>\n","protected":false},"excerpt":{"rendered":"<p>E\u011fitim ve hukuk birbiriyle yak\u0131ndan ili\u015fkili iki kavram ve kurumdur. E\u011fitimin olmad\u0131\u011f\u0131 bir yerde hukuktan; hukukun olmad\u0131\u011f\u0131 bir yerde de e\u011fitimden s\u00f6z edilemez. Bu kar\u015f\u0131l\u0131kl\u0131 ili\u015fki,<span class=\"excerpt-hellip\"> [\u2026]<\/span><\/p>\n","protected":false},"featured_media":0,"template":"","meta":{"_monsterinsights_skip_tracking":false,"_monsterinsights_sitenote_active":false,"_monsterinsights_sitenote_note":"","_monsterinsights_sitenote_category":0},"product_brand":[],"product_cat":[12573,12566],"product_tag":[],"class_list":{"0":"post-708746","1":"product","2":"type-product","3":"status-publish","5":"product_cat-akademik-kitaplar","6":"product_cat-egitim","7":"pa_cilt-ciltsiz","8":"pa_tur-kitap","9":"pa_yayinevi-siyasal-kitabevi-akademik-kitaplar","10":"pa_yazar-yasemin-karaman-kepenekci","12":"first","13":"instock","14":"sale","15":"shipping-taxable","16":"purchasable","17":"product-type-simple"},"_links":{"self":[{"href":"https:\/\/roveyayinevi.com.tr\/index.php\/wp-json\/wp\/v2\/product\/708746","targetHints":{"allow":["GET"]}}],"collection":[{"href":"https:\/\/roveyayinevi.com.tr\/index.php\/wp-json\/wp\/v2\/product"}],"about":[{"href":"https:\/\/roveyayinevi.com.tr\/index.php\/wp-json\/wp\/v2\/types\/product"}],"wp:attachment":[{"href":"https:\/\/roveyayinevi.com.tr\/index.php\/wp-json\/wp\/v2\/media?parent=708746"}],"wp:term":[{"taxonomy":"product_brand","embeddable":true,"href":"https:\/\/roveyayinevi.com.tr\/index.php\/wp-json\/wp\/v2\/product_brand?post=708746"},{"taxonomy":"product_cat","embeddable":true,"href":"https:\/\/roveyayinevi.com.tr\/index.php\/wp-json\/wp\/v2\/product_cat?post=708746"},{"taxonomy":"product_tag","embeddable":true,"href":"https:\/\/roveyayinevi.com.tr\/index.php\/wp-json\/wp\/v2\/product_tag?post=708746"}],"curies":[{"name":"wp","href":"https:\/\/api.w.org\/{rel}","templated":true}]}}