{"id":708745,"date":"2025-08-27T16:18:01","date_gmt":"2025-08-27T13:18:01","guid":{"rendered":"https:\/\/roveyayinevi.com.tr\/index.php\/urun\/evli-barkli-ciltli\/"},"modified":"2026-04-16T02:17:32","modified_gmt":"2026-04-15T23:17:32","slug":"evli-barkli-ciltli","status":"publish","type":"product","link":"https:\/\/roveyayinevi.com.tr\/index.php\/urun\/evli-barkli-ciltli\/","title":{"rendered":"Evli Barkl\u0131 (Ciltli)"},"content":{"rendered":"<p>\u201cEvli Barkl\u0131 yine alabildi\u011fine keyifli ve komik. Bu hepimizin istedi\u011fi son.\u201d \u2013Christina Lauren   Karmakar\u0131\u015f\u0131k, Darmada\u011f\u0131n\u0131k ve S\u0131k\u0131 F\u0131k\u0131\u2019n\u0131n New York Times \u00e7oksatan yazar\u0131 Emma Chase\u2019in kaleminden \u00e7\u0131kan ve seriyi finale ba\u011flayan bu romanda, Drew ile Kate yakla\u015fan d\u00fc\u011f\u00fcnlerini sab\u0131rs\u0131zl\u0131kla bekliyorlar fakat \u00f6nlerinde atlatmalar\u0131 gereken bir bek\u00e2rl\u0131\u011fa veda partisi var!   Hayat\u0131m boyunca hi\u00e7bir zaman evlilik hayalleri kurmad\u0131m. Ama Kate imk\u00e2ns\u0131z\u0131 ba\u015fard\u0131 ve beni de\u011fi\u015ftirdi. San\u0131r\u0131m daha \u00f6nce de tek kelimeyle harika oldu\u011fum konusunda siz de benim gibi d\u00fc\u015f\u00fcn\u00fcyorsunuz, biliyorum\u2026 ama itiraf etmeliyim ki \u015fimdi eskisinden bile iyiyim! Bug\u00fcne uzanan yolculukta ne badireler atlatt\u0131k ger\u00e7i. Ancak Yunan trajedilerinde g\u00f6r\u00fclebilecek pek \u00e7ok engelle, t\u00fcrl\u00fc hatayla ve yanl\u0131\u015f anla\u015f\u0131lmalarla u\u011fra\u015ft\u0131k durduk. Fakat birbirimize duydu\u011fumuz sonu gelmez arzu, s\u0131n\u0131r tan\u0131maz hayranl\u0131k ve bitmek t\u00fckenmek bilmeyen a\u015fkla bu zorluklar\u0131 geride b\u0131rakmay\u0131 ba\u015fard\u0131k. Bunlardan bahsetmi\u015fken, ge\u00e7en hafta sonu ya\u015fanan baz\u0131 beklenmedik geli\u015fmeler bir sorun te\u015fkil edebilirdi tabii. Bu\u2026 nas\u0131l desem\u2026 ge\u00e7mem gereken son s\u0131nav gibi bir \u015feydi. Akl\u0131n\u0131zdan ne ge\u00e7ti\u011fini biliyorum: Bu sefer ne yapt\u0131n Tanr\u0131 a\u015fk\u0131na! Ama hemen k\u00f6p\u00fcrmeyin. Beni yarg\u0131lamadan ve had\u0131m edilmemi talep etmeden \u00f6nce olup bitenleri bir dinleyin.                        \u015eimdi haz\u0131rsan\u0131z \u00e7\u0131lg\u0131n bir yolculu\u011fa \u00e7\u0131k\u0131yoruz. Zaten ba\u015fka ne bekliyordunuz ki? <\/p>\n","protected":false},"excerpt":{"rendered":"<p>\u201cEvli Barkl\u0131 yine alabildi\u011fine keyifli ve komik. Bu hepimizin istedi\u011fi son.\u201d \u2013Christina Lauren Karmakar\u0131\u015f\u0131k, Darmada\u011f\u0131n\u0131k ve S\u0131k\u0131 F\u0131k\u0131\u2019n\u0131n New York Times \u00e7oksatan yazar\u0131 Emma Chase\u2019in kaleminden<span class=\"excerpt-hellip\"> [\u2026]<\/span><\/p>\n","protected":false},"featured_media":0,"template":"","meta":{"_monsterinsights_skip_tracking":false,"_monsterinsights_sitenote_active":false,"_monsterinsights_sitenote_note":"","_monsterinsights_sitenote_category":0},"product_brand":[],"product_cat":[12291,12711],"product_tag":[],"class_list":{"0":"post-708745","1":"product","2":"type-product","3":"status-publish","5":"product_cat-edebiyat","6":"product_cat-roman-oyku","7":"pa_cilt-ciltli","8":"pa_tur-kitap","9":"pa_yayinevi-ephesus-yayinlari","10":"pa_yazar-emma-chase","12":"first","13":"instock","14":"sale","15":"shipping-taxable","16":"purchasable","17":"product-type-simple"},"_links":{"self":[{"href":"https:\/\/roveyayinevi.com.tr\/index.php\/wp-json\/wp\/v2\/product\/708745","targetHints":{"allow":["GET"]}}],"collection":[{"href":"https:\/\/roveyayinevi.com.tr\/index.php\/wp-json\/wp\/v2\/product"}],"about":[{"href":"https:\/\/roveyayinevi.com.tr\/index.php\/wp-json\/wp\/v2\/types\/product"}],"wp:attachment":[{"href":"https:\/\/roveyayinevi.com.tr\/index.php\/wp-json\/wp\/v2\/media?parent=708745"}],"wp:term":[{"taxonomy":"product_brand","embeddable":true,"href":"https:\/\/roveyayinevi.com.tr\/index.php\/wp-json\/wp\/v2\/product_brand?post=708745"},{"taxonomy":"product_cat","embeddable":true,"href":"https:\/\/roveyayinevi.com.tr\/index.php\/wp-json\/wp\/v2\/product_cat?post=708745"},{"taxonomy":"product_tag","embeddable":true,"href":"https:\/\/roveyayinevi.com.tr\/index.php\/wp-json\/wp\/v2\/product_tag?post=708745"}],"curies":[{"name":"wp","href":"https:\/\/api.w.org\/{rel}","templated":true}]}}