{"id":708744,"date":"2025-08-27T16:18:01","date_gmt":"2025-08-27T13:18:01","guid":{"rendered":"https:\/\/roveyayinevi.com.tr\/index.php\/urun\/cumhuriyet-isiginda-soylesiler\/"},"modified":"2026-04-16T02:17:32","modified_gmt":"2026-04-15T23:17:32","slug":"cumhuriyet-isiginda-soylesiler","status":"publish","type":"product","link":"https:\/\/roveyayinevi.com.tr\/index.php\/urun\/cumhuriyet-isiginda-soylesiler\/","title":{"rendered":"Cumhuriyet I\u015f\u0131\u011f\u0131nda S\u00f6yle\u015filer"},"content":{"rendered":"<p>T\u00fcrkiye Cumhuriyeti, g\u00fcnl\u00fck ya\u015famdan sanata her alanda \u00e7ok \u00f6nemli bir d\u00f6n\u00fc\u015f\u00fcm s\u00fcreci ge\u00e7iriyor&#8230; Bask\u0131 ve sans\u00fcrle susturulmak istenen sanat\u00e7\u0131lar ve gazeteciler i\u015fsiz b\u0131rak\u0131l\u0131yor, \u00fcretim olanaklar\u0131 k\u0131s\u0131tlan\u0131yor&#8230; \u00c7a\u011fda\u015f T\u00fcrkiye i\u00e7in \u00fcrettikleri eserleri ve duru\u015flar\u0131yla \u00f6rnek olu\u015fturan Emre Kongar, Soner Yal\u00e7\u0131n, Sumru Yavrucuk, Faz\u0131l Say, Barbaros \u015eansal, Mert F\u0131rat, Genco Erkal ve Z\u00fclf\u00fc Livaneli gibi pek \u00e7ok sanat\u00e7\u0131 ve yazar bu noktaya ad\u0131m ad\u0131m nas\u0131l gelindi\u011fini anlat\u0131yor.  Cumhuriyet\u2019in kurulu\u015fundan g\u00fcn\u00fcm\u00fcze kadar neler de\u011fi\u015fti, sanat\u00e7\u0131lar ve yazarlar de\u011fi\u015fimden nas\u0131l etkilendi, bundan sonra ne olur gibi sorular\u0131n yan\u0131tlar\u0131n\u0131 ar\u0131yor bu kitap. Gelecek nesiller i\u00e7in sanattan siyasete son d\u00f6nemin kayd\u0131n\u0131 tutmay\u0131 ama\u00e7l\u0131yor. Umutsuz, y\u0131lg\u0131n ve korku dolu g\u00fcnlerin i\u00e7indeki okura da yaln\u0131z olmad\u0131\u011f\u0131n\u0131 f\u0131s\u0131ld\u0131yor&#8230; <\/p>\n","protected":false},"excerpt":{"rendered":"<p>T\u00fcrkiye Cumhuriyeti, g\u00fcnl\u00fck ya\u015famdan sanata her alanda \u00e7ok \u00f6nemli bir d\u00f6n\u00fc\u015f\u00fcm s\u00fcreci ge\u00e7iriyor&#8230; Bask\u0131 ve sans\u00fcrle susturulmak istenen sanat\u00e7\u0131lar ve gazeteciler i\u015fsiz b\u0131rak\u0131l\u0131yor, \u00fcretim olanaklar\u0131 k\u0131s\u0131tlan\u0131yor&#8230;<span class=\"excerpt-hellip\"> [\u2026]<\/span><\/p>\n","protected":false},"featured_media":0,"template":"","meta":{"_monsterinsights_skip_tracking":false,"_monsterinsights_sitenote_active":false,"_monsterinsights_sitenote_note":"","_monsterinsights_sitenote_category":0},"product_brand":[],"product_cat":[18545,12291],"product_tag":[],"class_list":{"0":"post-708744","1":"product","2":"type-product","3":"status-publish","5":"product_cat-anlati","6":"product_cat-edebiyat","7":"pa_cilt-ciltsiz","8":"pa_tur-kitap","9":"pa_yayinevi-kirmizi-kedi-yayinevi","10":"pa_yazar-ozlem-ozdemir","12":"first","13":"instock","14":"sale","15":"shipping-taxable","16":"purchasable","17":"product-type-simple"},"_links":{"self":[{"href":"https:\/\/roveyayinevi.com.tr\/index.php\/wp-json\/wp\/v2\/product\/708744","targetHints":{"allow":["GET"]}}],"collection":[{"href":"https:\/\/roveyayinevi.com.tr\/index.php\/wp-json\/wp\/v2\/product"}],"about":[{"href":"https:\/\/roveyayinevi.com.tr\/index.php\/wp-json\/wp\/v2\/types\/product"}],"wp:attachment":[{"href":"https:\/\/roveyayinevi.com.tr\/index.php\/wp-json\/wp\/v2\/media?parent=708744"}],"wp:term":[{"taxonomy":"product_brand","embeddable":true,"href":"https:\/\/roveyayinevi.com.tr\/index.php\/wp-json\/wp\/v2\/product_brand?post=708744"},{"taxonomy":"product_cat","embeddable":true,"href":"https:\/\/roveyayinevi.com.tr\/index.php\/wp-json\/wp\/v2\/product_cat?post=708744"},{"taxonomy":"product_tag","embeddable":true,"href":"https:\/\/roveyayinevi.com.tr\/index.php\/wp-json\/wp\/v2\/product_tag?post=708744"}],"curies":[{"name":"wp","href":"https:\/\/api.w.org\/{rel}","templated":true}]}}