{"id":708740,"date":"2025-08-27T16:17:59","date_gmt":"2025-08-27T13:17:59","guid":{"rendered":"https:\/\/roveyayinevi.com.tr\/index.php\/urun\/kor-suikastci\/"},"modified":"2026-04-16T02:17:32","modified_gmt":"2026-04-15T23:17:32","slug":"kor-suikastci","status":"publish","type":"product","link":"https:\/\/roveyayinevi.com.tr\/index.php\/urun\/kor-suikastci\/","title":{"rendered":"K\u00f6r Suikast\u00e7\u0131"},"content":{"rendered":"<p>\u0130ntihar, a\u015fk, \u00f6l\u00fcm, ihanet sarmal\u0131nda bir ailenin \u00e7\u00f6k\u00fc\u015f destan\u0131 \u201cA\u015fk bir su\u00e7tur, ama olmamas\u0131 daha b\u00fcy\u00fck bir su\u00e7tur.\u201d \u0130ki d\u00fcnya sava\u015f\u0131 aras\u0131nda, babalar\u0131 d\u00fc\u011fme fabrikas\u0131 sahibi olan ve b\u00fcy\u00fcme y\u0131llar\u0131n\u0131 annesiz ge\u00e7iren iki k\u0131z karde\u015f\u2026 Iris, krizin bedelini ailesi ad\u0131na \u00f6deyip zengin Richard Griffen\u2019le evlenecek, Laura ise arkas\u0131nda ac\u0131l\u0131 bir s\u0131rr\u0131 ve k\u00f6r bir suikast\u00e7\u0131 taraf\u0131ndan ele ge\u00e7irilen \u015fehrin hik\u00e2yesini anlatt\u0131\u011f\u0131 distopik roman\u0131 K\u00f6r Suikast\u00e7\u0131\u2019y\u0131 b\u0131rakarak  intihar edecektir. Paran\u0131n, refah\u0131n ve sonsuz san\u0131lan aile mutlulu\u011funun \u00e7att\u0131\u011f\u0131 \u00e7at\u0131lar, y\u00fczy\u0131l\u0131 sarsan sava\u015flar\u0131n ve iki k\u0131z karde\u015fin tavan aras\u0131na saklad\u0131\u011f\u0131 sosyalist eylemcinin r\u00fczg\u00e2r\u0131yla yerle bir olmu\u015f, y\u0131k\u0131nt\u0131lardan geriye iki kad\u0131n\u0131n par\u00e7alanm\u0131\u015f, ger\u00e7ekle\u015fmemi\u015f, s\u0131rlarla dolu hayatlar\u0131 kalm\u0131\u015ft\u0131r. Atwood\u2019un roman i\u00e7inde roman tekni\u011fiyle anlatt\u0131\u011f\u0131 Booker \u00d6d\u00fcll\u00fc aile \u00f6yk\u00fcs\u00fc, insan trajedisinin bug\u00fcn ve gelecekteki y\u00fcz\u00fcn\u00fc yans\u0131tan e\u015fsiz bir yap\u0131t. <\/p>\n","protected":false},"excerpt":{"rendered":"<p>\u0130ntihar, a\u015fk, \u00f6l\u00fcm, ihanet sarmal\u0131nda bir ailenin \u00e7\u00f6k\u00fc\u015f destan\u0131 \u201cA\u015fk bir su\u00e7tur, ama olmamas\u0131 daha b\u00fcy\u00fck bir su\u00e7tur.\u201d \u0130ki d\u00fcnya sava\u015f\u0131 aras\u0131nda, babalar\u0131 d\u00fc\u011fme fabrikas\u0131 sahibi<span class=\"excerpt-hellip\"> [\u2026]<\/span><\/p>\n","protected":false},"featured_media":0,"template":"","meta":{"_monsterinsights_skip_tracking":false,"_monsterinsights_sitenote_active":false,"_monsterinsights_sitenote_note":"","_monsterinsights_sitenote_category":0},"product_brand":[],"product_cat":[12291,12711],"product_tag":[],"class_list":{"0":"post-708740","1":"product","2":"type-product","3":"status-publish","5":"product_cat-edebiyat","6":"product_cat-roman-oyku","7":"pa_cilt-ciltsiz","8":"pa_tur-kitap","9":"pa_yayinevi-dogan-kitap","10":"pa_yazar-margaret-atwood","12":"first","13":"instock","14":"sale","15":"shipping-taxable","16":"purchasable","17":"product-type-simple"},"_links":{"self":[{"href":"https:\/\/roveyayinevi.com.tr\/index.php\/wp-json\/wp\/v2\/product\/708740","targetHints":{"allow":["GET"]}}],"collection":[{"href":"https:\/\/roveyayinevi.com.tr\/index.php\/wp-json\/wp\/v2\/product"}],"about":[{"href":"https:\/\/roveyayinevi.com.tr\/index.php\/wp-json\/wp\/v2\/types\/product"}],"wp:attachment":[{"href":"https:\/\/roveyayinevi.com.tr\/index.php\/wp-json\/wp\/v2\/media?parent=708740"}],"wp:term":[{"taxonomy":"product_brand","embeddable":true,"href":"https:\/\/roveyayinevi.com.tr\/index.php\/wp-json\/wp\/v2\/product_brand?post=708740"},{"taxonomy":"product_cat","embeddable":true,"href":"https:\/\/roveyayinevi.com.tr\/index.php\/wp-json\/wp\/v2\/product_cat?post=708740"},{"taxonomy":"product_tag","embeddable":true,"href":"https:\/\/roveyayinevi.com.tr\/index.php\/wp-json\/wp\/v2\/product_tag?post=708740"}],"curies":[{"name":"wp","href":"https:\/\/api.w.org\/{rel}","templated":true}]}}