{"id":708738,"date":"2025-08-27T16:17:58","date_gmt":"2025-08-27T13:17:58","guid":{"rendered":"https:\/\/roveyayinevi.com.tr\/index.php\/urun\/memleket-yazilari-17-sulhte-cimri\/"},"modified":"2026-04-16T02:17:32","modified_gmt":"2026-04-15T23:17:32","slug":"memleket-yazilari-17-sulhte-cimri","status":"publish","type":"product","link":"https:\/\/roveyayinevi.com.tr\/index.php\/urun\/memleket-yazilari-17-sulhte-cimri\/","title":{"rendered":"Memleket Yaz\u0131lar\u0131 17 &#8211; Sulhte Cimri"},"content":{"rendered":"<p>Refik Halid Karay, 1939-1958 y\u0131llar\u0131 aras\u0131nda Tan, Ak\u015fam, Yeni \u0130stanbul ve Aydede\u2019deki d\u00fcnya siyaseti yaz\u0131lar\u0131yla f\u0131kra yazarl\u0131\u011f\u0131n\u0131n ve ironinin hakk\u0131yla nas\u0131l yap\u0131laca\u011f\u0131n\u0131 g\u00f6steriyor. Mizahi dilinden taviz vermeden d\u00fcnyan\u0131n sava\u015fa s\u00fcr\u00fckleni\u015fini anlat\u0131yor, avucunun i\u00e7i gibi bildi\u011fi Ortado\u011fu\u2019da s\u00fcren \u00e7at\u0131\u015fmalar\u0131 yorumluyor. \u0130kinci D\u00fcnya Sava\u015f\u0131\u2019n\u0131n ard\u0131ndan ise d\u00fcnyan\u0131n y\u00f6n\u00fcn\u00fcn nereye d\u00f6nece\u011fi \u00fczerine kalem oynat\u0131yor. Bunlar\u0131 yaparken siyasi akt\u00f6rleri de es ge\u00e7miyor; Churchill\u2019i alaya al\u0131yor, Hitler\u2019i yeriyor, Mussolini\u2019yi ele\u015ftiriyor. S\u0131ra sava\u015f k\u0131\u015fk\u0131rt\u0131c\u0131lar\u0131n\u0131n etraf\u0131nda birikenlere geldi\u011finde ise kalemini iyice sivriltiyor.Refik Halid Karay\u2019\u0131n d\u00fcnyadaki geli\u015fmelerin nabz\u0131n\u0131 tuttu\u011fu, bunu yaparken de e\u015fsiz bir kara mizah \u00f6rne\u011fi sergiledi\u011fi yaz\u0131lar\u0131 Sulhte Cimri Harpte M\u00fcsrif\u2019te okura sunuluyor\u2026 <\/p>\n","protected":false},"excerpt":{"rendered":"<p>Refik Halid Karay, 1939-1958 y\u0131llar\u0131 aras\u0131nda Tan, Ak\u015fam, Yeni \u0130stanbul ve Aydede\u2019deki d\u00fcnya siyaseti yaz\u0131lar\u0131yla f\u0131kra yazarl\u0131\u011f\u0131n\u0131n ve ironinin hakk\u0131yla nas\u0131l yap\u0131laca\u011f\u0131n\u0131 g\u00f6steriyor. Mizahi dilinden taviz<span class=\"excerpt-hellip\"> [\u2026]<\/span><\/p>\n","protected":false},"featured_media":0,"template":"","meta":{"_monsterinsights_skip_tracking":false,"_monsterinsights_sitenote_active":false,"_monsterinsights_sitenote_note":"","_monsterinsights_sitenote_category":0},"product_brand":[],"product_cat":[12291,12711],"product_tag":[],"class_list":{"0":"post-708738","1":"product","2":"type-product","3":"status-publish","5":"product_cat-edebiyat","6":"product_cat-roman-oyku","7":"pa_cilt-ciltsiz","8":"pa_tur-kitap","9":"pa_yayinevi-inkilap-kitabevi","10":"pa_yazar-refik-halid-karay","12":"first","13":"instock","14":"sale","15":"shipping-taxable","16":"purchasable","17":"product-type-simple"},"_links":{"self":[{"href":"https:\/\/roveyayinevi.com.tr\/index.php\/wp-json\/wp\/v2\/product\/708738","targetHints":{"allow":["GET"]}}],"collection":[{"href":"https:\/\/roveyayinevi.com.tr\/index.php\/wp-json\/wp\/v2\/product"}],"about":[{"href":"https:\/\/roveyayinevi.com.tr\/index.php\/wp-json\/wp\/v2\/types\/product"}],"wp:attachment":[{"href":"https:\/\/roveyayinevi.com.tr\/index.php\/wp-json\/wp\/v2\/media?parent=708738"}],"wp:term":[{"taxonomy":"product_brand","embeddable":true,"href":"https:\/\/roveyayinevi.com.tr\/index.php\/wp-json\/wp\/v2\/product_brand?post=708738"},{"taxonomy":"product_cat","embeddable":true,"href":"https:\/\/roveyayinevi.com.tr\/index.php\/wp-json\/wp\/v2\/product_cat?post=708738"},{"taxonomy":"product_tag","embeddable":true,"href":"https:\/\/roveyayinevi.com.tr\/index.php\/wp-json\/wp\/v2\/product_tag?post=708738"}],"curies":[{"name":"wp","href":"https:\/\/api.w.org\/{rel}","templated":true}]}}