{"id":708736,"date":"2025-08-27T16:17:57","date_gmt":"2025-08-27T13:17:57","guid":{"rendered":"https:\/\/roveyayinevi.com.tr\/index.php\/urun\/anne-beynim-ac\/"},"modified":"2026-04-16T02:17:32","modified_gmt":"2026-04-15T23:17:32","slug":"anne-beynim-ac","status":"publish","type":"product","link":"https:\/\/roveyayinevi.com.tr\/index.php\/urun\/anne-beynim-ac\/","title":{"rendered":"Anne Beynim A\u00e7"},"content":{"rendered":"<p>Hepimiz ba\u011flanmak i\u00e7in do\u011far\u0131z! Ba\u011flanmak, hayata tutunabilmektir. \u0130nsan ilk ba\u011flanma ili\u015fkisini ailesiyle kurar. Anne babayla \u00e7ocuk aras\u0131nda \u00fc\u00e7 farkl\u0131 ba\u011flanma bi\u00e7imi vard\u0131r: G\u00f6bek ba\u011f\u0131, kalp ba\u011f\u0131, beyin ba\u011f\u0131! G\u00f6bek ba\u011f\u0131 do\u011fmadan olu\u015fur, ekonomik ba\u011f\u0131ms\u0131zl\u0131kla biter! Kalp ba\u011f\u0131, do\u011fumla ba\u015flar, ergenlikte biraz sars\u0131l\u0131r, mesafelerle s\u0131nan\u0131r. Beyin ba\u011f\u0131 ise, duygular kadar anlamlara da ba\u011fl\u0131d\u0131r. Daha derin, sa\u011flam ve g\u00fc\u00e7l\u00fcd\u00fcr. Beyin ba\u011f\u0131 kurmak, \u00e7ocu\u011fun i\u00e7 d\u00fcnyas\u0131na demir atmakt\u0131r. Bu kitap, \u00e7ocu\u011fuyla sa\u011flam ve derin d\u00fc\u015f\u00fcnce ba\u011flar\u0131 kurmak isteyenler i\u00e7in yaz\u0131ld\u0131. Kendi kendine yetebilen, karakterli ve kabiliyetli, ailesine ba\u011fl\u0131 olan ama ba\u011f\u0131ml\u0131 olmayan \u00e7ocuklar yeti\u015ftirmeyi ele al\u0131yor. Bir \u00e7ocu\u011fun karn\u0131n\u0131 doyurman\u0131n \u00f6tesine ge\u00e7ip, beyninin nas\u0131l beslenece\u011fini bilimsel verilerle anlat\u0131yor. Kitapta neler var: \u00c7ocu\u011funuzun zihniyle nas\u0131l ba\u011f kurars\u0131n\u0131z? Geli\u015fim odakl\u0131 aileler, \u00e7ocukla nas\u0131l ili\u015fki kurar? Anne babal\u0131k stiliniz nas\u0131l? Ba\u011fl\u0131 olan ama ba\u011f\u0131ml\u0131 olmayan \u00e7ocuk nas\u0131l yeti\u015fir? Hem mutlu hem ba\u015far\u0131l\u0131 olman\u0131n yolu nedir? D\u00fc\u015f\u00fcnen ve sorgulayan \u00e7ocuklar yeti\u015ftiren ailelerin ortak y\u00f6nleri nedir? Ge\u00e7 ortaya \u00e7\u0131kan yetenekleri nas\u0131l ke\u015ffetmeli? Beyni besleyen etkinlikler nelerdir? Dr. Bahar Eri\u015f, \u00e7ocuklarda zeka ve yetenek geli\u015fimi \u00fczerine odaklanm\u0131\u015f bir akademisyen ve yazard\u0131r. C olumbia \u00dcniversitesi\u2019nde 6 y\u0131l boyunca, &#8220;\u00fcst\u00fcn yetenek e\u011fitimi&#8221; alan\u0131nda master ve doktora yapm\u0131\u015ft\u0131r. 10 y\u0131l boyunca, mezunu oldu\u011fu Bo\u011fazi\u00e7i \u00dcniversitesi\u2019nde yetenek geli\u015fimi dersleri vermi\u015ftir. 2015&#8217;ten itibaren Bah\u00e7e\u015fehir \u00dcniversitesi&#8217;nde y\u00fcksek lisans dersleri vermektedir. Eri\u015f,Her \u00c7ocuk \u00dcst\u00fcn Yeteneklidir kitab\u0131n\u0131n da yazar\u0131d\u0131r. <\/p>\n","protected":false},"excerpt":{"rendered":"<p>Hepimiz ba\u011flanmak i\u00e7in do\u011far\u0131z! Ba\u011flanmak, hayata tutunabilmektir. \u0130nsan ilk ba\u011flanma ili\u015fkisini ailesiyle kurar. Anne babayla \u00e7ocuk aras\u0131nda \u00fc\u00e7 farkl\u0131 ba\u011flanma bi\u00e7imi vard\u0131r: G\u00f6bek ba\u011f\u0131, kalp ba\u011f\u0131,<span class=\"excerpt-hellip\"> [\u2026]<\/span><\/p>\n","protected":false},"featured_media":0,"template":"","meta":{"_monsterinsights_skip_tracking":false,"_monsterinsights_sitenote_active":false,"_monsterinsights_sitenote_note":"","_monsterinsights_sitenote_category":0},"product_brand":[],"product_cat":[17996,12364],"product_tag":[],"class_list":{"0":"post-708736","1":"product","2":"type-product","3":"status-publish","5":"product_cat-ebeveyn-kitaplari","6":"product_cat-genel-konular","7":"pa_cilt-ciltsiz","8":"pa_tur-kitap","9":"pa_yayinevi-alfa-yayinlari","10":"pa_yazar-bahar-eris","12":"first","13":"instock","14":"sale","15":"shipping-taxable","16":"purchasable","17":"product-type-simple"},"_links":{"self":[{"href":"https:\/\/roveyayinevi.com.tr\/index.php\/wp-json\/wp\/v2\/product\/708736","targetHints":{"allow":["GET"]}}],"collection":[{"href":"https:\/\/roveyayinevi.com.tr\/index.php\/wp-json\/wp\/v2\/product"}],"about":[{"href":"https:\/\/roveyayinevi.com.tr\/index.php\/wp-json\/wp\/v2\/types\/product"}],"wp:attachment":[{"href":"https:\/\/roveyayinevi.com.tr\/index.php\/wp-json\/wp\/v2\/media?parent=708736"}],"wp:term":[{"taxonomy":"product_brand","embeddable":true,"href":"https:\/\/roveyayinevi.com.tr\/index.php\/wp-json\/wp\/v2\/product_brand?post=708736"},{"taxonomy":"product_cat","embeddable":true,"href":"https:\/\/roveyayinevi.com.tr\/index.php\/wp-json\/wp\/v2\/product_cat?post=708736"},{"taxonomy":"product_tag","embeddable":true,"href":"https:\/\/roveyayinevi.com.tr\/index.php\/wp-json\/wp\/v2\/product_tag?post=708736"}],"curies":[{"name":"wp","href":"https:\/\/api.w.org\/{rel}","templated":true}]}}