{"id":708735,"date":"2025-08-27T16:17:56","date_gmt":"2025-08-27T13:17:56","guid":{"rendered":"https:\/\/roveyayinevi.com.tr\/index.php\/urun\/denize-yagan-yildizlar\/"},"modified":"2026-04-16T02:17:32","modified_gmt":"2026-04-15T23:17:32","slug":"denize-yagan-yildizlar","status":"publish","type":"product","link":"https:\/\/roveyayinevi.com.tr\/index.php\/urun\/denize-yagan-yildizlar\/","title":{"rendered":"Denize Ya\u011fan Y\u0131ld\u0131zlar"},"content":{"rendered":"<p>10+ Ya\u015f\u201cSuya inen y\u0131ld\u0131zlara istiridyeler kucak a\u00e7m\u0131\u015f. Her biri derin bir uykuya dalm\u0131\u015f s\u0131\u011f\u0131nd\u0131\u011f\u0131 kucakta. Birer inciye d\u00f6nu\u0308\u015ftu\u0308kleri sonsuz uykular\u0131nda dalgalar\u0131n sesi e\u015flik etmi\u015f y\u0131ld\u0131zlara. Bu ya\u011fmurun ad\u0131n\u0131 da bal\u0131k\u00e7\u0131lar koymu\u015f. \u2018Lulubar\u2019 yani \u2018\u0130nci Ya\u011fmuru\u2019 demi\u015fler denize ya\u011fan y\u0131ld\u0131zlara.\u201d Binlerce mu\u0308lteci \u00e7ocuktan biri olan Mela da yang\u0131ndan ka\u00e7an bir y\u0131ld\u0131zd\u0131r. Bir gece yar\u0131s\u0131, annesi ve karde\u015fi Ahnes ile Halep\u2019ten yola \u00e7\u0131kt\u0131\u011f\u0131nda onlar\u0131 nelerin bekledi\u011finden habersizdir. Daha yolculu\u011fun ba\u015f\u0131ndayken k\u00f6tu\u0308lu\u0308k pe\u015flerini b\u0131rakmaz. Kendileri de yang\u0131ndan ka\u00e7an birer y\u0131ld\u0131z olan Yusra ve Sarah yeti\u015fir imdatlar\u0131na. Yol boyunca Mela ve annesine destek olan k\u0131zlar, Almanya\u2019ya gitmeye kararl\u0131d\u0131r. Bin bir zorlukla Ege sahillerine ula\u015fan kahramanlar\u0131m\u0131z, korkun\u00e7 bir manzarayla kar\u015f\u0131la\u015f\u0131rlar. Yuttu\u011fu insanlar\u0131 kusan bir deniz uzanmaktad\u0131r \u00f6nlerinde. O sahilde ninesi Lulubar\u2019\u0131n anlatt\u0131\u011f\u0131 masal\u0131 hat\u0131rlar Mela ve korkar denizden. Bir de \u00e7akallar vard\u0131r d\u00f6rt bir yanda\u2026 Mu\u0308ltecileri\u00f6lu\u0308me g\u00f6nderen \u00e7akallar\u2026 Ama arkada\u015f\u0131 Yusra ve ablas\u0131 Sarah, o denizi a\u015fmaya kararl\u0131d\u0131r. Kahramanlar\u0131m\u0131z\u0131n hu\u0308zu\u0308nlu\u0308hik\u00e2yesini okurken bizi gu\u0308lu\u0308msetmeyi de ba\u015faran DEN\u0130ZE YA\u011eAN YILDIZLAR; umuda yolculu\u011fun roman\u0131d\u0131r.\u201cKimse \u00e7ocu\u011funu bir kay\u0131\u011fa bindirmezsu karadan daha gu\u0308venli olmad\u0131k\u00e7a.\u201dSomalili \u015fair Warsan Shire<\/p>\n","protected":false},"excerpt":{"rendered":"<p>10+ Ya\u015f\u201cSuya inen y\u0131ld\u0131zlara istiridyeler kucak a\u00e7m\u0131\u015f. Her biri derin bir uykuya dalm\u0131\u015f s\u0131\u011f\u0131nd\u0131\u011f\u0131 kucakta. Birer inciye d\u00f6nu\u0308\u015ftu\u0308kleri sonsuz uykular\u0131nda dalgalar\u0131n sesi e\u015flik etmi\u015f y\u0131ld\u0131zlara. Bu<span class=\"excerpt-hellip\"> [\u2026]<\/span><\/p>\n","protected":false},"featured_media":0,"template":"","meta":{"_monsterinsights_skip_tracking":false,"_monsterinsights_sitenote_active":false,"_monsterinsights_sitenote_note":"","_monsterinsights_sitenote_category":0},"product_brand":[],"product_cat":[12913,12274],"product_tag":[],"class_list":{"0":"post-708735","1":"product","2":"type-product","3":"status-publish","5":"product_cat-3-6-yas-kitaplari","6":"product_cat-cocuk-ve-genclik-kitaplari","7":"pa_cilt-ciltsiz","8":"pa_tur-kitap","9":"pa_yayinevi-altin-kitaplar-ozel-urun","10":"pa_yazar-asuman-portakal","12":"first","13":"instock","14":"sale","15":"shipping-taxable","16":"purchasable","17":"product-type-simple"},"_links":{"self":[{"href":"https:\/\/roveyayinevi.com.tr\/index.php\/wp-json\/wp\/v2\/product\/708735","targetHints":{"allow":["GET"]}}],"collection":[{"href":"https:\/\/roveyayinevi.com.tr\/index.php\/wp-json\/wp\/v2\/product"}],"about":[{"href":"https:\/\/roveyayinevi.com.tr\/index.php\/wp-json\/wp\/v2\/types\/product"}],"wp:attachment":[{"href":"https:\/\/roveyayinevi.com.tr\/index.php\/wp-json\/wp\/v2\/media?parent=708735"}],"wp:term":[{"taxonomy":"product_brand","embeddable":true,"href":"https:\/\/roveyayinevi.com.tr\/index.php\/wp-json\/wp\/v2\/product_brand?post=708735"},{"taxonomy":"product_cat","embeddable":true,"href":"https:\/\/roveyayinevi.com.tr\/index.php\/wp-json\/wp\/v2\/product_cat?post=708735"},{"taxonomy":"product_tag","embeddable":true,"href":"https:\/\/roveyayinevi.com.tr\/index.php\/wp-json\/wp\/v2\/product_tag?post=708735"}],"curies":[{"name":"wp","href":"https:\/\/api.w.org\/{rel}","templated":true}]}}