{"id":708734,"date":"2025-08-27T16:17:55","date_gmt":"2025-08-27T13:17:55","guid":{"rendered":"https:\/\/roveyayinevi.com.tr\/index.php\/urun\/one-punch-man-cilt-5-tek-yumruk\/"},"modified":"2026-04-16T02:17:32","modified_gmt":"2026-04-15T23:17:32","slug":"one-punch-man-cilt-5-tek-yumruk","status":"publish","type":"product","link":"https:\/\/roveyayinevi.com.tr\/index.php\/urun\/one-punch-man-cilt-5-tek-yumruk\/","title":{"rendered":"One-Punch Man Cilt 5 &#8211; Tek Yumruk"},"content":{"rendered":"<p>Saitama ve maiyetindekiler, afet seviyesi \u015feytan olan, yani \u015fehirde hayat\u0131n tamamen durmas\u0131na yol a\u00e7abilecek, hatta \u015fehrin tamamen yok olmas\u0131na neden olabilecek bir olaya el koymak \u00fczere harekete ge\u00e7er. Deniz adamlar\u0131n ba\u015f\u0131ndaki Derin Denizler Kral\u0131, S s\u0131n\u0131f\u0131 kahramanlar\u0131 bile kolayca alt etmektedir. Halk\u0131 korumak i\u00e7in g\u00fc\u00e7lerini birle\u015ftiren cesur kahramanlar\u0131m\u0131z\u0131 daha \u00f6nce asla kar\u015f\u0131la\u015fmad\u0131klar\u0131 kadar g\u00fc\u00e7l\u00fc bir rakip beklemektedir. <\/p>\n","protected":false},"excerpt":{"rendered":"<p>Saitama ve maiyetindekiler, afet seviyesi \u015feytan olan, yani \u015fehirde hayat\u0131n tamamen durmas\u0131na yol a\u00e7abilecek, hatta \u015fehrin tamamen yok olmas\u0131na neden olabilecek bir olaya el koymak \u00fczere<span class=\"excerpt-hellip\"> [\u2026]<\/span><\/p>\n","protected":false},"featured_media":0,"template":"","meta":{"_monsterinsights_skip_tracking":false,"_monsterinsights_sitenote_active":false,"_monsterinsights_sitenote_note":"","_monsterinsights_sitenote_category":0},"product_brand":[],"product_cat":[12689,12274],"product_tag":[],"class_list":{"0":"post-708734","1":"product","2":"type-product","3":"status-publish","5":"product_cat-cizgi-roman-cocuk-ve-genclik-kitaplari","6":"product_cat-cocuk-ve-genclik-kitaplari","7":"pa_cilt-ciltsiz","8":"pa_tur-kitap","9":"pa_yayinevi-akil-celen-kitaplar","10":"pa_yazar-kollektif","12":"first","13":"instock","14":"sale","15":"shipping-taxable","16":"purchasable","17":"product-type-simple"},"_links":{"self":[{"href":"https:\/\/roveyayinevi.com.tr\/index.php\/wp-json\/wp\/v2\/product\/708734","targetHints":{"allow":["GET"]}}],"collection":[{"href":"https:\/\/roveyayinevi.com.tr\/index.php\/wp-json\/wp\/v2\/product"}],"about":[{"href":"https:\/\/roveyayinevi.com.tr\/index.php\/wp-json\/wp\/v2\/types\/product"}],"wp:attachment":[{"href":"https:\/\/roveyayinevi.com.tr\/index.php\/wp-json\/wp\/v2\/media?parent=708734"}],"wp:term":[{"taxonomy":"product_brand","embeddable":true,"href":"https:\/\/roveyayinevi.com.tr\/index.php\/wp-json\/wp\/v2\/product_brand?post=708734"},{"taxonomy":"product_cat","embeddable":true,"href":"https:\/\/roveyayinevi.com.tr\/index.php\/wp-json\/wp\/v2\/product_cat?post=708734"},{"taxonomy":"product_tag","embeddable":true,"href":"https:\/\/roveyayinevi.com.tr\/index.php\/wp-json\/wp\/v2\/product_tag?post=708734"}],"curies":[{"name":"wp","href":"https:\/\/api.w.org\/{rel}","templated":true}]}}