{"id":708732,"date":"2025-08-27T16:17:54","date_gmt":"2025-08-27T13:17:54","guid":{"rendered":"https:\/\/roveyayinevi.com.tr\/index.php\/urun\/rosario-vampire-tilsimli-kolye-ve-vampir-sezon-2-cilt-1\/"},"modified":"2026-04-16T02:17:32","modified_gmt":"2026-04-15T23:17:32","slug":"rosario-vampire-tilsimli-kolye-ve-vampir-sezon-2-cilt-1","status":"publish","type":"product","link":"https:\/\/roveyayinevi.com.tr\/index.php\/urun\/rosario-vampire-tilsimli-kolye-ve-vampir-sezon-2-cilt-1\/","title":{"rendered":"Rosario + Vampire &#8211; T\u0131ls\u0131ml\u0131 Kolye ve Vampir &#8211; Sezon 2 Cilt 1"},"content":{"rendered":"<p>S\u0131radan bir gen\u00e7 olan Tsukune, yanl\u0131\u015fl\u0131kla canavarlar\u0131 insan d\u00fcnyas\u0131na adapte edebilmek i\u00e7in a\u00e7\u0131lm\u0131\u015f bir yat\u0131l\u0131 okula kaydolur.  Yak\u0131\u015f\u0131kl\u0131 bir gen\u00e7 olan Tsukune, k\u0131sa zamanda t\u00fcm k\u0131zlar\u0131n g\u00f6zdesi haline gelir ancak okulun erkek \u00f6\u011frencileri de kendisinden nefret etmektedir ve onu bir ka\u015f\u0131k suda bo\u011fmak i\u00e7in can atarlar. Hi\u00e7 de s\u0131radan olmayan bir vampire, Moka&#8217;ya \u00e2\u015f\u0131k olunca, di\u011fer k\u0131zlar da Tsukune&#8217;ye \u00f6fkelenmeye ba\u015flarlar. Bakal\u0131m Tsukune kurtadamlar, vampirler ve akl\u0131n\u0131za gelmeyen t\u00fcrl\u00fc canavarlarla dolu bu ortamda hayatta kalmay\u0131 ve bu tuhaf okuldan mezun olmay\u0131 ba\u015farabilecek mi? <\/p>\n","protected":false},"excerpt":{"rendered":"<p>S\u0131radan bir gen\u00e7 olan Tsukune, yanl\u0131\u015fl\u0131kla canavarlar\u0131 insan d\u00fcnyas\u0131na adapte edebilmek i\u00e7in a\u00e7\u0131lm\u0131\u015f bir yat\u0131l\u0131 okula kaydolur. Yak\u0131\u015f\u0131kl\u0131 bir gen\u00e7 olan Tsukune, k\u0131sa zamanda t\u00fcm k\u0131zlar\u0131n<span class=\"excerpt-hellip\"> [\u2026]<\/span><\/p>\n","protected":false},"featured_media":0,"template":"","meta":{"_monsterinsights_skip_tracking":false,"_monsterinsights_sitenote_active":false,"_monsterinsights_sitenote_note":"","_monsterinsights_sitenote_category":0},"product_brand":[],"product_cat":[12689,12274],"product_tag":[],"class_list":{"0":"post-708732","1":"product","2":"type-product","3":"status-publish","5":"product_cat-cizgi-roman-cocuk-ve-genclik-kitaplari","6":"product_cat-cocuk-ve-genclik-kitaplari","7":"pa_cilt-ciltsiz","8":"pa_tur-kitap","9":"pa_yayinevi-akil-celen-kitaplar","10":"pa_yazar-kollektif","12":"first","13":"instock","14":"sale","15":"shipping-taxable","16":"purchasable","17":"product-type-simple"},"_links":{"self":[{"href":"https:\/\/roveyayinevi.com.tr\/index.php\/wp-json\/wp\/v2\/product\/708732","targetHints":{"allow":["GET"]}}],"collection":[{"href":"https:\/\/roveyayinevi.com.tr\/index.php\/wp-json\/wp\/v2\/product"}],"about":[{"href":"https:\/\/roveyayinevi.com.tr\/index.php\/wp-json\/wp\/v2\/types\/product"}],"wp:attachment":[{"href":"https:\/\/roveyayinevi.com.tr\/index.php\/wp-json\/wp\/v2\/media?parent=708732"}],"wp:term":[{"taxonomy":"product_brand","embeddable":true,"href":"https:\/\/roveyayinevi.com.tr\/index.php\/wp-json\/wp\/v2\/product_brand?post=708732"},{"taxonomy":"product_cat","embeddable":true,"href":"https:\/\/roveyayinevi.com.tr\/index.php\/wp-json\/wp\/v2\/product_cat?post=708732"},{"taxonomy":"product_tag","embeddable":true,"href":"https:\/\/roveyayinevi.com.tr\/index.php\/wp-json\/wp\/v2\/product_tag?post=708732"}],"curies":[{"name":"wp","href":"https:\/\/api.w.org\/{rel}","templated":true}]}}