{"id":708731,"date":"2025-08-27T16:17:54","date_gmt":"2025-08-27T13:17:54","guid":{"rendered":"https:\/\/roveyayinevi.com.tr\/index.php\/urun\/beylerbeyinden-yukselirken-huzun\/"},"modified":"2026-04-16T02:17:32","modified_gmt":"2026-04-15T23:17:32","slug":"beylerbeyinden-yukselirken-huzun","status":"publish","type":"product","link":"https:\/\/roveyayinevi.com.tr\/index.php\/urun\/beylerbeyinden-yukselirken-huzun\/","title":{"rendered":"Beylerbeyin&#8217;den Y\u00fckselirken H\u00fcz\u00fcn"},"content":{"rendered":"<p>\u201cLale g\u00fcnler sonra \u00e7ok yoruldu\u011funu fark etti. O da ya\u015flan\u0131yor, fazla yorgunlu\u011fa gelemiyordu. Anneannesinin, torununun \u00e7ocuklar\u0131na bile g\u00f6sterdi\u011fi \u00e7abay\u0131 hayranl\u0131kla an\u0131msad\u0131. \u2018M\u00fcthi\u015f bir kad\u0131nd\u0131. O incecik, zarif bedeninde, ne kadar da g\u00fc\u00e7l\u00fc bir ruh ta\u015f\u0131yordu. Verilen emekler, g\u00f6sterilen gayretler hi\u00e7bir zaman unutulmaz,\u2019 diye d\u00fc\u015f\u00fcnd\u00fc. M\u00fczeyyen\u2019in, \u2018Yazsan yazsan benim roman\u0131m\u0131 ancak sen yazars\u0131n. \u0130smi de Ey Kad\u0131n olacak,\u2019 s\u00f6zleri kula\u011f\u0131nda \u00e7\u0131nlad\u0131.\u201d Beylerbeyi\u2019nden Y\u00fckselirken H\u00fcz\u00fcn\u2019de bir Cumhuriyet kad\u0131n\u0131 M\u00fczeyyen\u2019in \u00f6yk\u00fcs\u00fcn\u00fc anlat\u0131yor Z\u00fchal \u0130zmirli. Sel\u00e2nik\u2019ten Beylerbeyi\u2019ndeki bir k\u00f6\u015fke, oradan Karab\u00fck ve Zonguldak\u2019taki fabrika lojmanlar\u0131na uzanan bir ya\u015fam. Zorluklarla dolu bir d\u00f6neme, bir kad\u0131n\u0131n g\u00f6z\u00fcyle bakan bu romanda kendi hayat\u0131n\u0131zdan bir par\u00e7a bulacaks\u0131n\u0131z. D\u00f6nem romanlar\u0131n\u0131 kendine has \u00fcslubuyla anlatan Z\u00fchal \u0130zmirli\u2019nin incelikli kalemiyle\u2026 <\/p>\n","protected":false},"excerpt":{"rendered":"<p>\u201cLale g\u00fcnler sonra \u00e7ok yoruldu\u011funu fark etti. O da ya\u015flan\u0131yor, fazla yorgunlu\u011fa gelemiyordu. Anneannesinin, torununun \u00e7ocuklar\u0131na bile g\u00f6sterdi\u011fi \u00e7abay\u0131 hayranl\u0131kla an\u0131msad\u0131. \u2018M\u00fcthi\u015f bir kad\u0131nd\u0131. O incecik,<span class=\"excerpt-hellip\"> [\u2026]<\/span><\/p>\n","protected":false},"featured_media":0,"template":"","meta":{"_monsterinsights_skip_tracking":false,"_monsterinsights_sitenote_active":false,"_monsterinsights_sitenote_note":"","_monsterinsights_sitenote_category":0},"product_brand":[],"product_cat":[12291],"product_tag":[],"class_list":{"0":"post-708731","1":"product","2":"type-product","3":"status-publish","5":"product_cat-edebiyat","6":"pa_cilt-ciltsiz","7":"pa_tur-kitap","8":"pa_yayinevi-cinar-yayinlari","9":"pa_yazar-zuhal-izmirli","11":"first","12":"instock","13":"sale","14":"shipping-taxable","15":"purchasable","16":"product-type-simple"},"_links":{"self":[{"href":"https:\/\/roveyayinevi.com.tr\/index.php\/wp-json\/wp\/v2\/product\/708731","targetHints":{"allow":["GET"]}}],"collection":[{"href":"https:\/\/roveyayinevi.com.tr\/index.php\/wp-json\/wp\/v2\/product"}],"about":[{"href":"https:\/\/roveyayinevi.com.tr\/index.php\/wp-json\/wp\/v2\/types\/product"}],"wp:attachment":[{"href":"https:\/\/roveyayinevi.com.tr\/index.php\/wp-json\/wp\/v2\/media?parent=708731"}],"wp:term":[{"taxonomy":"product_brand","embeddable":true,"href":"https:\/\/roveyayinevi.com.tr\/index.php\/wp-json\/wp\/v2\/product_brand?post=708731"},{"taxonomy":"product_cat","embeddable":true,"href":"https:\/\/roveyayinevi.com.tr\/index.php\/wp-json\/wp\/v2\/product_cat?post=708731"},{"taxonomy":"product_tag","embeddable":true,"href":"https:\/\/roveyayinevi.com.tr\/index.php\/wp-json\/wp\/v2\/product_tag?post=708731"}],"curies":[{"name":"wp","href":"https:\/\/api.w.org\/{rel}","templated":true}]}}