{"id":708729,"date":"2025-08-27T16:17:53","date_gmt":"2025-08-27T13:17:53","guid":{"rendered":"https:\/\/roveyayinevi.com.tr\/index.php\/urun\/aklinda-kalsin-basarili-ogrenme-bilimi\/"},"modified":"2026-04-16T02:17:32","modified_gmt":"2026-04-15T23:17:32","slug":"aklinda-kalsin-basarili-ogrenme-bilimi","status":"publish","type":"product","link":"https:\/\/roveyayinevi.com.tr\/index.php\/urun\/aklinda-kalsin-basarili-ogrenme-bilimi\/","title":{"rendered":"Akl\u0131nda Kals\u0131n : Ba\u015far\u0131l\u0131 \u00d6\u011frenme Bilimi"},"content":{"rendered":"<p>Sekiz ya\u015f\u0131ndaki \u00e7ocuklardan olu\u015fan \u00f6\u011frenciler, beden e\u011fitimi dersinde i\u00e7inde fasulyeler olan torbalar\u0131 kovalara atma \u00e7al\u0131\u015fmas\u0131 yapt\u0131lar. \u00c7ocuklar\u0131n yar\u0131s\u0131 90 cm \u00f6tedeki kovaya atarken di\u011fer yar\u0131s\u0131 60 ve 120 cm uzakl\u0131ktaki kovalara at\u0131yorlard\u0131. Bunu 12 hafta boyunca yapt\u0131ktan sonra iki grup 90 santim uzakl\u0131ktaki kovaya atmak i\u00e7in yar\u0131\u015ft\u0131. Bir tarafta \u00fc\u00e7 ayd\u0131r 90 cm uzakl\u0131ktan at\u0131\u015f\u0131 \u00e7al\u0131\u015fan grup, di\u011fer tarafta bir kere bile 90 cm uzakl\u0131ktaki kovaya at\u0131\u015f yapmayan grup vard\u0131. Sizce kim kazand\u0131?\u00d6\u011eRENMEYE DA\u0130R B\u0130L\u0130NENLER\u0130N \u00c7O\u011eU YANLI\u015e!Bir kitab\u0131 bitirdikten sonra tekrar okuman\u0131n elde edece\u011finiz fayday\u0131 art\u0131raca\u011f\u0131na m\u0131 inan\u0131yorsunuz? Ya da konular\u0131 olmas\u0131 gereken s\u0131rayla \u00f6\u011frenmenin daha mant\u0131kl\u0131 oldu\u011funu? Yoksa fasulye torbas\u0131 yar\u0131\u015f\u0131n\u0131 90 cm\u2019ye \u00e7al\u0131\u015fanlar\u0131n kazand\u0131\u011f\u0131n\u0131 m\u0131 d\u00fc\u015f\u00fcn\u00fcyorsunuz?Akl\u0131nda Kals\u0131n: Ba\u015far\u0131l\u0131 \u00d6\u011frenme Bilimi, 11 bilim insan\u0131n\u0131n on y\u0131ll\u0131k \u00f6d\u00fcll\u00fc \u00e7al\u0131\u015fmalar\u0131n\u0131n do\u011frudan bir sonucu ve size sadece \u00f6\u011frenme hakk\u0131nda yanl\u0131\u015f bilinenleri g\u00f6stermeyecek, ayn\u0131 zamanda do\u011frusunun nas\u0131l olaca\u011f\u0131n\u0131 da ger\u00e7ek hayattan \u00f6rneklerle anlatacak.K\u0130MLER \u0130\u00c7\u0130N?\u00d6\u011frendiklerinizi \u00e7ok \u00e7abuk mu unutuyorsunuz? KPSS, YDS ya da herhangi bir s\u0131nava haz\u0131rlan\u0131rken \u00f6\u011frendiklerinizin daha fazla akl\u0131n\u0131zda kalmas\u0131n\u0131 m\u0131 istiyorsunuz? Dil \u00f6\u011frenme konusunda daha ba\u015far\u0131l\u0131 m\u0131 olmak istiyorsunuz? Ya da bir \u00f6\u011fretmen olarak verdi\u011finiz e\u011fitimin kalitesini art\u0131rmak gibi bir derdiniz mi var? Belki de sadece anne ya da babas\u0131n\u0131zd\u0131r ve \u00e7ocu\u011funuzun daha ba\u015far\u0131l\u0131 bir \u015fekilde \u00f6\u011frenmesini istiyorsunuzdur. Fark etmez! Bu kitap \u00f6\u011frendiklerinizin \u00e7ok daha fazla akl\u0131n\u0131zda kalmas\u0131 ve \u00f6\u011frenmenizin daha ba\u015far\u0131l\u0131 ve verimli olmas\u0131 i\u00e7in yaz\u0131ld\u0131. Bir konuyu \u00f6\u011frenmeye ya da bir s\u0131nava adanm\u0131\u015f y\u0131llar s\u00fcren \u00e7al\u0131\u015fmalar\u0131n etkinli\u011fini katlamak isteyenler i\u00e7in yaz\u0131ld\u0131. <\/p>\n","protected":false},"excerpt":{"rendered":"<p>Sekiz ya\u015f\u0131ndaki \u00e7ocuklardan olu\u015fan \u00f6\u011frenciler, beden e\u011fitimi dersinde i\u00e7inde fasulyeler olan torbalar\u0131 kovalara atma \u00e7al\u0131\u015fmas\u0131 yapt\u0131lar. \u00c7ocuklar\u0131n yar\u0131s\u0131 90 cm \u00f6tedeki kovaya atarken di\u011fer yar\u0131s\u0131 60<span class=\"excerpt-hellip\"> [\u2026]<\/span><\/p>\n","protected":false},"featured_media":0,"template":"","meta":{"_monsterinsights_skip_tracking":false,"_monsterinsights_sitenote_active":false,"_monsterinsights_sitenote_note":"","_monsterinsights_sitenote_category":0},"product_brand":[],"product_cat":[12364,12376],"product_tag":[],"class_list":{"0":"post-708729","1":"product","2":"type-product","3":"status-publish","5":"product_cat-genel-konular","6":"product_cat-kisisel-gelisim","7":"pa_cilt-ciltsiz","8":"pa_tur-kitap","9":"pa_yayinevi-buzdagi-yayinlari","10":"pa_yazar-peter-c-brow-mark-a-mcdaniel-henry-l-roediger","12":"first","13":"instock","14":"sale","15":"shipping-taxable","16":"purchasable","17":"product-type-simple"},"_links":{"self":[{"href":"https:\/\/roveyayinevi.com.tr\/index.php\/wp-json\/wp\/v2\/product\/708729","targetHints":{"allow":["GET"]}}],"collection":[{"href":"https:\/\/roveyayinevi.com.tr\/index.php\/wp-json\/wp\/v2\/product"}],"about":[{"href":"https:\/\/roveyayinevi.com.tr\/index.php\/wp-json\/wp\/v2\/types\/product"}],"wp:attachment":[{"href":"https:\/\/roveyayinevi.com.tr\/index.php\/wp-json\/wp\/v2\/media?parent=708729"}],"wp:term":[{"taxonomy":"product_brand","embeddable":true,"href":"https:\/\/roveyayinevi.com.tr\/index.php\/wp-json\/wp\/v2\/product_brand?post=708729"},{"taxonomy":"product_cat","embeddable":true,"href":"https:\/\/roveyayinevi.com.tr\/index.php\/wp-json\/wp\/v2\/product_cat?post=708729"},{"taxonomy":"product_tag","embeddable":true,"href":"https:\/\/roveyayinevi.com.tr\/index.php\/wp-json\/wp\/v2\/product_tag?post=708729"}],"curies":[{"name":"wp","href":"https:\/\/api.w.org\/{rel}","templated":true}]}}