{"id":708728,"date":"2025-08-27T16:17:52","date_gmt":"2025-08-27T13:17:52","guid":{"rendered":"https:\/\/roveyayinevi.com.tr\/index.php\/urun\/insanin-yaratilisi\/"},"modified":"2026-04-16T02:17:32","modified_gmt":"2026-04-15T23:17:32","slug":"insanin-yaratilisi","status":"publish","type":"product","link":"https:\/\/roveyayinevi.com.tr\/index.php\/urun\/insanin-yaratilisi\/","title":{"rendered":"\u0130nsan\u0131n Yarat\u0131l\u0131\u015f\u0131"},"content":{"rendered":"<p>Y\u00fcksel Arslan\u2019\u0131n 1986\u2019da ba\u015flay\u0131p 1999\u2019a dek s\u00fcrd\u00fcrd\u00fc\u011f\u00fc dizi, \u0130nsan\u2019\u0131n ilk kitab\u0131.Bu bir sanat\u00e7\u0131n\u0131n (ressam\u0131n?) kitab\u0131 m\u0131, yoksa bir bilim adam\u0131n\u0131n kitab\u0131 m\u0131? Yoksa her ikisini ki\u015fili\u011finde ve sanat\u0131nda birle\u015ftirmi\u015f birinin kitab\u0131 m\u0131? Jacques Vallet, kitab\u0131n ba\u015f\u0131nda yer alan uzun s\u00f6yle\u015fisinde, bu soruyu hem kendine hemArslan\u2019a soruyor. Y\u00fcksel Arslan ise hem s\u00f6zc\u00fcklerle hem arture ad\u0131n\u0131 verdi\u011fi elli resimle yan\u0131tl\u0131yor. Bir sanat\u00e7\u0131 i\u00e7in bilimin sonsuz bir esin kayna\u011f\u0131 oldu\u011funu g\u00f6zlerimizin \u00f6n\u00fcne sererek. <\/p>\n","protected":false},"excerpt":{"rendered":"<p>Y\u00fcksel Arslan\u2019\u0131n 1986\u2019da ba\u015flay\u0131p 1999\u2019a dek s\u00fcrd\u00fcrd\u00fc\u011f\u00fc dizi, \u0130nsan\u2019\u0131n ilk kitab\u0131.Bu bir sanat\u00e7\u0131n\u0131n (ressam\u0131n?) kitab\u0131 m\u0131, yoksa bir bilim adam\u0131n\u0131n kitab\u0131 m\u0131? Yoksa her ikisini ki\u015fili\u011finde<span class=\"excerpt-hellip\"> [\u2026]<\/span><\/p>\n","protected":false},"featured_media":0,"template":"","meta":{"_monsterinsights_skip_tracking":false,"_monsterinsights_sitenote_active":false,"_monsterinsights_sitenote_note":"","_monsterinsights_sitenote_category":0},"product_brand":[],"product_cat":[12777,12291],"product_tag":[],"class_list":{"0":"post-708728","1":"product","2":"type-product","3":"status-publish","5":"product_cat-deneme","6":"product_cat-edebiyat","7":"pa_cilt-ciltsiz","8":"pa_tur-kitap","9":"pa_yayinevi-sel-yayincilik","10":"pa_yazar-yuksel-arslan","12":"first","13":"instock","14":"sale","15":"shipping-taxable","16":"purchasable","17":"product-type-simple"},"_links":{"self":[{"href":"https:\/\/roveyayinevi.com.tr\/index.php\/wp-json\/wp\/v2\/product\/708728","targetHints":{"allow":["GET"]}}],"collection":[{"href":"https:\/\/roveyayinevi.com.tr\/index.php\/wp-json\/wp\/v2\/product"}],"about":[{"href":"https:\/\/roveyayinevi.com.tr\/index.php\/wp-json\/wp\/v2\/types\/product"}],"wp:attachment":[{"href":"https:\/\/roveyayinevi.com.tr\/index.php\/wp-json\/wp\/v2\/media?parent=708728"}],"wp:term":[{"taxonomy":"product_brand","embeddable":true,"href":"https:\/\/roveyayinevi.com.tr\/index.php\/wp-json\/wp\/v2\/product_brand?post=708728"},{"taxonomy":"product_cat","embeddable":true,"href":"https:\/\/roveyayinevi.com.tr\/index.php\/wp-json\/wp\/v2\/product_cat?post=708728"},{"taxonomy":"product_tag","embeddable":true,"href":"https:\/\/roveyayinevi.com.tr\/index.php\/wp-json\/wp\/v2\/product_tag?post=708728"}],"curies":[{"name":"wp","href":"https:\/\/api.w.org\/{rel}","templated":true}]}}