{"id":708725,"date":"2025-08-27T16:17:51","date_gmt":"2025-08-27T13:17:51","guid":{"rendered":"https:\/\/roveyayinevi.com.tr\/index.php\/urun\/neden-fransada-postyapisalcilik-yok\/"},"modified":"2026-04-16T02:17:32","modified_gmt":"2026-04-15T23:17:32","slug":"neden-fransada-postyapisalcilik-yok","status":"publish","type":"product","link":"https:\/\/roveyayinevi.com.tr\/index.php\/urun\/neden-fransada-postyapisalcilik-yok\/","title":{"rendered":"Neden Fransa&#8217;da Postyap\u0131salc\u0131l\u0131k Yok?"},"content":{"rendered":"<p>Frans\u0131z entelekt\u00fcel alan\u0131n\u0131n, bilhassa, \u0130kinci D\u00fcnya Sava\u015f\u0131 sonras\u0131 \u00f6zg\u00fcn politik ve toplumsal ko\u015fullar\u0131na odaklanan ve bu alanda \u00fcretilmi\u015f fikri \u00fcr\u00fcnler ve \u00fcreticiler aras\u0131ndaki ili\u015fkileri tarihsel ba\u011flam\u0131na oturtarak tart\u0131\u015fmaya a\u00e7an bu \u00e7al\u0131\u015fma pek \u00e7ok a\u00e7\u0131dan ezber bozucu olma \u00f6zelli\u011fini uzun y\u0131llar koruyacak gibi g\u00f6r\u00fcn\u00fcyor. Angermuller\u2019in \u00e7al\u0131\u015fmas\u0131n\u0131 s\u0131ra d\u0131\u015f\u0131 yapan en \u00f6nemli husus ise, se\u00e7ti\u011fi ara\u015ft\u0131rma nesnesinden ziyade ara\u015ft\u0131rd\u0131\u011f\u0131 nesneye olan yakla\u015f\u0131m\u0131nda gizli. Frans\u0131z sosyolog Pierre Bourdieu\u2019n\u00fcn alan kuram\u0131n\u0131 arkas\u0131na alan yazar, bilhassa d\u00fcnyan\u0131n \u0130ngilizce konu\u015fulan \u00fclkelerindeki muhtelif akademik ve entelekt\u00fcel tart\u0131\u015fmalarda s\u0131kl\u0131kla \u2018postyap\u0131salc\u0131l\u0131k\u2019 olarak adland\u0131r\u0131lan olguyu mercek alt\u0131na al\u0131rken bizi \u2018Kuram\u2019\u0131n do\u011fdu\u011fu topraklara, onun tarihsel ve toplumsal ba\u011flam\u0131na geri g\u00f6t\u00fcr\u00fcyor. Fakat daha da \u00f6nemlisi, belki de \u015fimdiye de\u011fin kimsenin sormay\u0131 akl\u0131na getirmedi\u011fi \u015fu ezber bozucu soruya yan\u0131t ar\u0131yor: Neden Fransa\u2019da postyap\u0131salc\u0131l\u0131k yok? Angermuller, Frans\u0131z entelekt\u00fcel ya\u015fam\u0131ndaki geli\u015fmeleri ve bu geli\u015fmelerin Fransa d\u0131\u015f\u0131nda \u00e7o\u011funlukla eksik, yanl\u0131 veya sapt\u0131r\u0131lm\u0131\u015f olan al\u0131mlanma tarihini birbirine paralel bir \u015fekilde incelemekte olduk\u00e7a marifetli. Muhakkak ki bu kitap, bug\u00fcne dek kendi t\u00fcr\u00fcnde yap\u0131lm\u0131\u015f en kapsay\u0131c\u0131, etrafl\u0131ca ara\u015ft\u0131r\u0131lm\u0131\u015f ve konusunda yerini ba\u015fkas\u0131na b\u0131rakmayacak bir referans \u00e7al\u0131\u015fmad\u0131r.-Christopher Norris, Felsefe Ara\u015ft\u0131rmalar\u0131 Ordinary\u00fcs Profes\u00f6r\/Cardiff \u00dcniversitesi, B\u00fcy\u00fck Britanya- <\/p>\n","protected":false},"excerpt":{"rendered":"<p>Frans\u0131z entelekt\u00fcel alan\u0131n\u0131n, bilhassa, \u0130kinci D\u00fcnya Sava\u015f\u0131 sonras\u0131 \u00f6zg\u00fcn politik ve toplumsal ko\u015fullar\u0131na odaklanan ve bu alanda \u00fcretilmi\u015f fikri \u00fcr\u00fcnler ve \u00fcreticiler aras\u0131ndaki ili\u015fkileri tarihsel ba\u011flam\u0131na<span class=\"excerpt-hellip\"> [\u2026]<\/span><\/p>\n","protected":false},"featured_media":0,"template":"","meta":{"_monsterinsights_skip_tracking":false,"_monsterinsights_sitenote_active":false,"_monsterinsights_sitenote_note":"","_monsterinsights_sitenote_category":0},"product_brand":[],"product_cat":[12370,12304],"product_tag":[],"class_list":{"0":"post-708725","1":"product","2":"type-product","3":"status-publish","5":"product_cat-arastirma-inceleme","6":"product_cat-tarih","7":"pa_cilt-ciltsiz","8":"pa_tur-kitap","9":"pa_yayinevi-heretik-yayincilik","10":"pa_yazar-johannes-angermuller","12":"first","13":"instock","14":"sale","15":"shipping-taxable","16":"purchasable","17":"product-type-simple"},"_links":{"self":[{"href":"https:\/\/roveyayinevi.com.tr\/index.php\/wp-json\/wp\/v2\/product\/708725","targetHints":{"allow":["GET"]}}],"collection":[{"href":"https:\/\/roveyayinevi.com.tr\/index.php\/wp-json\/wp\/v2\/product"}],"about":[{"href":"https:\/\/roveyayinevi.com.tr\/index.php\/wp-json\/wp\/v2\/types\/product"}],"wp:attachment":[{"href":"https:\/\/roveyayinevi.com.tr\/index.php\/wp-json\/wp\/v2\/media?parent=708725"}],"wp:term":[{"taxonomy":"product_brand","embeddable":true,"href":"https:\/\/roveyayinevi.com.tr\/index.php\/wp-json\/wp\/v2\/product_brand?post=708725"},{"taxonomy":"product_cat","embeddable":true,"href":"https:\/\/roveyayinevi.com.tr\/index.php\/wp-json\/wp\/v2\/product_cat?post=708725"},{"taxonomy":"product_tag","embeddable":true,"href":"https:\/\/roveyayinevi.com.tr\/index.php\/wp-json\/wp\/v2\/product_tag?post=708725"}],"curies":[{"name":"wp","href":"https:\/\/api.w.org\/{rel}","templated":true}]}}