{"id":708724,"date":"2025-08-27T16:17:51","date_gmt":"2025-08-27T13:17:51","guid":{"rendered":"https:\/\/roveyayinevi.com.tr\/index.php\/urun\/frederic-bastiatnin-siyaset-ve-devlet-anlayisi\/"},"modified":"2026-04-16T02:17:32","modified_gmt":"2026-04-15T23:17:32","slug":"frederic-bastiatnin-siyaset-ve-devlet-anlayisi","status":"publish","type":"product","link":"https:\/\/roveyayinevi.com.tr\/index.php\/urun\/frederic-bastiatnin-siyaset-ve-devlet-anlayisi\/","title":{"rendered":"Frederic Bastiat&#8217;n\u0131n Siyaset ve Devlet Anlay\u0131\u015f\u0131"},"content":{"rendered":"<p>Bastiat\u2019n\u0131n fikirlerinin tart\u0131\u015f\u0131lmas\u0131ndan \u00f6nce klasik liberalizmin ilkeleri ve temelleri \u00fczerine bir incelemenin yap\u0131lmas\u0131n\u0131n, liberalizmin felsef\u00ee babalar\u0131ndan say\u0131lan bir d\u00fc\u015f\u00fcn\u00fcr\u00fcn fikirleri tart\u0131\u015f\u0131l\u0131rken fuzuli olaca\u011f\u0131d\u00fc\u015f\u00fcn\u00fclm\u00fc\u015ft\u00fcr. Frederic Bastiat\u2019n\u0131n fikirlerinin T\u00fcrkiye\u2019de ilk kez sistematik bir \u015fekilde inceleniyor olmas\u0131 T\u00fcrk\u00e7e literat\u00fcr\u00fcn ve kaynaklar\u0131n bu konuda \u00e7ok zay\u0131f oldu\u011funun bir g\u00f6stergesidir. Bu y\u00fczden tez \u00e7al\u0131\u015fmas\u0131na yeterince kaynak bulmak i\u00e7in bas\u0131l\u0131kitap ve makaleler yan\u0131nda internetten ve sanal k\u00fct\u00fcphanelerden de yo\u011fun \u015fekilde yararlan\u0131m\u0131\u015ft\u0131r. <\/p>\n","protected":false},"excerpt":{"rendered":"<p>Bastiat\u2019n\u0131n fikirlerinin tart\u0131\u015f\u0131lmas\u0131ndan \u00f6nce klasik liberalizmin ilkeleri ve temelleri \u00fczerine bir incelemenin yap\u0131lmas\u0131n\u0131n, liberalizmin felsef\u00ee babalar\u0131ndan say\u0131lan bir d\u00fc\u015f\u00fcn\u00fcr\u00fcn fikirleri tart\u0131\u015f\u0131l\u0131rken fuzuli olaca\u011f\u0131d\u00fc\u015f\u00fcn\u00fclm\u00fc\u015ft\u00fcr. Frederic Bastiat\u2019n\u0131n fikirlerinin<span class=\"excerpt-hellip\"> [\u2026]<\/span><\/p>\n","protected":false},"featured_media":0,"template":"","meta":{"_monsterinsights_skip_tracking":false,"_monsterinsights_sitenote_active":false,"_monsterinsights_sitenote_note":"","_monsterinsights_sitenote_category":0},"product_brand":[],"product_cat":[12965,12337],"product_tag":[],"class_list":{"0":"post-708724","1":"product","2":"type-product","3":"status-publish","5":"product_cat-genel-politika","6":"product_cat-politika-siyaset","7":"pa_cilt-ciltsiz","8":"pa_tur-kitap","9":"pa_yayinevi-liberte-yayinlari","10":"pa_yazar-bugra-kalkan","12":"first","13":"instock","14":"sale","15":"shipping-taxable","16":"purchasable","17":"product-type-simple"},"_links":{"self":[{"href":"https:\/\/roveyayinevi.com.tr\/index.php\/wp-json\/wp\/v2\/product\/708724","targetHints":{"allow":["GET"]}}],"collection":[{"href":"https:\/\/roveyayinevi.com.tr\/index.php\/wp-json\/wp\/v2\/product"}],"about":[{"href":"https:\/\/roveyayinevi.com.tr\/index.php\/wp-json\/wp\/v2\/types\/product"}],"wp:attachment":[{"href":"https:\/\/roveyayinevi.com.tr\/index.php\/wp-json\/wp\/v2\/media?parent=708724"}],"wp:term":[{"taxonomy":"product_brand","embeddable":true,"href":"https:\/\/roveyayinevi.com.tr\/index.php\/wp-json\/wp\/v2\/product_brand?post=708724"},{"taxonomy":"product_cat","embeddable":true,"href":"https:\/\/roveyayinevi.com.tr\/index.php\/wp-json\/wp\/v2\/product_cat?post=708724"},{"taxonomy":"product_tag","embeddable":true,"href":"https:\/\/roveyayinevi.com.tr\/index.php\/wp-json\/wp\/v2\/product_tag?post=708724"}],"curies":[{"name":"wp","href":"https:\/\/api.w.org\/{rel}","templated":true}]}}