{"id":708722,"date":"2025-08-27T16:17:50","date_gmt":"2025-08-27T13:17:50","guid":{"rendered":"https:\/\/roveyayinevi.com.tr\/index.php\/urun\/yesil-ve-siyaset\/"},"modified":"2026-04-16T02:17:32","modified_gmt":"2026-04-15T23:17:32","slug":"yesil-ve-siyaset","status":"publish","type":"product","link":"https:\/\/roveyayinevi.com.tr\/index.php\/urun\/yesil-ve-siyaset\/","title":{"rendered":"Ye\u015fil Ve Siyaset"},"content":{"rendered":"<p>Ekolojiyi, \u00e7evre meselesini politik bir mesele olarak alman\u0131n \u00f6n\u00fcnde b\u00fcy\u00fck d\u00fc\u015f\u00fcnsel engeller var. \u00d6ncelikle, naif bir me\u015fgale say\u0131lmas\u0131, &#8220;\u00e7i\u00e7ek b\u00f6cek muhabbeti&#8221; diye k\u00fc\u00e7\u00fcmsenmesi. Sonra, teknik bir uzmanl\u0131k alan\u0131 say\u0131lmas\u0131. Bunlarla beraber, steril bir lobicili\u011fin, g\u00f6n\u00fcll\u00fc hay\u0131r-hasenat faaliyetinin dar \u00e7er\u00e7evesine s\u0131k\u0131\u015fmas\u0131.  Ekolojiyi ara\u00e7salla\u015ft\u0131rarak politize etme giri\u015fimlerini de engeller aras\u0131nda saymal\u0131 asl\u0131nda. Fa\u015fizm-Nazizm bile ekolojiye el koymaya \u00e7al\u0131\u015fmaktan geri durmad\u0131. Elinizdeki kitapta b\u00f6ylesi &#8220;istismarlar&#8221; da ele al\u0131n\u0131yor. Ama yanl\u0131\u015f anla\u015f\u0131lmas\u0131n: ekolojiyi b\u00fct\u00fcn politik ak\u0131mlardan yal\u0131t\u0131lm\u0131\u015f, kendine mahsus bir \u00e2lemde ya\u015f\u0131yormu\u015f gibi tasarlayamay\u0131z. Politik bir ekoloji, hem ekolojiyi kendi sorunsal\u0131 i\u00e7inden politize etmeyi ba\u015faran, hem de bu sorunsal\u0131n evrensel politik davalarla al\u0131\u015fveri\u015fini kuran bir zemine oturabilmeli. Elinizdeki derleme, i\u015fte bu bak\u0131\u015f a\u00e7\u0131s\u0131n\u0131n zenginlik ve enerjisini ta\u015f\u0131yor. Ekolojinin sosyalizmle, feminizmle, anar\u015fizmle, liberalizmle, muhafazak\u00e2rl\u0131kla, demin and\u0131k, fa\u015fizmle eklemlenmesinin d\u00fc\u015f\u00fcnsel deneyimleri -ar\u0131zalar\u0131yla beraber- tart\u0131\u015f\u0131l\u0131yor kitaptaki yaz\u0131larda. Politik ekolojizmin \u00f6zg\u00fcn ekolleri olan derin ekoloji, tinsel ekoloji ve Bookchin&#8217;in toplumsal ekolojisi ayr\u0131ca konu ediliyor. Karamsar bir k\u0131yamet\u00e7ili\u011fin de, naif bir apolitizmin de, idare-i maslahat\u00e7\u0131l\u0131\u011f\u0131n da ufuklar\u0131n\u0131 a\u015facak, ger\u00e7ekten hayat\u00ee \u00f6nemdeki sorunlara \u00e7\u00f6z\u00fcm ve politikaya ruh getirecek bir ekolojizm i\u00e7in&#8230;.&#8221; <\/p>\n","protected":false},"excerpt":{"rendered":"<p>Ekolojiyi, \u00e7evre meselesini politik bir mesele olarak alman\u0131n \u00f6n\u00fcnde b\u00fcy\u00fck d\u00fc\u015f\u00fcnsel engeller var. \u00d6ncelikle, naif bir me\u015fgale say\u0131lmas\u0131, &#8220;\u00e7i\u00e7ek b\u00f6cek muhabbeti&#8221; diye k\u00fc\u00e7\u00fcmsenmesi. Sonra, teknik bir<span class=\"excerpt-hellip\"> [\u2026]<\/span><\/p>\n","protected":false},"featured_media":0,"template":"","meta":{"_monsterinsights_skip_tracking":false,"_monsterinsights_sitenote_active":false,"_monsterinsights_sitenote_note":"","_monsterinsights_sitenote_category":0},"product_brand":[],"product_cat":[12965,12337],"product_tag":[],"class_list":{"0":"post-708722","1":"product","2":"type-product","3":"status-publish","5":"product_cat-genel-politika","6":"product_cat-politika-siyaset","7":"pa_cilt-ciltsiz","8":"pa_tur-kitap","9":"pa_yayinevi-liberte-yayinlari","10":"pa_yazar-kollektif","12":"first","13":"instock","14":"sale","15":"shipping-taxable","16":"purchasable","17":"product-type-simple"},"_links":{"self":[{"href":"https:\/\/roveyayinevi.com.tr\/index.php\/wp-json\/wp\/v2\/product\/708722","targetHints":{"allow":["GET"]}}],"collection":[{"href":"https:\/\/roveyayinevi.com.tr\/index.php\/wp-json\/wp\/v2\/product"}],"about":[{"href":"https:\/\/roveyayinevi.com.tr\/index.php\/wp-json\/wp\/v2\/types\/product"}],"wp:attachment":[{"href":"https:\/\/roveyayinevi.com.tr\/index.php\/wp-json\/wp\/v2\/media?parent=708722"}],"wp:term":[{"taxonomy":"product_brand","embeddable":true,"href":"https:\/\/roveyayinevi.com.tr\/index.php\/wp-json\/wp\/v2\/product_brand?post=708722"},{"taxonomy":"product_cat","embeddable":true,"href":"https:\/\/roveyayinevi.com.tr\/index.php\/wp-json\/wp\/v2\/product_cat?post=708722"},{"taxonomy":"product_tag","embeddable":true,"href":"https:\/\/roveyayinevi.com.tr\/index.php\/wp-json\/wp\/v2\/product_tag?post=708722"}],"curies":[{"name":"wp","href":"https:\/\/api.w.org\/{rel}","templated":true}]}}