{"id":708721,"date":"2025-08-27T16:17:49","date_gmt":"2025-08-27T13:17:49","guid":{"rendered":"https:\/\/roveyayinevi.com.tr\/index.php\/urun\/kendiliginden-dogan-duzen\/"},"modified":"2026-04-16T02:17:32","modified_gmt":"2026-04-15T23:17:32","slug":"kendiliginden-dogan-duzen","status":"publish","type":"product","link":"https:\/\/roveyayinevi.com.tr\/index.php\/urun\/kendiliginden-dogan-duzen\/","title":{"rendered":"Kendili\u011finden Do\u011fan D\u00fczen"},"content":{"rendered":"<p>Demokrasinin Temelleri, \u00fclkemizde demokrasi hakk\u0131nda \u015fimdiye kadar yay\u0131nlanm\u0131\u015f en \u00f6nemli kitaplardan biri. Alt\u0131 b\u00f6l\u00fcm h\u00e2linde d\u00fczenlenen kitapta, demokrasi konusu 80 soruya verilen cevaplarla ayd\u0131nlat\u0131l\u0131yor. Bu sorular\u0131n bir k\u0131sm\u0131 h\u00fck\u00fcmetlerin te\u015fkil\u00e2tlanma bi\u00e7imleri, se\u00e7im sistemleri, siyas\u00ee faaliyetlerin finansman\u0131 gibi bilinen siyas\u00ee sorunlarla ilgili; di\u011ferleri ise, demokrasinin ideolojik temelleri, demokrasi-insan haklar\u0131 ili\u015fkisi, piyasa ekonomisi demokrasi ba\u011flant\u0131s\u0131 gibi ya daha az ele al\u0131nan ya da tek boyutlu olarak tart\u0131\u015f\u0131lan meselelerle\u2026 Demokrasinin Temelleri, T\u00fcrkiye\u2019nin daha iyi bir demokrasiye kavu\u015fmas\u0131n\u0131 isteyen ve bunun i\u00e7in bir \u015feyler yapmaya haz\u0131r olan herkese\u2026 \ufffcTan\u0131t\u0131m Metni<\/p>\n","protected":false},"excerpt":{"rendered":"<p>Demokrasinin Temelleri, \u00fclkemizde demokrasi hakk\u0131nda \u015fimdiye kadar yay\u0131nlanm\u0131\u015f en \u00f6nemli kitaplardan biri. Alt\u0131 b\u00f6l\u00fcm h\u00e2linde d\u00fczenlenen kitapta, demokrasi konusu 80 soruya verilen cevaplarla ayd\u0131nlat\u0131l\u0131yor. Bu sorular\u0131n<span class=\"excerpt-hellip\"> [\u2026]<\/span><\/p>\n","protected":false},"featured_media":0,"template":"","meta":{"_monsterinsights_skip_tracking":false,"_monsterinsights_sitenote_active":false,"_monsterinsights_sitenote_note":"","_monsterinsights_sitenote_category":0},"product_brand":[],"product_cat":[12965,12337],"product_tag":[],"class_list":{"0":"post-708721","1":"product","2":"type-product","3":"status-publish","5":"product_cat-genel-politika","6":"product_cat-politika-siyaset","7":"pa_cilt-ciltsiz","8":"pa_tur-kitap","9":"pa_yayinevi-liberte-yayinlari","10":"pa_yazar-bugra-kalkan","12":"first","13":"instock","14":"sale","15":"shipping-taxable","16":"purchasable","17":"product-type-simple"},"_links":{"self":[{"href":"https:\/\/roveyayinevi.com.tr\/index.php\/wp-json\/wp\/v2\/product\/708721","targetHints":{"allow":["GET"]}}],"collection":[{"href":"https:\/\/roveyayinevi.com.tr\/index.php\/wp-json\/wp\/v2\/product"}],"about":[{"href":"https:\/\/roveyayinevi.com.tr\/index.php\/wp-json\/wp\/v2\/types\/product"}],"wp:attachment":[{"href":"https:\/\/roveyayinevi.com.tr\/index.php\/wp-json\/wp\/v2\/media?parent=708721"}],"wp:term":[{"taxonomy":"product_brand","embeddable":true,"href":"https:\/\/roveyayinevi.com.tr\/index.php\/wp-json\/wp\/v2\/product_brand?post=708721"},{"taxonomy":"product_cat","embeddable":true,"href":"https:\/\/roveyayinevi.com.tr\/index.php\/wp-json\/wp\/v2\/product_cat?post=708721"},{"taxonomy":"product_tag","embeddable":true,"href":"https:\/\/roveyayinevi.com.tr\/index.php\/wp-json\/wp\/v2\/product_tag?post=708721"}],"curies":[{"name":"wp","href":"https:\/\/api.w.org\/{rel}","templated":true}]}}