{"id":708720,"date":"2025-08-27T16:17:49","date_gmt":"2025-08-27T13:17:49","guid":{"rendered":"https:\/\/roveyayinevi.com.tr\/index.php\/urun\/ozgur-toplumda-birey-ve-cemaat\/"},"modified":"2026-04-16T02:17:32","modified_gmt":"2026-04-15T23:17:32","slug":"ozgur-toplumda-birey-ve-cemaat","status":"publish","type":"product","link":"https:\/\/roveyayinevi.com.tr\/index.php\/urun\/ozgur-toplumda-birey-ve-cemaat\/","title":{"rendered":"\u00d6zg\u00fcr Toplumda Birey ve Cemaat"},"content":{"rendered":"<p>\u0130nsan kendi akl\u0131 ve tercihleri do\u011frultusunda m\u0131;yoksa mansubu oldu\u011fu cemaatlerin ilke ve de\u011ferlerine m\u00fcracaat ederek mi hayat tarz\u0131n\u0131 belirler? <\/p>\n","protected":false},"excerpt":{"rendered":"<p>\u0130nsan kendi akl\u0131 ve tercihleri do\u011frultusunda m\u0131;yoksa mansubu oldu\u011fu cemaatlerin ilke ve de\u011ferlerine m\u00fcracaat ederek mi hayat tarz\u0131n\u0131 belirler?<\/p>\n","protected":false},"featured_media":0,"template":"","meta":{"_monsterinsights_skip_tracking":false,"_monsterinsights_sitenote_active":false,"_monsterinsights_sitenote_note":"","_monsterinsights_sitenote_category":0},"product_brand":[],"product_cat":[12337,14543],"product_tag":[],"class_list":{"0":"post-708720","1":"product","2":"type-product","3":"status-publish","5":"product_cat-politika-siyaset","6":"product_cat-turkiye-siyaseti-ve-politikasi","7":"pa_cilt-ciltsiz","8":"pa_tur-kitap","9":"pa_yayinevi-liberte-yayinlari","10":"pa_yazar-salih-zeki-hakli","12":"first","13":"instock","14":"sale","15":"shipping-taxable","16":"purchasable","17":"product-type-simple"},"_links":{"self":[{"href":"https:\/\/roveyayinevi.com.tr\/index.php\/wp-json\/wp\/v2\/product\/708720","targetHints":{"allow":["GET"]}}],"collection":[{"href":"https:\/\/roveyayinevi.com.tr\/index.php\/wp-json\/wp\/v2\/product"}],"about":[{"href":"https:\/\/roveyayinevi.com.tr\/index.php\/wp-json\/wp\/v2\/types\/product"}],"wp:attachment":[{"href":"https:\/\/roveyayinevi.com.tr\/index.php\/wp-json\/wp\/v2\/media?parent=708720"}],"wp:term":[{"taxonomy":"product_brand","embeddable":true,"href":"https:\/\/roveyayinevi.com.tr\/index.php\/wp-json\/wp\/v2\/product_brand?post=708720"},{"taxonomy":"product_cat","embeddable":true,"href":"https:\/\/roveyayinevi.com.tr\/index.php\/wp-json\/wp\/v2\/product_cat?post=708720"},{"taxonomy":"product_tag","embeddable":true,"href":"https:\/\/roveyayinevi.com.tr\/index.php\/wp-json\/wp\/v2\/product_tag?post=708720"}],"curies":[{"name":"wp","href":"https:\/\/api.w.org\/{rel}","templated":true}]}}