{"id":708719,"date":"2025-08-27T16:17:48","date_gmt":"2025-08-27T13:17:48","guid":{"rendered":"https:\/\/roveyayinevi.com.tr\/index.php\/urun\/iktisat-elestirel-ders-kitabi\/"},"modified":"2026-04-16T02:17:32","modified_gmt":"2026-04-15T23:17:32","slug":"iktisat-elestirel-ders-kitabi","status":"publish","type":"product","link":"https:\/\/roveyayinevi.com.tr\/index.php\/urun\/iktisat-elestirel-ders-kitabi\/","title":{"rendered":"\u0130ktisat: Ele\u015ftirel Ders Kitab\u0131"},"content":{"rendered":"<p>Ders kitaplar\u0131 ister istemez se\u00e7icidir. Baz\u0131 \u015feyleri i\u00e7erip bunlara vurgu yaparken, di\u011fer \u015feyleri d\u0131\u015far\u0131da tutmal\u0131 veya \u00f6nemsiz olarak lanse etmelidir. Ders kitaplar\u0131 belli sorular\u0131 sorar ve di\u011fer sorular\u0131 g\u00fcndeme ta\u015f\u0131maz. Baz\u0131 ba\u015fl\u0131klar\u0131 ve sorunlar\u0131 \u00f6n plana \u00e7\u0131kar\u0131rken di\u011ferlerini arka plana iter veya tamamen d\u0131\u015far\u0131da tutar. Bu se\u00e7imlerde, dolay\u0131s\u0131yla, belirli de\u011fer yarg\u0131lar\u0131 etkindir. Yani \u201cobjektif\u201d bir g\u00f6r\u00fc\u015f m\u00fcmk\u00fcn de\u011fildir. Yine de ders kitaplar\u0131 kendilerini bir objektiflik halesine gizler. \u0130ktisad\u0131, olgularla ve \u00f6ng\u00f6r\u00fclerde bulunan teorilerle ilgilenen bir bilim olarak resmeder. \u0130ktisat\u00e7\u0131lar ise, beyaz \u00f6nl\u00fcklerini giyen ve bir teoriyi objektif olarak di\u011fer bir teoriyle k\u0131yaslayan, mesleki kan\u0131n\u0131n destekledi\u011fi politika re\u00e7eteleri \u00f6neren teknisyenlerdir. Ele\u015ftirel Ders Kitab\u0131 bunun bir mit \u2013tehlikeli bir bi\u00e7imde yan\u0131lt\u0131c\u0131 olmas\u0131n\u0131n yan\u0131 s\u0131ra, yavan ve s\u0131k\u0131c\u0131 bir mit- oldu\u011funu ileri s\u00fcrer. Zira ders kitab\u0131 yazarlar\u0131n\u0131n de\u011fer yarg\u0131lar\u0131 \u201c\u0130ktisat nedir?\u201d sorusunu sorduklar\u0131 ve ana meseleyi ve bunun i\u015faret etti\u011fi ba\u015fl\u0131ca sorunlar\u0131 tan\u0131mlamaya giri\u015ftikleri daha ilk sayfada kendini g\u00f6sterir. Pek \u00e7ok farkl\u0131 iktisat tan\u0131m\u0131 yap\u0131labilir ve bu tan\u0131mlar\u0131n her biri farkl\u0131 incelemelere yol a\u00e7ar. Bir tan\u0131m, toplam gelir ve \u00fcretimi m\u00fcmk\u00fcn oldu\u011funca y\u00fcksek k\u0131lmak i\u00e7in toplumun k\u0131t kaynaklar\u0131n\u0131 kullanman\u0131n \u00f6nemini vurgularken di\u011fer bir tan\u0131m herkesin temel ihtiya\u00e7lar\u0131n\u0131 kar\u015f\u0131layacak \u015fekilde yoksullu\u011fun ve a\u00e7l\u0131\u011f\u0131n ortadan kald\u0131r\u0131lmas\u0131n\u0131n \u00f6nemine vurgu yapabilir. Elinizdeki kitap, okuyucular\u0131na, ders kitaplar\u0131nda nelere yer verildi\u011fi ve nelere yer verilmedi\u011fi konular\u0131nda \u00e7e\u015fitli \u00f6rnekler sunmaktad\u0131r. Neticede ders kitaplar\u0131 yaln\u0131zca nas\u0131l d\u00fc\u015f\u00fcnece\u011finizi (\u201cbir iktisat\u00e7\u0131 gibi!\u201d) \u00f6\u011fretmez, ayn\u0131 zamanda ne d\u00fc\u015f\u00fcnece\u011finizi de s\u00f6ylemeye \u00e7al\u0131\u015f\u0131r. Her d\u00fcr\u00fcst iktisat hocas\u0131, Rod Hill ve Tony Myatt\u2019\u0131n yazd\u0131\u011f\u0131 bu kitab\u0131, neredeyse sadece tavsiye edilen konvansiyonel ders kitaplar\u0131ndan beslenen \u00f6\u011frencilerinin okumas\u0131n\u0131 zorunlu k\u0131lmal\u0131d\u0131r. \u2014 Samir AMIN <\/p>\n","protected":false},"excerpt":{"rendered":"<p>Ders kitaplar\u0131 ister istemez se\u00e7icidir. Baz\u0131 \u015feyleri i\u00e7erip bunlara vurgu yaparken, di\u011fer \u015feyleri d\u0131\u015far\u0131da tutmal\u0131 veya \u00f6nemsiz olarak lanse etmelidir. Ders kitaplar\u0131 belli sorular\u0131 sorar ve<span class=\"excerpt-hellip\"> [\u2026]<\/span><\/p>\n","protected":false},"featured_media":0,"template":"","meta":{"_monsterinsights_skip_tracking":false,"_monsterinsights_sitenote_active":false,"_monsterinsights_sitenote_note":"","_monsterinsights_sitenote_category":0},"product_brand":[],"product_cat":[13043,37200],"product_tag":[],"class_list":{"0":"post-708719","1":"product","2":"type-product","3":"status-publish","5":"product_cat-ekonomi","6":"product_cat-referans-kitaplar-ekonomi","7":"pa_cilt-ciltsiz","8":"pa_tur-kitap","9":"pa_yayinevi-heretik-yayincilik","10":"pa_yazar-rod-hill","12":"first","13":"instock","14":"sale","15":"shipping-taxable","16":"purchasable","17":"product-type-simple"},"_links":{"self":[{"href":"https:\/\/roveyayinevi.com.tr\/index.php\/wp-json\/wp\/v2\/product\/708719","targetHints":{"allow":["GET"]}}],"collection":[{"href":"https:\/\/roveyayinevi.com.tr\/index.php\/wp-json\/wp\/v2\/product"}],"about":[{"href":"https:\/\/roveyayinevi.com.tr\/index.php\/wp-json\/wp\/v2\/types\/product"}],"wp:attachment":[{"href":"https:\/\/roveyayinevi.com.tr\/index.php\/wp-json\/wp\/v2\/media?parent=708719"}],"wp:term":[{"taxonomy":"product_brand","embeddable":true,"href":"https:\/\/roveyayinevi.com.tr\/index.php\/wp-json\/wp\/v2\/product_brand?post=708719"},{"taxonomy":"product_cat","embeddable":true,"href":"https:\/\/roveyayinevi.com.tr\/index.php\/wp-json\/wp\/v2\/product_cat?post=708719"},{"taxonomy":"product_tag","embeddable":true,"href":"https:\/\/roveyayinevi.com.tr\/index.php\/wp-json\/wp\/v2\/product_tag?post=708719"}],"curies":[{"name":"wp","href":"https:\/\/api.w.org\/{rel}","templated":true}]}}