{"id":708717,"date":"2025-08-27T16:17:47","date_gmt":"2025-08-27T13:17:47","guid":{"rendered":"https:\/\/roveyayinevi.com.tr\/index.php\/urun\/kuma-2\/"},"modified":"2026-04-16T02:17:32","modified_gmt":"2026-04-15T23:17:32","slug":"kuma-2","status":"publish","type":"product","link":"https:\/\/roveyayinevi.com.tr\/index.php\/urun\/kuma-2\/","title":{"rendered":"Kuma 2"},"content":{"rendered":"<p>\u0130dam sehpas\u0131nda durmu\u015f, boynuma as\u0131l\u0131 bir iple hayat\u0131 s\u00fcrd\u00fcr\u00fcyorum. Sa\u011f yan\u0131ma durmu\u015f bir kad\u0131n, sol yan\u0131ma konmu\u015f bir ba\u015fka kad\u0131n ve ortalar\u0131nda kalm\u0131\u015f bir adam\u0131m. Hangi yana d\u00f6nsem \u00e7aresizlikle ku\u015fat\u0131l\u0131yorum. \u201cBenden gittin, bana geri d\u00f6necek misin?\u201d diye soruyor sa\u011f\u0131mdaki kad\u0131n. \u201cBana geldin, benden gitmeyeceksin de\u011fil mi?\u201d diye soruyor solumdaki kad\u0131n. Hayat\u0131m\u0131 \u00e7epe\u00e7evre sarm\u0131\u015f iki kad\u0131n\u0131m! Arkamda asla b\u0131rakamad\u0131\u011f\u0131m iki kar\u0131m&#8230; Ne bir ad\u0131m geri ne bir ad\u0131m ileri gidebiliyorum. Hi\u00e7bir yere ka\u00e7am\u0131yorum. Yan\u0131ma tek bir kad\u0131n\u0131 al\u0131p yoluma devam edemiyorum. \u0130ki kad\u0131n hayat\u0131mda, iki kad\u0131n kalbimde. \u00c7\u0131k\u0131\u015f\u0131m yok, yolum yok. Sa\u011f\u0131m solum kalabal\u0131k. D\u00f6n\u00fc\u015f\u00fc yok, \u00e7\u00f6z\u00fcm\u00fc yok. As\u0131l sorun; sonumuz yok! <\/p>\n","protected":false},"excerpt":{"rendered":"<p>\u0130dam sehpas\u0131nda durmu\u015f, boynuma as\u0131l\u0131 bir iple hayat\u0131 s\u00fcrd\u00fcr\u00fcyorum. Sa\u011f yan\u0131ma durmu\u015f bir kad\u0131n, sol yan\u0131ma konmu\u015f bir ba\u015fka kad\u0131n ve ortalar\u0131nda kalm\u0131\u015f bir adam\u0131m. Hangi<span class=\"excerpt-hellip\"> [\u2026]<\/span><\/p>\n","protected":false},"featured_media":0,"template":"","meta":{"_monsterinsights_skip_tracking":false,"_monsterinsights_sitenote_active":false,"_monsterinsights_sitenote_note":"","_monsterinsights_sitenote_category":0},"product_brand":[],"product_cat":[12291,12711],"product_tag":[],"class_list":{"0":"post-708717","1":"product","2":"type-product","3":"status-publish","5":"product_cat-edebiyat","6":"product_cat-roman-oyku","7":"pa_cilt-ciltsiz","8":"pa_tur-kitap","9":"pa_yayinevi-dokuz-yayinlari","10":"pa_yazar-sehnaz-gulsen","12":"first","13":"instock","14":"sale","15":"shipping-taxable","16":"purchasable","17":"product-type-simple"},"_links":{"self":[{"href":"https:\/\/roveyayinevi.com.tr\/index.php\/wp-json\/wp\/v2\/product\/708717","targetHints":{"allow":["GET"]}}],"collection":[{"href":"https:\/\/roveyayinevi.com.tr\/index.php\/wp-json\/wp\/v2\/product"}],"about":[{"href":"https:\/\/roveyayinevi.com.tr\/index.php\/wp-json\/wp\/v2\/types\/product"}],"wp:attachment":[{"href":"https:\/\/roveyayinevi.com.tr\/index.php\/wp-json\/wp\/v2\/media?parent=708717"}],"wp:term":[{"taxonomy":"product_brand","embeddable":true,"href":"https:\/\/roveyayinevi.com.tr\/index.php\/wp-json\/wp\/v2\/product_brand?post=708717"},{"taxonomy":"product_cat","embeddable":true,"href":"https:\/\/roveyayinevi.com.tr\/index.php\/wp-json\/wp\/v2\/product_cat?post=708717"},{"taxonomy":"product_tag","embeddable":true,"href":"https:\/\/roveyayinevi.com.tr\/index.php\/wp-json\/wp\/v2\/product_tag?post=708717"}],"curies":[{"name":"wp","href":"https:\/\/api.w.org\/{rel}","templated":true}]}}