{"id":708716,"date":"2025-08-27T16:17:47","date_gmt":"2025-08-27T13:17:47","guid":{"rendered":"https:\/\/roveyayinevi.com.tr\/index.php\/urun\/pop-gitar-repertuari\/"},"modified":"2026-04-16T02:17:32","modified_gmt":"2026-04-15T23:17:32","slug":"pop-gitar-repertuari","status":"publish","type":"product","link":"https:\/\/roveyayinevi.com.tr\/index.php\/urun\/pop-gitar-repertuari\/","title":{"rendered":"Pop Gitar Repertuar\u0131"},"content":{"rendered":"<p>B\u00dcLENT \u0130\u015eB\u0130LEN    Balgat Teknik ve End\u00fcstri Meslek Lisesi Bilgisayar B\u00f6l\u00fcm\u00fcnden 1995 y\u0131l\u0131nda mezun olan yazar 2000 y\u0131l\u0131nda Gazi \u00dcniversitesi E\u011fitim Fak\u00fcltesi M\u00fczik \u00d6\u011fretmenli\u011fi B\u00f6l\u00fcm\u00fcnde lisans e\u011fitimini tamamlad\u0131. 2005 y\u0131l\u0131nda Hacettepe \u00dcniversitesi \u0130lk\u00f6\u011fretim B\u00f6l\u00fcm\u00fc Okul \u00d6ncesi E\u011fitimi Anabilim Dal\u0131ndan y\u00fcksek lisans derecesi almaya hak kazand\u0131. Hacettepe \u00dcniversitesi Beytepe Anaokulunda m\u00fczik \u00f6\u011fretmenli\u011fi yapt\u0131. 2002-2007 y\u0131llar\u0131 aras\u0131nda GATA G\u00fclhane Sa\u011fl\u0131k Vakf\u0131 \u00d6zel E\u011fitim Okulunda m\u00fczik e\u011fitimi ve m\u00fczik terapisi \u00fczerine \u00e7al\u0131\u015fmalar y\u00fcr\u00fctt\u00fc. 2008-2010 y\u0131llar\u0131 aras\u0131nda \u00d6zel Bilkent Lisesinde m\u00fczik \u00f6\u011fretmeni olarak \u00e7al\u0131\u015ft\u0131. 2013 y\u0131l\u0131nda \u0130\u015fbilen Sanat Merkezi&#8217;ni kurdu. Gitar ve m\u00fczik e\u011fitimi \u00fczerine yay\u0131nlanm\u0131\u015f \u00e7e\u015fitli metot ve \u015fark\u0131 repertuar\u0131 kitaplar\u0131 bulunan yazar, gitar e\u011fitiminin yan\u0131 s\u0131ra engelli bireylerle m\u00fczik e\u011fitimi ve terapisi \u00e7al\u0131\u015fmalar\u0131n\u0131 2003 y\u0131l\u0131ndan beri bireysel olarak s\u00fcrd\u00fcrmektedir. www.bulentisbilen.com adresinden yazara ula\u015fabilir, g\u00fcncel \u00e7al\u0131\u015fmalar\u0131n\u0131 takip edebilirsiniz.   \u00d6ZHAN G\u00d6LEBATMAZ Gitar \u00e7al\u0131\u015fmalar\u0131na 1989 y\u0131l\u0131nda Levent G\u00f6n\u00fcl&#8217;den klasik gitar e\u011fitimi alarak ba\u015flad\u0131. T\u00fcrkiye&#8217;nin \u00e7e\u015fitli illerinde solo, duo ve trio konserler veren gitarist, 2001 y\u0131l\u0131nda Murat \u0130\u015fbilen ve B\u00fclent B\u0131\u00e7ak\u00e7\u0131&#8217;yla 1. Adana Gitar G\u00fcnleri&#8217;nde, 2005-2006 y\u0131llar\u0131 aras\u0131nda ise Ordu Uluslararas\u0131 Klasik Gitar Festivali&#8217;nde sahneald\u0131. Ankara ve K\u0131br\u0131s&#8217;ta sergilenen \u201cNick Name Su Perisi\u201d adl\u0131 oyunun m\u00fcziklerini yapt\u0131. \u00c7orum&#8217;da d\u00fczenlenen Uluslararas\u0131 Hitit Gitar Festivaline kat\u0131ld\u0131. \u00c7al\u0131\u015fmalar\u0131na halen Ankara&#8217;da devam etmektedir. <\/p>\n","protected":false},"excerpt":{"rendered":"<p>B\u00dcLENT \u0130\u015eB\u0130LEN Balgat Teknik ve End\u00fcstri Meslek Lisesi Bilgisayar B\u00f6l\u00fcm\u00fcnden 1995 y\u0131l\u0131nda mezun olan yazar 2000 y\u0131l\u0131nda Gazi \u00dcniversitesi E\u011fitim Fak\u00fcltesi M\u00fczik \u00d6\u011fretmenli\u011fi B\u00f6l\u00fcm\u00fcnde lisans e\u011fitimini<span class=\"excerpt-hellip\"> [\u2026]<\/span><\/p>\n","protected":false},"featured_media":0,"template":"","meta":{"_monsterinsights_skip_tracking":false,"_monsterinsights_sitenote_active":false,"_monsterinsights_sitenote_note":"","_monsterinsights_sitenote_category":0},"product_brand":[],"product_cat":[12274,12649],"product_tag":[],"class_list":{"0":"post-708716","1":"product","2":"type-product","3":"status-publish","5":"product_cat-cocuk-ve-genclik-kitaplari","6":"product_cat-hobi-muzik","7":"pa_cilt-ciltsiz","8":"pa_tur-kitap","9":"pa_yayinevi-arkadas-yayinlari-ders-kitaplari","10":"pa_yazar-bulent-isbilen","11":"pa_yazar-ozhan","13":"first","14":"instock","15":"sale","16":"shipping-taxable","17":"purchasable","18":"product-type-simple"},"_links":{"self":[{"href":"https:\/\/roveyayinevi.com.tr\/index.php\/wp-json\/wp\/v2\/product\/708716","targetHints":{"allow":["GET"]}}],"collection":[{"href":"https:\/\/roveyayinevi.com.tr\/index.php\/wp-json\/wp\/v2\/product"}],"about":[{"href":"https:\/\/roveyayinevi.com.tr\/index.php\/wp-json\/wp\/v2\/types\/product"}],"wp:attachment":[{"href":"https:\/\/roveyayinevi.com.tr\/index.php\/wp-json\/wp\/v2\/media?parent=708716"}],"wp:term":[{"taxonomy":"product_brand","embeddable":true,"href":"https:\/\/roveyayinevi.com.tr\/index.php\/wp-json\/wp\/v2\/product_brand?post=708716"},{"taxonomy":"product_cat","embeddable":true,"href":"https:\/\/roveyayinevi.com.tr\/index.php\/wp-json\/wp\/v2\/product_cat?post=708716"},{"taxonomy":"product_tag","embeddable":true,"href":"https:\/\/roveyayinevi.com.tr\/index.php\/wp-json\/wp\/v2\/product_tag?post=708716"}],"curies":[{"name":"wp","href":"https:\/\/api.w.org\/{rel}","templated":true}]}}