{"id":708715,"date":"2025-08-27T16:17:46","date_gmt":"2025-08-27T13:17:46","guid":{"rendered":"https:\/\/roveyayinevi.com.tr\/index.php\/urun\/bir-uyuyup-bir-uyanalim\/"},"modified":"2025-08-31T14:58:58","modified_gmt":"2025-08-31T11:58:58","slug":"bir-uyuyup-bir-uyanalim","status":"publish","type":"product","link":"https:\/\/roveyayinevi.com.tr\/index.php\/urun\/bir-uyuyup-bir-uyanalim\/","title":{"rendered":"Bir Uyuyup Bir Uyanal\u0131m"},"content":{"rendered":"<p>Zaman zaman haberlere konu olan anket \u00e7al\u0131\u015fmalar\u0131 vard\u0131r hani, \u201cA\u015fa\u011f\u0131dakilerden hangisinin kom\u015funuz olmas\u0131n\u0131 istemezsiniz?\u201d diye sorulan\u2026 O anketlerde en \u00e7ok i\u015faretlenen \u015f\u0131klar\u0131n hepsini d\u00fc\u015f\u00fcn\u00fcn \u015fimdi. Kimden nefret ediliyorsa onlar\u0131 d\u00fc\u015f\u00fcn\u00fcn. Nefret su\u00e7lar\u0131n\u0131n kurbanlar\u0131n\u0131 d\u00fc\u015f\u00fcn\u00fcn. \u00d6nyarg\u0131yla yakla\u015f\u0131lanlar\u0131 d\u00fc\u015f\u00fcn\u00fcn. \u00d6tekile\u015ftirilenleri d\u00fc\u015f\u00fcn\u00fcn. D\u0131\u015flananlar\u0131, kovulanlar\u0131, ayr\u0131mc\u0131l\u0131\u011fa ve haks\u0131zl\u0131\u011fa u\u011frayanlar\u0131 d\u00fc\u015f\u00fcn\u00fcn. Hakl\u0131yken haks\u0131z konuma d\u00fc\u015f\u00fcr\u00fclenleri, kap\u0131n\u0131n \u00f6n\u00fcne konulmak istenenleri d\u00fc\u015f\u00fcn\u00fcn\u2026 Yeterince d\u00fc\u015f\u00fcnd\u00fcyseniz okumaya ba\u015flayabilirsiniz. Uykunuz geldi\u011fi anda, hi\u00e7 \u00e7ekinmeyin, kitab\u0131 bir kenara koyup g\u00f6zlerinizi yumun. Bir uyuyup uyanal\u0131m, her \u015fey daha g\u00fczel olacak, biliyorum\u2026\u0130rfan De\u011firmenciEski bir televizyoncu \ud83d\ude09 <\/p>\n","protected":false},"excerpt":{"rendered":"<p>Zaman zaman haberlere konu olan anket \u00e7al\u0131\u015fmalar\u0131 vard\u0131r hani, \u201cA\u015fa\u011f\u0131dakilerden hangisinin kom\u015funuz olmas\u0131n\u0131 istemezsiniz?\u201d diye sorulan\u2026 O anketlerde en \u00e7ok i\u015faretlenen \u015f\u0131klar\u0131n hepsini d\u00fc\u015f\u00fcn\u00fcn \u015fimdi. Kimden<span class=\"excerpt-hellip\"> [\u2026]<\/span><\/p>\n","protected":false},"featured_media":0,"template":"","meta":{"_monsterinsights_skip_tracking":false,"_monsterinsights_sitenote_active":false,"_monsterinsights_sitenote_note":"","_monsterinsights_sitenote_category":0},"product_brand":[],"product_cat":[12777,12291],"product_tag":[],"class_list":{"0":"post-708715","1":"product","2":"type-product","3":"status-publish","5":"product_cat-deneme","6":"product_cat-edebiyat","7":"pa_cilt-ciltsiz","8":"pa_tur-kitap","9":"pa_yayinevi-inkilap-kitabevi","10":"pa_yazar-irfan-degirmenci","12":"first","13":"instock","14":"sale","15":"shipping-taxable","16":"purchasable","17":"product-type-simple"},"_links":{"self":[{"href":"https:\/\/roveyayinevi.com.tr\/index.php\/wp-json\/wp\/v2\/product\/708715","targetHints":{"allow":["GET"]}}],"collection":[{"href":"https:\/\/roveyayinevi.com.tr\/index.php\/wp-json\/wp\/v2\/product"}],"about":[{"href":"https:\/\/roveyayinevi.com.tr\/index.php\/wp-json\/wp\/v2\/types\/product"}],"wp:attachment":[{"href":"https:\/\/roveyayinevi.com.tr\/index.php\/wp-json\/wp\/v2\/media?parent=708715"}],"wp:term":[{"taxonomy":"product_brand","embeddable":true,"href":"https:\/\/roveyayinevi.com.tr\/index.php\/wp-json\/wp\/v2\/product_brand?post=708715"},{"taxonomy":"product_cat","embeddable":true,"href":"https:\/\/roveyayinevi.com.tr\/index.php\/wp-json\/wp\/v2\/product_cat?post=708715"},{"taxonomy":"product_tag","embeddable":true,"href":"https:\/\/roveyayinevi.com.tr\/index.php\/wp-json\/wp\/v2\/product_tag?post=708715"}],"curies":[{"name":"wp","href":"https:\/\/api.w.org\/{rel}","templated":true}]}}