{"id":708714,"date":"2025-08-27T16:17:46","date_gmt":"2025-08-27T13:17:46","guid":{"rendered":"https:\/\/roveyayinevi.com.tr\/index.php\/urun\/memleket-yazilari-16-taklitten-adete-gundelik-hayat\/"},"modified":"2026-04-16T02:17:32","modified_gmt":"2026-04-15T23:17:32","slug":"memleket-yazilari-16-taklitten-adete-gundelik-hayat","status":"publish","type":"product","link":"https:\/\/roveyayinevi.com.tr\/index.php\/urun\/memleket-yazilari-16-taklitten-adete-gundelik-hayat\/","title":{"rendered":"Memleket Yaz\u0131lar\u0131 16 Taklitten Adete G\u00fcndelik Hayat"},"content":{"rendered":"<p>Refik Halid Karay g\u00f6rd\u00fcklerinden, duyduklar\u0131ndan k\u0131sacas\u0131 g\u00fcndelik hayat\u0131ndan beslenerek ele ald\u0131\u011f\u0131 her konuyu kurdu\u011fu   analojiler ve metaforlarla a\u00e7\u0131klar. Sokakta yank\u0131lanan bir klakson sesi i\u015fitir; sevin\u00e7, \u00fcz\u00fcnt\u00fc ve gerginlikte o klaksonun nas\u0131l bir ifade arac\u0131na d\u00f6n\u00fc\u015ft\u00fc\u011f\u00fcn\u00fc anlat\u0131r. \u0130stanbul k\u0131\u015f\u0131nda bacalardan yay\u0131lan k\u00f6m\u00fcr tozunu, kurumu g\u00f6r\u00fcr; k\u00f6m\u00fcr ve petrol u\u011fruna yap\u0131lan sava\u015flar\u0131, sava\u015f k\u0131\u015fk\u0131rt\u0131c\u0131lar\u0131n\u0131n kurumlu hallerini ele al\u0131r. D\u00f6nemin k\u0131yafet modas\u0131na bakar; oradan bir zarafet ve maskaral\u0131k tarihi \u00e7\u0131kar\u0131r. Kimi zaman g\u00fcndelik hayata kimi zamansa a\u011flanacak hallere g\u00fcld\u00fcr\u00fcr, d\u00fc\u015f\u00fcnd\u00fcr\u00fcr.Refik Halid Karay, Taklitten \u00c2dete G\u00fcndelik Hayat\u2019ta bir hicivustas\u0131na yak\u0131\u015f\u0131r \u015fekilde, s\u0131radan olaylara s\u0131ra d\u0131\u015f\u0131 ve mizahi yorumlar getiriyor; toplumun ve d\u00fcnyan\u0131n detaylarda gizlenen al\u0131\u015fkanl\u0131k ve tarihlerini ortaya koyuyor\u2026 <\/p>\n","protected":false},"excerpt":{"rendered":"<p>Refik Halid Karay g\u00f6rd\u00fcklerinden, duyduklar\u0131ndan k\u0131sacas\u0131 g\u00fcndelik hayat\u0131ndan beslenerek ele ald\u0131\u011f\u0131 her konuyu kurdu\u011fu analojiler ve metaforlarla a\u00e7\u0131klar. Sokakta yank\u0131lanan bir klakson sesi i\u015fitir; sevin\u00e7, \u00fcz\u00fcnt\u00fc<span class=\"excerpt-hellip\"> [\u2026]<\/span><\/p>\n","protected":false},"featured_media":0,"template":"","meta":{"_monsterinsights_skip_tracking":false,"_monsterinsights_sitenote_active":false,"_monsterinsights_sitenote_note":"","_monsterinsights_sitenote_category":0},"product_brand":[],"product_cat":[13072,12291],"product_tag":[],"class_list":{"0":"post-708714","1":"product","2":"type-product","3":"status-publish","5":"product_cat-arastirma-inceleme-referans","6":"product_cat-edebiyat","7":"pa_cilt-ciltsiz","8":"pa_tur-kitap","9":"pa_yayinevi-inkilap-kitabevi","10":"pa_yazar-refik-halid-karay","12":"first","13":"instock","14":"sale","15":"shipping-taxable","16":"purchasable","17":"product-type-simple"},"_links":{"self":[{"href":"https:\/\/roveyayinevi.com.tr\/index.php\/wp-json\/wp\/v2\/product\/708714","targetHints":{"allow":["GET"]}}],"collection":[{"href":"https:\/\/roveyayinevi.com.tr\/index.php\/wp-json\/wp\/v2\/product"}],"about":[{"href":"https:\/\/roveyayinevi.com.tr\/index.php\/wp-json\/wp\/v2\/types\/product"}],"wp:attachment":[{"href":"https:\/\/roveyayinevi.com.tr\/index.php\/wp-json\/wp\/v2\/media?parent=708714"}],"wp:term":[{"taxonomy":"product_brand","embeddable":true,"href":"https:\/\/roveyayinevi.com.tr\/index.php\/wp-json\/wp\/v2\/product_brand?post=708714"},{"taxonomy":"product_cat","embeddable":true,"href":"https:\/\/roveyayinevi.com.tr\/index.php\/wp-json\/wp\/v2\/product_cat?post=708714"},{"taxonomy":"product_tag","embeddable":true,"href":"https:\/\/roveyayinevi.com.tr\/index.php\/wp-json\/wp\/v2\/product_tag?post=708714"}],"curies":[{"name":"wp","href":"https:\/\/api.w.org\/{rel}","templated":true}]}}