{"id":708713,"date":"2025-08-27T16:17:45","date_gmt":"2025-08-27T13:17:45","guid":{"rendered":"https:\/\/roveyayinevi.com.tr\/index.php\/urun\/memleket-yazilari-15-elli-yil-onceki\/"},"modified":"2026-04-16T02:17:32","modified_gmt":"2026-04-15T23:17:32","slug":"memleket-yazilari-15-elli-yil-onceki","status":"publish","type":"product","link":"https:\/\/roveyayinevi.com.tr\/index.php\/urun\/memleket-yazilari-15-elli-yil-onceki\/","title":{"rendered":"Memleket Yaz\u0131lar\u0131 15- Elli Y\u0131l \u00d6nceki"},"content":{"rendered":"<p>Refik Halid Karay\u2019\u0131n 1952-1953 y\u0131llar\u0131nda Siyaset: Haftal\u0131k Politika ve K\u00fclt\u00fcr Gazetesi\u2019nde yay\u0131mlanan yaz\u0131lar\u0131n\u0131n derlendi\u011fi Elli Y\u0131l \u00d6nceki, okurunu 1900\u2019lerin Haydarpa\u015fas\u0131\u2019na, Sarayburnu\u2019na, Tepeba\u015f\u0131\u2019na, Beyo\u011flu\u2019na, Bostanc\u0131\u2019dan Caddebostan\u0131\u2019na uzanan bir gezintiye \u00e7\u0131kar\u0131yor\u2026 Refik Halid bu gezintide eski \u0130stanbul\u2019un atmosferini, k\u0131\u015fl\u0131k ve yazl\u0131k tiyatrolar\u0131n\u0131, kahve i\u00e7me \u00e2detini, gece simitlerini, bir se\u00e7kinlik alameti olan bastonlar\u0131, \u201cbonjur\u201d denilen kuyruklu ceketleri an\u0131msat\u0131yor\u2026Elli Y\u0131l \u00d6nceki, usta bir yazar\u0131n gen\u00e7lik hat\u0131ralar\u0131nda iz b\u0131rakm\u0131\u015f o e\u015fsiz \u0130stanbul\u2019un semtleri, insanlar\u0131 ve \u00e2detleri\u2026 <\/p>\n","protected":false},"excerpt":{"rendered":"<p>Refik Halid Karay\u2019\u0131n 1952-1953 y\u0131llar\u0131nda Siyaset: Haftal\u0131k Politika ve K\u00fclt\u00fcr Gazetesi\u2019nde yay\u0131mlanan yaz\u0131lar\u0131n\u0131n derlendi\u011fi Elli Y\u0131l \u00d6nceki, okurunu 1900\u2019lerin Haydarpa\u015fas\u0131\u2019na, Sarayburnu\u2019na, Tepeba\u015f\u0131\u2019na, Beyo\u011flu\u2019na, Bostanc\u0131\u2019dan Caddebostan\u0131\u2019na uzanan<span class=\"excerpt-hellip\"> [\u2026]<\/span><\/p>\n","protected":false},"featured_media":0,"template":"","meta":{"_monsterinsights_skip_tracking":false,"_monsterinsights_sitenote_active":false,"_monsterinsights_sitenote_note":"","_monsterinsights_sitenote_category":0},"product_brand":[],"product_cat":[13072,12291],"product_tag":[],"class_list":{"0":"post-708713","1":"product","2":"type-product","3":"status-publish","5":"product_cat-arastirma-inceleme-referans","6":"product_cat-edebiyat","7":"pa_cilt-ciltsiz","8":"pa_tur-kitap","9":"pa_yayinevi-inkilap-kitabevi","10":"pa_yazar-refik-halid-karay","12":"first","13":"instock","14":"sale","15":"shipping-taxable","16":"purchasable","17":"product-type-simple"},"_links":{"self":[{"href":"https:\/\/roveyayinevi.com.tr\/index.php\/wp-json\/wp\/v2\/product\/708713","targetHints":{"allow":["GET"]}}],"collection":[{"href":"https:\/\/roveyayinevi.com.tr\/index.php\/wp-json\/wp\/v2\/product"}],"about":[{"href":"https:\/\/roveyayinevi.com.tr\/index.php\/wp-json\/wp\/v2\/types\/product"}],"wp:attachment":[{"href":"https:\/\/roveyayinevi.com.tr\/index.php\/wp-json\/wp\/v2\/media?parent=708713"}],"wp:term":[{"taxonomy":"product_brand","embeddable":true,"href":"https:\/\/roveyayinevi.com.tr\/index.php\/wp-json\/wp\/v2\/product_brand?post=708713"},{"taxonomy":"product_cat","embeddable":true,"href":"https:\/\/roveyayinevi.com.tr\/index.php\/wp-json\/wp\/v2\/product_cat?post=708713"},{"taxonomy":"product_tag","embeddable":true,"href":"https:\/\/roveyayinevi.com.tr\/index.php\/wp-json\/wp\/v2\/product_tag?post=708713"}],"curies":[{"name":"wp","href":"https:\/\/api.w.org\/{rel}","templated":true}]}}