{"id":708711,"date":"2025-08-27T16:17:44","date_gmt":"2025-08-27T13:17:44","guid":{"rendered":"https:\/\/roveyayinevi.com.tr\/index.php\/urun\/alt-akil-aptallar-ve-diktatorler\/"},"modified":"2026-04-16T02:17:32","modified_gmt":"2026-04-15T23:17:32","slug":"alt-akil-aptallar-ve-diktatorler","status":"publish","type":"product","link":"https:\/\/roveyayinevi.com.tr\/index.php\/urun\/alt-akil-aptallar-ve-diktatorler\/","title":{"rendered":"Alt Ak\u0131l Aptallar Ve Diktat\u00f6rler"},"content":{"rendered":"<p>T\u00fcrkiye OECD \u00fcyesidir. OECD, kurulu\u015fundan bu yana \u00fcye \u00fclkelerin ki\u015fi ba\u015f\u0131na gayri safi h\u00e2s\u0131lalar\u0131n\u0131 bir grafi\u011fe d\u00f6km\u00fc\u015f. 1970&#8217;den, bu kitab\u0131 bitirdi\u011fim 2010&#8217;lu y\u0131llara kadar o grafikteki konumumuz de\u011fi\u015fmemi\u015f. Bir t\u00fcrl\u00fc kalk\u0131nm\u0131\u015f \u00fclkeleri, OECD ortalamas\u0131n\u0131 yakalayamam\u0131\u015f\u0131z. Onlarla kar\u015f\u0131la\u015ft\u0131r\u0131ld\u0131\u011f\u0131nda yar\u0131m as\u0131rl\u0131k bir s\u00fcr\u00fcn\u00fc\u015f h\u00e2lindeyiz. Bu kitab\u0131 bitirdi\u011finizde, ni\u00e7in b\u00f6yle oldu\u011funu biraz daha kavrayacaks\u0131n\u0131z. Sonra da l\u00fctfen her g\u00fcn dinledi\u011finiz nas\u0131l y\u00fckseldi\u011fimiz, kalk\u0131nd\u0131\u011f\u0131m\u0131z, herkesi k\u0131skand\u0131rd\u0131\u011f\u0131m\u0131z konusundaki nutuklar\u0131 hat\u0131rlay\u0131n ve art\u0131k karar verin ki bunlar\u0131 s\u00f6yleyenler do\u011fru s\u00f6ylemiyorlar.  Bu \u00fclkeyi b\u00fcy\u00fck adamlar, ola\u011fan\u00fcst\u00fc g\u00fc\u00e7ler de\u011fil biz kalk\u0131nd\u0131raca\u011f\u0131z. Evet siz! Kalk\u0131nd\u0131racak olan da,  ba\u015far\u0131s\u0131z olup s\u00fcr\u00fcnd\u00fcrmeye devam edecek olan da sizsiniz, biziz&#8230; Ba\u015fka kimse de\u011fil. Bu \u00fclkenin b\u00f6yle s\u00fcr\u00fcnmesinin de as\u0131l sebebi biziz.  Aptall\u0131\u011f\u0131m\u0131zla, cesaretsizli\u011fimizle, bir kurtar\u0131c\u0131 beklememizle, hareketsizli\u011fimizle&#8230;  Evet, biziz; sizsiniz.  Tabi rakiplerimiz var, tabi bizim kalk\u0131nmam\u0131z\u0131 istemeyenler var. D\u00fcnya bir milletler m\u00fccadelesi arenas\u0131d\u0131r.  Ama o rakiplere f\u0131rsat veren biziz.  Unutmayal\u0131m ki biz ba\u015fkalar\u0131n\u0131n davran\u0131\u015flar\u0131ndan sorumlu de\u011filiz. Ba\u015fkalar\u0131n\u0131n davran\u0131\u015flar\u0131n\u0131 d\u00fczeltemeyiz de. Ama kendi davran\u0131\u015flar\u0131m\u0131zdan sorumluyuz.  Kendi davran\u0131\u015flar\u0131m\u0131z\u0131 d\u00fczeltebiliriz. O halde kendimizi inceleyerek i\u015fe ba\u015flayal\u0131m.  Var m\u0131s\u0131n\u0131z? <\/p>\n","protected":false},"excerpt":{"rendered":"<p>T\u00fcrkiye OECD \u00fcyesidir. OECD, kurulu\u015fundan bu yana \u00fcye \u00fclkelerin ki\u015fi ba\u015f\u0131na gayri safi h\u00e2s\u0131lalar\u0131n\u0131 bir grafi\u011fe d\u00f6km\u00fc\u015f. 1970&#8217;den, bu kitab\u0131 bitirdi\u011fim 2010&#8217;lu y\u0131llara kadar o grafikteki<span class=\"excerpt-hellip\"> [\u2026]<\/span><\/p>\n","protected":false},"featured_media":0,"template":"","meta":{"_monsterinsights_skip_tracking":false,"_monsterinsights_sitenote_active":false,"_monsterinsights_sitenote_note":"","_monsterinsights_sitenote_category":0},"product_brand":[],"product_cat":[12337,14543],"product_tag":[],"class_list":{"0":"post-708711","1":"product","2":"type-product","3":"status-publish","5":"product_cat-politika-siyaset","6":"product_cat-turkiye-siyaseti-ve-politikasi","7":"pa_cilt-ciltsiz","8":"pa_tur-kitap","9":"pa_yayinevi-panama-yayincilik","10":"pa_yazar-iskender-oksuz","12":"first","13":"instock","14":"sale","15":"shipping-taxable","16":"purchasable","17":"product-type-simple"},"_links":{"self":[{"href":"https:\/\/roveyayinevi.com.tr\/index.php\/wp-json\/wp\/v2\/product\/708711","targetHints":{"allow":["GET"]}}],"collection":[{"href":"https:\/\/roveyayinevi.com.tr\/index.php\/wp-json\/wp\/v2\/product"}],"about":[{"href":"https:\/\/roveyayinevi.com.tr\/index.php\/wp-json\/wp\/v2\/types\/product"}],"wp:attachment":[{"href":"https:\/\/roveyayinevi.com.tr\/index.php\/wp-json\/wp\/v2\/media?parent=708711"}],"wp:term":[{"taxonomy":"product_brand","embeddable":true,"href":"https:\/\/roveyayinevi.com.tr\/index.php\/wp-json\/wp\/v2\/product_brand?post=708711"},{"taxonomy":"product_cat","embeddable":true,"href":"https:\/\/roveyayinevi.com.tr\/index.php\/wp-json\/wp\/v2\/product_cat?post=708711"},{"taxonomy":"product_tag","embeddable":true,"href":"https:\/\/roveyayinevi.com.tr\/index.php\/wp-json\/wp\/v2\/product_tag?post=708711"}],"curies":[{"name":"wp","href":"https:\/\/api.w.org\/{rel}","templated":true}]}}