{"id":708710,"date":"2025-08-27T16:17:44","date_gmt":"2025-08-27T13:17:44","guid":{"rendered":"https:\/\/roveyayinevi.com.tr\/index.php\/urun\/nicin-geri-kaldik\/"},"modified":"2026-04-16T02:17:32","modified_gmt":"2026-04-15T23:17:32","slug":"nicin-geri-kaldik","status":"publish","type":"product","link":"https:\/\/roveyayinevi.com.tr\/index.php\/urun\/nicin-geri-kaldik\/","title":{"rendered":"Ni\u00e7in Geri Kald\u0131k?"},"content":{"rendered":"<p>\u201cMilletler aras\u0131ndaki ekonomik e\u015fitsizli\u011fin sebepleri konusuna kafa yoranlar i\u00e7in Prof. \u0130skender \u00d6ks\u00fcz\u2019\u00fcn -ayn\u0131 zamanda \u00fcslup \u015faheseri olan- Ni\u00e7in? adl\u0131 kitab\u0131nda bu konularda orijinal tezler ileri s\u00fcrm\u00fc\u015f bilim adamlar\u0131n\u0131n belli ba\u015fl\u0131lar\u0131n\u0131n yazd\u0131klar\u0131n\u0131n ayr\u0131nt\u0131l\u0131 ve doyurucu de\u011ferlendirmeleri var. \u0130lgilisine \u00f6neririm.\u201d \u0130brahim Kiras \u201c\u0130skender \u00d6ks\u00fcz, gen\u00e7lik y\u0131llar\u0131m\u0131zdan beri Ziya G\u00f6kalp, M\u00fcmtaz Turhan ve Erol G\u00fcng\u00f6r&#8217;\u00fcn sosyoloji \u00e7izgisine ba\u011fl\u0131, kaliteli bir milliyet\u00e7idir&#8230; \u00d6nemli bir kitap. Tavsiye ederim.&#8221; Taha Akyol, Milliyet Kitap \u201cNi\u00e7in?\u2019in  \u00f6n\u00fcm\u00fczdeki 2014\u2019\u00fcn en \u00e7ok konu\u015fulacak, en \u00e7ok tart\u0131\u015f\u0131lacak kitaplar\u0131 aras\u0131nda ilk s\u0131ray\u0131 alaca\u011f\u0131ndan \u015f\u00fcphem yoktur. K\u0131vrak bir zek\u00e2, uzun y\u0131llar\u0131n tecr\u00fcbesi, kendisine has bir \u00fcsl\u00fbp, en \u00e7etrefilli meseleleri sehl-i m\u00fcmten\u00ee k\u0131vam\u0131nda zihninizin \u00fccralar\u0131na n\u00fcfuz ettiriyor.\u201d Arslan Tekin, Yeni\u00e7a\u011f \u201c\u0130skender \u00d6ks\u00fcz Hoca&#8217;n\u0131n, bu kitap ve benzeri muhteval\u0131 yaz\u0131lar\u0131n\u0131n, mahzun T\u00fcrkl\u00fc\u011f\u00fcn hak ve \u00e7\u0131karlar\u0131n\u0131 bilgi ve k\u00fclt\u00fcrle savunma l\u00fczumuna inananlar i\u00e7in de\u011feri b\u00fcy\u00fckt\u00fcr.\u201d Kurmay Albay Dr. Hasip Sayg\u0131l\u0131, Harp Akademileri Komutanl\u0131\u011f\u0131 Stratejik Ara\u015ft\u0131rmalar Enstit\u00fcs\u00fc (SAREN) Ba\u015fkan\u0131, T\u00fcrk Yurdu <\/p>\n","protected":false},"excerpt":{"rendered":"<p>\u201cMilletler aras\u0131ndaki ekonomik e\u015fitsizli\u011fin sebepleri konusuna kafa yoranlar i\u00e7in Prof. \u0130skender \u00d6ks\u00fcz\u2019\u00fcn -ayn\u0131 zamanda \u00fcslup \u015faheseri olan- Ni\u00e7in? adl\u0131 kitab\u0131nda bu konularda orijinal tezler ileri s\u00fcrm\u00fc\u015f<span class=\"excerpt-hellip\"> [\u2026]<\/span><\/p>\n","protected":false},"featured_media":0,"template":"","meta":{"_monsterinsights_skip_tracking":false,"_monsterinsights_sitenote_active":false,"_monsterinsights_sitenote_note":"","_monsterinsights_sitenote_category":0},"product_brand":[],"product_cat":[12337,14543],"product_tag":[],"class_list":{"0":"post-708710","1":"product","2":"type-product","3":"status-publish","5":"product_cat-politika-siyaset","6":"product_cat-turkiye-siyaseti-ve-politikasi","7":"pa_cilt-ciltsiz","8":"pa_tur-kitap","9":"pa_yayinevi-panama-yayincilik","10":"pa_yazar-iskender-oksuz","12":"first","13":"instock","14":"sale","15":"shipping-taxable","16":"purchasable","17":"product-type-simple"},"_links":{"self":[{"href":"https:\/\/roveyayinevi.com.tr\/index.php\/wp-json\/wp\/v2\/product\/708710","targetHints":{"allow":["GET"]}}],"collection":[{"href":"https:\/\/roveyayinevi.com.tr\/index.php\/wp-json\/wp\/v2\/product"}],"about":[{"href":"https:\/\/roveyayinevi.com.tr\/index.php\/wp-json\/wp\/v2\/types\/product"}],"wp:attachment":[{"href":"https:\/\/roveyayinevi.com.tr\/index.php\/wp-json\/wp\/v2\/media?parent=708710"}],"wp:term":[{"taxonomy":"product_brand","embeddable":true,"href":"https:\/\/roveyayinevi.com.tr\/index.php\/wp-json\/wp\/v2\/product_brand?post=708710"},{"taxonomy":"product_cat","embeddable":true,"href":"https:\/\/roveyayinevi.com.tr\/index.php\/wp-json\/wp\/v2\/product_cat?post=708710"},{"taxonomy":"product_tag","embeddable":true,"href":"https:\/\/roveyayinevi.com.tr\/index.php\/wp-json\/wp\/v2\/product_tag?post=708710"}],"curies":[{"name":"wp","href":"https:\/\/api.w.org\/{rel}","templated":true}]}}