{"id":708709,"date":"2025-08-27T16:17:44","date_gmt":"2025-08-27T13:17:44","guid":{"rendered":"https:\/\/roveyayinevi.com.tr\/index.php\/urun\/ilk-12-ayda-bebegin-gelisimi-beslenmesi-oyunlari\/"},"modified":"2026-04-16T02:17:32","modified_gmt":"2026-04-15T23:17:32","slug":"ilk-12-ayda-bebegin-gelisimi-beslenmesi-oyunlari","status":"publish","type":"product","link":"https:\/\/roveyayinevi.com.tr\/index.php\/urun\/ilk-12-ayda-bebegin-gelisimi-beslenmesi-oyunlari\/","title":{"rendered":"\u0130lk 12 Ayda Bebe\u011fin Geli\u015fimi Beslenmesi Oyunlar\u0131"},"content":{"rendered":"<p>Anneci\u011fim beni tan\u0131yor musun? Can\u0131m annem, 9 ay boyunca s\u0131cakl\u0131\u011f\u0131n bana yuva oldu. Sevginle b\u00fcy\u00fcd\u00fcm, kalbinin ritminde uyudum. Hayat\u0131m\u0131n en mucizev\u00ee ser\u00fcveninin sonunda kendimi kollar\u0131nda buldum; do\u011fdum. Mini minnac\u0131k bir emanet olarak, emanet\u00e7ilerin en tatl\u0131s\u0131n\u0131n evlad\u0131 oldum. Sonra fark ettim ki g\u00f6zlerinde mutluluk kadar tela\u015f da var. Beni nas\u0131l besleyece\u011fin, nas\u0131l uyutaca\u011f\u0131n, nas\u0131l y\u0131kayaca\u011f\u0131n, hangi ay\u0131mda bana nas\u0131l bakaca\u011f\u0131n hususunda heyecan dolusun. Beni ta\u015f\u0131rken can\u0131m yanacak diye korkuyor, babam\u0131n kuca\u011f\u0131na verirken bile endi\u015feleniyorsun. <\/p>\n","protected":false},"excerpt":{"rendered":"<p>Anneci\u011fim beni tan\u0131yor musun? Can\u0131m annem, 9 ay boyunca s\u0131cakl\u0131\u011f\u0131n bana yuva oldu. Sevginle b\u00fcy\u00fcd\u00fcm, kalbinin ritminde uyudum. Hayat\u0131m\u0131n en mucizev\u00ee ser\u00fcveninin sonunda kendimi kollar\u0131nda buldum;<span class=\"excerpt-hellip\"> [\u2026]<\/span><\/p>\n","protected":false},"featured_media":0,"template":"","meta":{"_monsterinsights_skip_tracking":false,"_monsterinsights_sitenote_active":false,"_monsterinsights_sitenote_note":"","_monsterinsights_sitenote_category":0},"product_brand":[],"product_cat":[14902,13365],"product_tag":[],"class_list":{"0":"post-708709","1":"product","2":"type-product","3":"status-publish","5":"product_cat-annelik-ve-cocuk-bakimi","6":"product_cat-saglik","7":"pa_cilt-ciltsiz","8":"pa_tur-kitap","9":"pa_yayinevi-hayykitap","10":"pa_yazar-hatice-kubra-tongar","12":"first","13":"instock","14":"sale","15":"shipping-taxable","16":"purchasable","17":"product-type-simple"},"_links":{"self":[{"href":"https:\/\/roveyayinevi.com.tr\/index.php\/wp-json\/wp\/v2\/product\/708709","targetHints":{"allow":["GET"]}}],"collection":[{"href":"https:\/\/roveyayinevi.com.tr\/index.php\/wp-json\/wp\/v2\/product"}],"about":[{"href":"https:\/\/roveyayinevi.com.tr\/index.php\/wp-json\/wp\/v2\/types\/product"}],"wp:attachment":[{"href":"https:\/\/roveyayinevi.com.tr\/index.php\/wp-json\/wp\/v2\/media?parent=708709"}],"wp:term":[{"taxonomy":"product_brand","embeddable":true,"href":"https:\/\/roveyayinevi.com.tr\/index.php\/wp-json\/wp\/v2\/product_brand?post=708709"},{"taxonomy":"product_cat","embeddable":true,"href":"https:\/\/roveyayinevi.com.tr\/index.php\/wp-json\/wp\/v2\/product_cat?post=708709"},{"taxonomy":"product_tag","embeddable":true,"href":"https:\/\/roveyayinevi.com.tr\/index.php\/wp-json\/wp\/v2\/product_tag?post=708709"}],"curies":[{"name":"wp","href":"https:\/\/api.w.org\/{rel}","templated":true}]}}