{"id":708708,"date":"2025-08-27T16:17:43","date_gmt":"2025-08-27T13:17:43","guid":{"rendered":"https:\/\/roveyayinevi.com.tr\/index.php\/urun\/1-5-yas-cocugunu-gelisimi-beslenmesi-ve-oyunlari\/"},"modified":"2026-04-16T02:17:32","modified_gmt":"2026-04-15T23:17:32","slug":"1-5-yas-cocugunu-gelisimi-beslenmesi-ve-oyunlari","status":"publish","type":"product","link":"https:\/\/roveyayinevi.com.tr\/index.php\/urun\/1-5-yas-cocugunu-gelisimi-beslenmesi-ve-oyunlari\/","title":{"rendered":"1-5 Ya\u015f \u00c7ocu\u011funu Geli\u015fimi  Beslenmesi ve Oyunlar\u0131"},"content":{"rendered":"<p>Merak etme! Bu konuda en b\u00fcy\u00fck yard\u0131mc\u0131n yine ben olaca\u011f\u0131m. Bak\u0131m\u0131mdan beslenmeme, oyunlar\u0131mdan geli\u015fimime kadar bilmen gereken t\u00fcm bilgileri tek tek sana anlataca\u011f\u0131m. \u0130\u015fte \u00e7ocukluk y\u0131llar\u0131mda ihtiyac\u0131n olan t\u00fcm bilgiler! Benim d\u00fcnyama konuk olmaya haz\u0131r m\u0131s\u0131n?   Annelerin \u00e7ocuk e\u011fitimiyle ilgili yak\u0131ndan takip etti\u011fi yazar Hatice K\u00fcbra Tongar bu kitab\u0131nda \u00e7ocu\u011fun dilinden sesleniyor. 1-5 ya\u015f \u00e7ocu\u011funu yak\u0131ndan tan\u0131mak, isteklerini ve ihtiya\u00e7lar\u0131n\u0131 anlamak i\u00e7in rengarenk bir ba\u015fucu kitab\u0131! <\/p>\n","protected":false},"excerpt":{"rendered":"<p>Merak etme! Bu konuda en b\u00fcy\u00fck yard\u0131mc\u0131n yine ben olaca\u011f\u0131m. Bak\u0131m\u0131mdan beslenmeme, oyunlar\u0131mdan geli\u015fimime kadar bilmen gereken t\u00fcm bilgileri tek tek sana anlataca\u011f\u0131m. \u0130\u015fte \u00e7ocukluk y\u0131llar\u0131mda<span class=\"excerpt-hellip\"> [\u2026]<\/span><\/p>\n","protected":false},"featured_media":0,"template":"","meta":{"_monsterinsights_skip_tracking":false,"_monsterinsights_sitenote_active":false,"_monsterinsights_sitenote_note":"","_monsterinsights_sitenote_category":0},"product_brand":[],"product_cat":[14902,13365],"product_tag":[],"class_list":{"0":"post-708708","1":"product","2":"type-product","3":"status-publish","5":"product_cat-annelik-ve-cocuk-bakimi","6":"product_cat-saglik","7":"pa_cilt-ciltsiz","8":"pa_tur-kitap","9":"pa_yayinevi-hayykitap","10":"pa_yazar-hatice-kubra-tongar","12":"first","13":"instock","14":"sale","15":"shipping-taxable","16":"purchasable","17":"product-type-simple"},"_links":{"self":[{"href":"https:\/\/roveyayinevi.com.tr\/index.php\/wp-json\/wp\/v2\/product\/708708","targetHints":{"allow":["GET"]}}],"collection":[{"href":"https:\/\/roveyayinevi.com.tr\/index.php\/wp-json\/wp\/v2\/product"}],"about":[{"href":"https:\/\/roveyayinevi.com.tr\/index.php\/wp-json\/wp\/v2\/types\/product"}],"wp:attachment":[{"href":"https:\/\/roveyayinevi.com.tr\/index.php\/wp-json\/wp\/v2\/media?parent=708708"}],"wp:term":[{"taxonomy":"product_brand","embeddable":true,"href":"https:\/\/roveyayinevi.com.tr\/index.php\/wp-json\/wp\/v2\/product_brand?post=708708"},{"taxonomy":"product_cat","embeddable":true,"href":"https:\/\/roveyayinevi.com.tr\/index.php\/wp-json\/wp\/v2\/product_cat?post=708708"},{"taxonomy":"product_tag","embeddable":true,"href":"https:\/\/roveyayinevi.com.tr\/index.php\/wp-json\/wp\/v2\/product_tag?post=708708"}],"curies":[{"name":"wp","href":"https:\/\/api.w.org\/{rel}","templated":true}]}}