{"id":708707,"date":"2025-08-27T16:17:43","date_gmt":"2025-08-27T13:17:43","guid":{"rendered":"https:\/\/roveyayinevi.com.tr\/index.php\/urun\/sil-makyajini\/"},"modified":"2025-12-30T10:05:12","modified_gmt":"2025-12-30T07:05:12","slug":"sil-makyajini","status":"publish","type":"product","link":"https:\/\/roveyayinevi.com.tr\/index.php\/urun\/sil-makyajini\/","title":{"rendered":"Sil Makyaj\u0131n\u0131"},"content":{"rendered":"<p>\u0130\u015fi makyaj yapmak olan biri neden \u2018S\u0130L MAKYAJINI\u2019 der ki? T\u00fcrkiye\u2019nin en \u00f6nde gelen makeup artistlerinden R\u0131fat Y\u00fcz\u00fcak b\u00fcy\u00fck bir ters k\u00f6\u015feyle herkese makyaj\u0131n\u0131 sildirtiyor. Kad\u0131nlar bu kitapta kendilerini daha iyi tan\u0131y\u0131p \u00f6zg\u00fcrle\u015fecek ve y\u0131llard\u0131r biriktirdikleri yanl\u0131\u015f bilgileri \u00e7\u00f6pe atarak ad\u0131m ad\u0131m onlar\u0131 aynada en be\u011fenecekleri g\u00f6r\u00fcnt\u00fcye kavu\u015fturacak do\u011fru makyaj tekniklerini \u00f6\u011frenecek. \u201cHi\u00e7bir kad\u0131n makyaja hay\u0131r diyemez. Do\u011fal olmak i\u00e7in do\u011fru makyaj yeterlidir. \u0130\u015fte R\u0131fat\u2019\u0131n yapt\u0131\u011f\u0131 tam da bu.\u201d \u2014 Bensu Soral \u201cKad\u0131n\u0131n do\u011fal halini kusursuza d\u00f6n\u00fc\u015ft\u00fcrmeyi b\u00fcy\u00fck bir ustal\u0131kla ba\u015faran hatta bunu bir sanat haline getiren, kendinizi farkl\u0131 g\u00f6rmek istedi\u011finiz anlarda ise artistli\u011fini kullanarak sizi bamba\u015fka bir size \u00e7eviren ellere sahip bir yetenektir R\u0131fat Y\u00fcz\u00fcak &#8230;\u201d \u2014 Ebru G\u00fcnde\u015f \u201cR\u0131fat, hem g\u00fczel hissettirir hem de kusursuz g\u00fczeldir makyaj\u0131. Sahne arkas\u0131nda heyecan\u0131m\u0131 yat\u0131\u015ft\u0131r\u0131rken bir yandan da f\u0131r\u00e7as\u0131yla y\u00fcz\u00fcm\u00fc ayd\u0131nlat\u0131r. Bir sanat\u00e7\u0131 edas\u0131yla zarif, abart\u0131s\u0131z, do\u011fal dokunu\u015flar&#8230; R\u0131fat\u2019\u0131n makyaj\u0131, kendisi gibidir; \u0131\u015f\u0131l \u0131\u015f\u0131l!\u201d \u2014 G\u00f6ksel \u201cR\u0131fat\u2019\u0131n enerjisi inan\u0131lmaz&#8230; \u00c7ok g\u00fczel bakar kad\u0131na, g\u00f6r\u00fcr ve g\u00f6sterir g\u00fczelli\u011fi\u2026 Onun makyaj koltu\u011fundan s\u0131k\u0131lmadan kalkabiliyorum. Yetenekli elleri h\u0131zl\u0131d\u0131r da. R\u0131fat\u2019\u0131n makyaj\u0131 insan\u0131n y\u00fcz\u00fcn\u00fc boyamak de\u011fil; g\u00fczelli\u011fini makyaj\u0131yla desteklemek. Tertemiz ten\u2026 M\u00fcthi\u015f g\u00f6lgeler&#8230;\u201d  \u2014 Neslihan Atag\u00fcl Do\u011fulu \u201cSihirli elleri ile bana her zaman kendimi krali\u00e7e gibi hissettiren ba\u015far\u0131l\u0131 arkada\u015f\u0131m&#8230; Her kad\u0131n\u0131n bu kitaptan \u00e7ok \u015fey \u00f6\u011frenece\u011fine eminim.\u201d \u2014 \u00d6zge Ulusoy \u201cR\u0131fat Y\u00fcz\u00fcak ile defilelerimizde \u00e7e\u015fitli defalar \u00e7al\u0131\u015fma f\u0131rsat\u0131 bulduk. R\u0131fat her zaman sezonun trendi ile bizim \u00e7izdi\u011fimiz kad\u0131n sil\u00fcetinin karakterini, g\u00fcc\u00fcn\u00fc ve duygusunu \u00e7ok iyi bir \u015fekilde harmanlamay\u0131 ba\u015fard\u0131. R\u0131fat i\u00e7in s\u00f6yleyebilece\u011fimiz bizim i\u00e7in en \u00f6nemli \u00f6zellik ise defile yo\u011funlu\u011fu ve stresi i\u00e7erisindeyken kafam\u0131zda hayal etti\u011fimizi bizi hi\u00e7 yormadan hayata ge\u00e7irmesi olur. Bunun i\u00e7in ona \u00e7ok te\u015fekk\u00fcr ederiz.\u201d \u2014 Raisa &amp; Vanessa \u201cG\u00fczelli\u011fi, alt\u0131n kalbi ve p\u0131rlanta karakteriyle birle\u015ftirip i\u015fine yans\u0131tm\u0131\u015f b\u00fcy\u00fck yetenek Can\u0131m R\u0131fat\u0131m, sanat\u0131na hayran\u0131m. \u0130nsanlar\u0131 tuval gibi g\u00f6r\u00fcp, y\u00fczleri boyamak ve var olan karakteri yok etmek yerine sadece hafif bir dokunu\u015fla do\u011fal g\u00fczelli\u011fi yans\u0131tan, ki\u015finin kendisiyle yeniden tan\u0131\u015fmas\u0131n\u0131 sa\u011flayan sihirli adam! Hayat ve y\u00fczler seninle g\u00fczel, seninle ger\u00e7ek\u2026\u201d \u2014 Tuvana B\u00fcy\u00fck\u00e7\u0131nar <\/p>\n","protected":false},"excerpt":{"rendered":"<p>\u0130\u015fi makyaj yapmak olan biri neden \u2018S\u0130L MAKYAJINI\u2019 der ki? T\u00fcrkiye\u2019nin en \u00f6nde gelen makeup artistlerinden R\u0131fat Y\u00fcz\u00fcak b\u00fcy\u00fck bir ters k\u00f6\u015feyle herkese makyaj\u0131n\u0131 sildirtiyor. Kad\u0131nlar<span class=\"excerpt-hellip\"> [\u2026]<\/span><\/p>\n","protected":false},"featured_media":0,"template":"","meta":{"_monsterinsights_skip_tracking":false,"_monsterinsights_sitenote_active":false,"_monsterinsights_sitenote_note":"","_monsterinsights_sitenote_category":0},"product_brand":[],"product_cat":[16965,13365],"product_tag":[],"class_list":{"0":"post-708707","1":"product","2":"type-product","3":"status-publish","5":"product_cat-genel-saglik-kitaplari","6":"product_cat-saglik","7":"pa_cilt-ciltsiz","8":"pa_tur-kitap","9":"pa_yayinevi-okuyan-us-yayin","10":"pa_yazar-rifat-yuzuak","12":"first","13":"instock","14":"sale","15":"shipping-taxable","16":"purchasable","17":"product-type-simple"},"_links":{"self":[{"href":"https:\/\/roveyayinevi.com.tr\/index.php\/wp-json\/wp\/v2\/product\/708707","targetHints":{"allow":["GET"]}}],"collection":[{"href":"https:\/\/roveyayinevi.com.tr\/index.php\/wp-json\/wp\/v2\/product"}],"about":[{"href":"https:\/\/roveyayinevi.com.tr\/index.php\/wp-json\/wp\/v2\/types\/product"}],"wp:attachment":[{"href":"https:\/\/roveyayinevi.com.tr\/index.php\/wp-json\/wp\/v2\/media?parent=708707"}],"wp:term":[{"taxonomy":"product_brand","embeddable":true,"href":"https:\/\/roveyayinevi.com.tr\/index.php\/wp-json\/wp\/v2\/product_brand?post=708707"},{"taxonomy":"product_cat","embeddable":true,"href":"https:\/\/roveyayinevi.com.tr\/index.php\/wp-json\/wp\/v2\/product_cat?post=708707"},{"taxonomy":"product_tag","embeddable":true,"href":"https:\/\/roveyayinevi.com.tr\/index.php\/wp-json\/wp\/v2\/product_tag?post=708707"}],"curies":[{"name":"wp","href":"https:\/\/api.w.org\/{rel}","templated":true}]}}