{"id":708705,"date":"2025-08-27T16:17:42","date_gmt":"2025-08-27T13:17:42","guid":{"rendered":"https:\/\/roveyayinevi.com.tr\/index.php\/urun\/notlar-galya-savasi-uzerine\/"},"modified":"2026-04-16T02:17:32","modified_gmt":"2026-04-15T23:17:32","slug":"notlar-galya-savasi-uzerine","status":"publish","type":"product","link":"https:\/\/roveyayinevi.com.tr\/index.php\/urun\/notlar-galya-savasi-uzerine\/","title":{"rendered":"Notlar Galya Sava\u015f\u0131 \u00dczerine"},"content":{"rendered":"<p>Gaius Iulius Caesar nam-\u0131 di\u011fer J\u00fcl Sezar Antik Roma Cumhuriyeti\u2019nin en \u00f6nemli ve \u00fcnl\u00fc simalar\u0131ndan birisidir; hem ya\u015fad\u0131\u011f\u0131 d\u00f6neme, hem de daha sonraki d\u00f6nemlere tam anlam\u0131yla damgas\u0131n\u0131 vurmu\u015f bir \u015fahsiyettir. M\u00d6 58 y\u0131l\u0131nda, bug\u00fcn Fransa topraklar\u0131n\u0131n b\u00fcy\u00fck bir k\u0131sm\u0131n\u0131 olu\u015fturan Galya\u2019ya resm\u00ee devlet g\u00f6revlisi olarak atanan Caesar\u2019\u0131n, ba\u015fkomutan olarak b\u00f6lgeyi tamamen fethetti\u011fi M\u00d6 51 y\u0131l\u0131na kadarki b\u00fct\u00fcn icraatlar\u0131 ve an\u0131lar\u0131, olduk\u00e7a \u00f6zg\u00fcn ve ilgin\u00e7 bir \u00fcslupla bizzat kendisi taraf\u0131ndan kapsaml\u0131 bir \u015fekilde y\u0131l y\u0131l kaydedilmi\u015ftir. Commentarii de bello Gallico, askeri te\u015fkilatlanma ve muharebe taktikleri i\u00e7in son derece elzem bilgiler ta\u015f\u0131r. Bu notlar o d\u00f6nemden bug\u00fcne ula\u015fan nadir kay\u0131tlar aras\u0131nda yer al\u0131r. Eser, Caesar\u2019\u0131n kar\u015f\u0131la\u015ft\u0131\u011f\u0131 ve sava\u015ft\u0131\u011f\u0131 Galya, Germanya ve Britanya topluluklar\u0131 hakk\u0131ndaki g\u00f6zlemlerini aktarmas\u0131 bak\u0131m\u0131ndan e\u015fsizli\u011fini hep korumu\u015ftur. Ayr\u0131ca Latincenin M\u00d6 1. y\u00fczy\u0131lda ula\u015ft\u0131\u011f\u0131 standart bi\u00e7imi yans\u0131tan en \u00f6nemli \u00f6rnekler aras\u0131ndad\u0131r. Elinizdeki kitap d\u00f6nemin ruhuna uygun d\u00fc\u015fecek \u015fekilde, resim, muharebe krokileri ve \u00e7izimlerle desteklenmi\u015f, bunun yan\u0131nda metinde ge\u00e7en bir\u00e7ok yer ve ismin ayr\u0131nt\u0131l\u0131 a\u00e7\u0131klamas\u0131 yap\u0131lm\u0131\u015ft\u0131r. <\/p>\n","protected":false},"excerpt":{"rendered":"<p>Gaius Iulius Caesar nam-\u0131 di\u011fer J\u00fcl Sezar Antik Roma Cumhuriyeti\u2019nin en \u00f6nemli ve \u00fcnl\u00fc simalar\u0131ndan birisidir; hem ya\u015fad\u0131\u011f\u0131 d\u00f6neme, hem de daha sonraki d\u00f6nemlere tam anlam\u0131yla<span class=\"excerpt-hellip\"> [\u2026]<\/span><\/p>\n","protected":false},"featured_media":0,"template":"","meta":{"_monsterinsights_skip_tracking":false,"_monsterinsights_sitenote_active":false,"_monsterinsights_sitenote_note":"","_monsterinsights_sitenote_category":0},"product_brand":[],"product_cat":[12370,12304],"product_tag":[],"class_list":{"0":"post-708705","1":"product","2":"type-product","3":"status-publish","5":"product_cat-arastirma-inceleme","6":"product_cat-tarih","7":"pa_cilt-ciltsiz","8":"pa_tur-kitap","9":"pa_yayinevi-dogu-bati-yayinlari","10":"pa_yazar-gaius-iulius-caesar","12":"first","13":"instock","14":"sale","15":"shipping-taxable","16":"purchasable","17":"product-type-simple"},"_links":{"self":[{"href":"https:\/\/roveyayinevi.com.tr\/index.php\/wp-json\/wp\/v2\/product\/708705","targetHints":{"allow":["GET"]}}],"collection":[{"href":"https:\/\/roveyayinevi.com.tr\/index.php\/wp-json\/wp\/v2\/product"}],"about":[{"href":"https:\/\/roveyayinevi.com.tr\/index.php\/wp-json\/wp\/v2\/types\/product"}],"wp:attachment":[{"href":"https:\/\/roveyayinevi.com.tr\/index.php\/wp-json\/wp\/v2\/media?parent=708705"}],"wp:term":[{"taxonomy":"product_brand","embeddable":true,"href":"https:\/\/roveyayinevi.com.tr\/index.php\/wp-json\/wp\/v2\/product_brand?post=708705"},{"taxonomy":"product_cat","embeddable":true,"href":"https:\/\/roveyayinevi.com.tr\/index.php\/wp-json\/wp\/v2\/product_cat?post=708705"},{"taxonomy":"product_tag","embeddable":true,"href":"https:\/\/roveyayinevi.com.tr\/index.php\/wp-json\/wp\/v2\/product_tag?post=708705"}],"curies":[{"name":"wp","href":"https:\/\/api.w.org\/{rel}","templated":true}]}}