{"id":708704,"date":"2025-08-27T16:17:41","date_gmt":"2025-08-27T13:17:41","guid":{"rendered":"https:\/\/roveyayinevi.com.tr\/index.php\/urun\/can-cekisen-kuresel-guc\/"},"modified":"2026-04-16T02:17:32","modified_gmt":"2026-04-15T23:17:32","slug":"can-cekisen-kuresel-guc","status":"publish","type":"product","link":"https:\/\/roveyayinevi.com.tr\/index.php\/urun\/can-cekisen-kuresel-guc\/","title":{"rendered":"Can \u00c7eki\u015fen K\u00fcresel G\u00fc\u00e7"},"content":{"rendered":"<p>Sorulacak olursa e\u011fer, bundan b\u00f6yle yaln\u0131zca iki kelime ruh halimizi \u00f6zetleyebilir: MUTLAK KEY\u0130FS\u0130ZL\u0130K\u2026! Sonsuz bir k\u00f6t\u00fcl\u00fck s\u00fcrecinden ge\u00e7ilerek bu k\u00fcresel cehenneme inildi. Ger\u00e7ekle t\u00fcm ba\u011flar koptu ve eski b\u00fcy\u00fck d\u00fc\u015flerin yerini \u015fok dalgalar\u0131 kaplad\u0131. D\u00fcnyan\u0131n her k\u00f6\u015fesinde patlak veren felaketler sanki birbirleriyle ba\u011flant\u0131l\u0131ym\u0131\u015f\u00e7as\u0131na \u00fczerimize geliyor. Her yeri sar\u0131p sarmalayan ter\u00f6r, herhangi bir u\u00e7\/kar\u015f\u0131t sald\u0131r\u0131 de\u011fil, tam da k\u00fcresel g\u00fcc\u00fcn \u00fcretti\u011fi hegemonyan\u0131n kendisidir. \u0130ktidarlar kendi g\u00fc\u00e7lerini temsil etmekten ba\u015fka hi\u00e7bir temsil g\u00fcc\u00fcne sahip de\u011filler art\u0131k, yaln\u0131zca g\u00f6stergelerle oynayarak g\u00fcd\u00fcmlenmeye haz\u0131r kalabal\u0131klar\u0131 y\u00f6netiyorlar. \u0130yilik ve ahl\u00e2k ad\u0131na i\u015flenmektedir her cinayet\u2026 \u201cEskiden \u0130yilikten ba\u015fka bir \u0130yili\u011fe ge\u00e7ebilmenin yolu K\u00f6t\u00fcl\u00fc\u011fe u\u011framaktan ge\u00e7iyordu. Bug\u00fcnse K\u00f6t\u00fcl\u00fckten ba\u015fka bir K\u00f6t\u00fcl\u00fc\u011fe ge\u00e7ebilmenin yolu \u0130yili\u011fe u\u011framaktan ge\u00e7iyor.\u201d Ne kadar \u00e7ok harcarsan\u0131z o kadar az harcam\u0131\u015f olursunuz fark\u0131n\u0131 yaratmak i\u00e7in kapitalizmin mutluluk yan\u0131lsamas\u0131na ihtiyac\u0131 var. \u00c7\u00fcr\u00fcm\u00fc\u015f bir se\u00e7kinlik i\u00e7in entelijansiyan\u0131n evrensellik masal\u0131na ihtiyac\u0131 var. Kibrin ve k\u00f6t\u00fcl\u00fc\u011f\u00fcn devam\u0131 i\u00e7in \u00fc\u00e7\u00fcnc\u00fc s\u0131n\u0131f demokrasiye ve inan\u00e7 taklidine ihtiya\u00e7 var. Ve daha fazla iyili\u011fe gereksinimi olmayan bir d\u00fcnyan\u0131n kar\u015f\u0131la\u015ft\u0131\u011f\u0131 topyek\u00fbn \u00e7aresizlik:    \u201cHer \u015feye sahip olman\u0131n yol a\u00e7t\u0131\u011f\u0131 \u00e7aresizlik Hi\u00e7bir \u015feye sahip olmaman\u0131n yol a\u00e7t\u0131\u011f\u0131 \u00e7aresizlik Hi\u00e7bir \u015fey olamaman\u0131n yol a\u00e7t\u0131\u011f\u0131 \u00e7aresizlik Herkese benzemenin yol a\u00e7t\u0131\u011f\u0131 \u00e7aresizlik Hi\u00e7 kimse olamaman\u0131n yol a\u00e7t\u0131\u011f\u0131 \u00e7aresizlik.\u201d <\/p>\n","protected":false},"excerpt":{"rendered":"<p>Sorulacak olursa e\u011fer, bundan b\u00f6yle yaln\u0131zca iki kelime ruh halimizi \u00f6zetleyebilir: MUTLAK KEY\u0130FS\u0130ZL\u0130K\u2026! Sonsuz bir k\u00f6t\u00fcl\u00fck s\u00fcrecinden ge\u00e7ilerek bu k\u00fcresel cehenneme inildi. Ger\u00e7ekle t\u00fcm ba\u011flar koptu<span class=\"excerpt-hellip\"> [\u2026]<\/span><\/p>\n","protected":false},"featured_media":0,"template":"","meta":{"_monsterinsights_skip_tracking":false,"_monsterinsights_sitenote_active":false,"_monsterinsights_sitenote_note":"","_monsterinsights_sitenote_category":0},"product_brand":[],"product_cat":[12835,12324],"product_tag":[],"class_list":{"0":"post-708704","1":"product","2":"type-product","3":"status-publish","5":"product_cat-genel-sosyoloji","6":"product_cat-sosyoloji","7":"pa_cilt-ciltsiz","8":"pa_tur-kitap","9":"pa_yayinevi-dogu-bati-yayinlari","10":"pa_yazar-jean-baudrillard","12":"first","13":"instock","14":"sale","15":"shipping-taxable","16":"purchasable","17":"product-type-simple"},"_links":{"self":[{"href":"https:\/\/roveyayinevi.com.tr\/index.php\/wp-json\/wp\/v2\/product\/708704","targetHints":{"allow":["GET"]}}],"collection":[{"href":"https:\/\/roveyayinevi.com.tr\/index.php\/wp-json\/wp\/v2\/product"}],"about":[{"href":"https:\/\/roveyayinevi.com.tr\/index.php\/wp-json\/wp\/v2\/types\/product"}],"wp:attachment":[{"href":"https:\/\/roveyayinevi.com.tr\/index.php\/wp-json\/wp\/v2\/media?parent=708704"}],"wp:term":[{"taxonomy":"product_brand","embeddable":true,"href":"https:\/\/roveyayinevi.com.tr\/index.php\/wp-json\/wp\/v2\/product_brand?post=708704"},{"taxonomy":"product_cat","embeddable":true,"href":"https:\/\/roveyayinevi.com.tr\/index.php\/wp-json\/wp\/v2\/product_cat?post=708704"},{"taxonomy":"product_tag","embeddable":true,"href":"https:\/\/roveyayinevi.com.tr\/index.php\/wp-json\/wp\/v2\/product_tag?post=708704"}],"curies":[{"name":"wp","href":"https:\/\/api.w.org\/{rel}","templated":true}]}}