{"id":708703,"date":"2025-08-27T16:17:41","date_gmt":"2025-08-27T13:17:41","guid":{"rendered":"https:\/\/roveyayinevi.com.tr\/index.php\/urun\/rasidin-durbunu\/"},"modified":"2026-04-08T02:22:41","modified_gmt":"2026-04-07T23:22:41","slug":"rasidin-durbunu","status":"publish","type":"product","link":"https:\/\/roveyayinevi.com.tr\/index.php\/urun\/rasidin-durbunu\/","title":{"rendered":"Ra\u015fid&#8217;in D\u00fcrb\u00fcn\u00fc"},"content":{"rendered":"<p>17. y\u00fczy\u0131l ba\u015flar\u0131nda Arap as\u0131ll\u0131 bilimadam\u0131 Ra\u015fid el-Kenzi i\u015flemedi\u011fi bir su\u00e7tan dolay\u0131 hapse mahk\u00fbm olur. Hapisten kurtulmas\u0131 ve \u00f6zg\u00fcrl\u00fc\u011f\u00fcn\u00fc kazanmas\u0131 i\u00e7in bir teklif yap\u0131l\u0131r kendisine: Hollanda\u2019ya gidecek, d\u00fcnyadaki ilk optik ara\u00e7lardan birini orada arayacakt\u0131r. \u0130slam \u00e2leminin \u00f6tesindeki d\u00fcnyan\u0131n karanl\u0131\u011f\u0131na g\u00f6t\u00fcren bu seferde bindi\u011fi gemi Danimarka a\u00e7\u0131klar\u0131nda f\u0131rt\u0131naya yakalan\u0131r, kurtar\u0131lan Ra\u015fid el-Kenzi\u2019nin, yabanc\u0131 oldu\u011fu topraklarda bilim ve y\u0131ld\u0131zlar hakk\u0131ndaki bilgisi artt\u0131k\u00e7a tevekk\u00fcl ve inan\u00e7 hakk\u0131nda d\u00fc\u015f\u00fcnceleri de de\u011fi\u015fmeye ba\u015flar. Y\u00fczy\u0131llar sonra, Kopenhag m\u00fczesinin g\u00f6revlendirdi\u011fi bir ba\u015fka Arap as\u0131ll\u0131 bilimadam\u0131, arkeolojik bir kaz\u0131da ele ge\u00e7irilen bulgular\u0131 incelemekle g\u00f6revlendirilir. Ayn\u0131 topraklarda, Ra\u015fid\u2019in arad\u0131klar\u0131n\u0131n izini s\u00fcren Hasan da benzer korkular\u0131 payla\u015facakt\u0131r.   Astronomi ve inan\u00e7, kader ve k\u00f6r inan\u00e7, efsaneler ve bilim \u00e7evresinde \u015fekillenen roman, k\u00fclt\u00fcrel kimliklerimizin temelini olu\u015fturan \u201cbilgi\u201dnin belli bir \u0131rk ya da ulusa i\u00e7kin oldu\u011fu \u00f6nyarg\u0131s\u0131yla hesapla\u015f\u0131yor. Sudan as\u0131ll\u0131 \u0130ngiliz yazar Jamal Mahjoub\u2019un bu \u00e7ok katmanl\u0131 roman\u0131  iki farkl\u0131 d\u00fcnyan\u0131n atmosferinde geli\u015fen, unutulmaz bir ser\u00fcven.   \u201cC\u00fcretk\u00e2r, cesur ve b\u00fcy\u00fcleyici&#8230; Kitab\u0131n g\u00fcc\u00fc; dokusunun zenginli\u011finde, okurun zihninde mek\u00e2nlar\u0131 ve ruh hallerini canland\u0131rabilmesinde, etkileyici \u015fiirsel diliyle ba\u015ftan \u00e7\u0131kar\u0131rken hik\u00e2yenin g\u00fc\u00e7l\u00fc \u015fekilde devam etmesinde yat\u0131yor.\u201d <\/p>\n","protected":false},"excerpt":{"rendered":"<p>17. y\u00fczy\u0131l ba\u015flar\u0131nda Arap as\u0131ll\u0131 bilimadam\u0131 Ra\u015fid el-Kenzi i\u015flemedi\u011fi bir su\u00e7tan dolay\u0131 hapse mahk\u00fbm olur. Hapisten kurtulmas\u0131 ve \u00f6zg\u00fcrl\u00fc\u011f\u00fcn\u00fc kazanmas\u0131 i\u00e7in bir teklif yap\u0131l\u0131r kendisine: Hollanda\u2019ya<span class=\"excerpt-hellip\"> [\u2026]<\/span><\/p>\n","protected":false},"featured_media":0,"template":"","meta":{"_monsterinsights_skip_tracking":false,"_monsterinsights_sitenote_active":false,"_monsterinsights_sitenote_note":"","_monsterinsights_sitenote_category":0},"product_brand":[],"product_cat":[13661,12291],"product_tag":[],"class_list":{"0":"post-708703","1":"product","2":"type-product","3":"status-publish","5":"product_cat-diger-ulke-edebiyatlari","6":"product_cat-edebiyat","7":"pa_cilt-ciltsiz","8":"pa_tur-kitap","9":"pa_yayinevi-kirmizi-kedi-yayinevi","10":"pa_yazar-jamal-mahjoub","12":"first","13":"instock","14":"sale","15":"shipping-taxable","16":"purchasable","17":"product-type-simple"},"_links":{"self":[{"href":"https:\/\/roveyayinevi.com.tr\/index.php\/wp-json\/wp\/v2\/product\/708703","targetHints":{"allow":["GET"]}}],"collection":[{"href":"https:\/\/roveyayinevi.com.tr\/index.php\/wp-json\/wp\/v2\/product"}],"about":[{"href":"https:\/\/roveyayinevi.com.tr\/index.php\/wp-json\/wp\/v2\/types\/product"}],"wp:attachment":[{"href":"https:\/\/roveyayinevi.com.tr\/index.php\/wp-json\/wp\/v2\/media?parent=708703"}],"wp:term":[{"taxonomy":"product_brand","embeddable":true,"href":"https:\/\/roveyayinevi.com.tr\/index.php\/wp-json\/wp\/v2\/product_brand?post=708703"},{"taxonomy":"product_cat","embeddable":true,"href":"https:\/\/roveyayinevi.com.tr\/index.php\/wp-json\/wp\/v2\/product_cat?post=708703"},{"taxonomy":"product_tag","embeddable":true,"href":"https:\/\/roveyayinevi.com.tr\/index.php\/wp-json\/wp\/v2\/product_tag?post=708703"}],"curies":[{"name":"wp","href":"https:\/\/api.w.org\/{rel}","templated":true}]}}