{"id":708702,"date":"2025-08-27T16:17:40","date_gmt":"2025-08-27T13:17:40","guid":{"rendered":"https:\/\/roveyayinevi.com.tr\/index.php\/urun\/on-altinci-asirda-rafizilik-ve-bektasilik\/"},"modified":"2026-04-16T02:17:31","modified_gmt":"2026-04-15T23:17:31","slug":"on-altinci-asirda-rafizilik-ve-bektasilik","status":"publish","type":"product","link":"https:\/\/roveyayinevi.com.tr\/index.php\/urun\/on-altinci-asirda-rafizilik-ve-bektasilik\/","title":{"rendered":"On Alt\u0131nc\u0131 As\u0131rda Raf\u0131zilik ve Bekta\u015filik"},"content":{"rendered":"<p>\u0130nsanl\u0131k tarihinde sald\u0131rganl\u0131k ve k\u0131y\u0131m\u0131n \u00f6nemli bir yer tuttu\u011fu g\u00f6r\u00fcl\u00fcyor. Belge ve kay\u0131tlardan g\u00f6r\u00fcl\u00fcyor ki, her soydan, her boydan muktedir olanlar, g\u00fcc\u00fc elinde tutanlar her d\u00f6nemde, en y\u00fcksek boyuttta -kapsaml\u0131, kesintisiz bi\u00e7imde ve g\u00fc\u00e7lerinin yetti\u011fi kadar- sald\u0131rd\u0131lar. Yakt\u0131lar, y\u0131kt\u0131lar, tutsak ald\u0131lar, \u00e7ok ba\u015flar kestiler. Ya\u011fmalad\u0131lar canlar\u0131n\u0131, mallar\u0131n\u0131, hara\u00e7g\u00fcz\u00e2r yapt\u0131lar toplumlar\u0131, kulla\u015ft\u0131rd\u0131lar. Muktedirlerin kendi deyimiyle \u00f6yle ki, atlar\u0131n\u0131n varmad\u0131\u011f\u0131, ayaklar\u0131n\u0131n \u00e7i\u011fnemedi\u011fi, ellerinin de\u011fmedi\u011fi yer kalmad\u0131. Kadim s\u00f6ylemle varmad\u0131klar\u0131 da\u011f, bozmad\u0131klar\u0131 ba\u011f kalmad\u0131. \u00c7ok ac\u0131lar \u00e7ekti toplumlar, \u00e7ok g\u00f6zya\u015f\u0131 d\u00f6kt\u00fc. \u00d6yle zul\u00fcmler oldu ki, takat\u0131 kalmad\u0131 talan edilen toplumlar\u0131n. Kesintisiz s\u00fcren b\u00fcy\u00fck \u00e7at\u0131\u015fmalar\u0131n, b\u00fcy\u00fck direni\u015flerin sonunda yenilenler, teslim oldular birer birer.De\u011findi\u011fimiz konularla ilgili Ahmet Refik\u2019in 1932 y\u0131l\u0131nda \u201cRafiz\u00eelik ve Bekta\u015f\u00eelik\u201d ad\u0131 alt\u0131nda yay\u0131nlad\u0131\u011f\u0131 \u00e7al\u0131\u015fma, bu duruma -Osmanl\u0131 \u2013 Alevilik ili\u015fkileri, \u00e7eli\u015fkileri ve \u00e7at\u0131\u015fmalar\u0131n\u0131n anla\u015f\u0131lmas\u0131na- \u00f6nemli katk\u0131lar sunan belgelerdir. Osmanl\u0131 ar\u015fivlerinden -Hazine-i Evrakdan- derlenen bu \u00e7al\u0131\u015fma ara\u015ft\u0131rmac\u0131lar taraf\u0131ndan her d\u00f6nemde kaynak olarak kullan\u0131ld\u0131. Yeni -t\u0131pk\u0131- bas\u0131m\u0131n\u0131n da \u00f6nemli bir bo\u015flu\u011fu dolduraca\u011f\u0131 kan\u0131s\u0131nday\u0131m.Ali Haydar Avc\u0131<\/p>\n","protected":false},"excerpt":{"rendered":"<p>\u0130nsanl\u0131k tarihinde sald\u0131rganl\u0131k ve k\u0131y\u0131m\u0131n \u00f6nemli bir yer tuttu\u011fu g\u00f6r\u00fcl\u00fcyor. Belge ve kay\u0131tlardan g\u00f6r\u00fcl\u00fcyor ki, her soydan, her boydan muktedir olanlar, g\u00fcc\u00fc elinde tutanlar her d\u00f6nemde,<span class=\"excerpt-hellip\"> [\u2026]<\/span><\/p>\n","protected":false},"featured_media":0,"template":"","meta":{"_monsterinsights_skip_tracking":false,"_monsterinsights_sitenote_active":false,"_monsterinsights_sitenote_note":"","_monsterinsights_sitenote_category":0},"product_brand":[],"product_cat":[13575,12718,12719],"product_tag":[],"class_list":{"0":"post-708702","1":"product","2":"type-product","3":"status-publish","5":"product_cat-alevilik-bektasilik","6":"product_cat-din","7":"product_cat-islam","8":"pa_cilt-ciltsiz","9":"pa_tur-kitap","10":"pa_yayinevi-la-kitap-yayinlari","11":"pa_yazar-kollektif","13":"first","14":"instock","15":"sale","16":"shipping-taxable","17":"purchasable","18":"product-type-simple"},"_links":{"self":[{"href":"https:\/\/roveyayinevi.com.tr\/index.php\/wp-json\/wp\/v2\/product\/708702","targetHints":{"allow":["GET"]}}],"collection":[{"href":"https:\/\/roveyayinevi.com.tr\/index.php\/wp-json\/wp\/v2\/product"}],"about":[{"href":"https:\/\/roveyayinevi.com.tr\/index.php\/wp-json\/wp\/v2\/types\/product"}],"wp:attachment":[{"href":"https:\/\/roveyayinevi.com.tr\/index.php\/wp-json\/wp\/v2\/media?parent=708702"}],"wp:term":[{"taxonomy":"product_brand","embeddable":true,"href":"https:\/\/roveyayinevi.com.tr\/index.php\/wp-json\/wp\/v2\/product_brand?post=708702"},{"taxonomy":"product_cat","embeddable":true,"href":"https:\/\/roveyayinevi.com.tr\/index.php\/wp-json\/wp\/v2\/product_cat?post=708702"},{"taxonomy":"product_tag","embeddable":true,"href":"https:\/\/roveyayinevi.com.tr\/index.php\/wp-json\/wp\/v2\/product_tag?post=708702"}],"curies":[{"name":"wp","href":"https:\/\/api.w.org\/{rel}","templated":true}]}}