{"id":708700,"date":"2025-08-27T16:17:39","date_gmt":"2025-08-27T13:17:39","guid":{"rendered":"https:\/\/roveyayinevi.com.tr\/index.php\/urun\/care-edebiyat\/"},"modified":"2026-04-16T02:17:31","modified_gmt":"2026-04-15T23:17:31","slug":"care-edebiyat","status":"publish","type":"product","link":"https:\/\/roveyayinevi.com.tr\/index.php\/urun\/care-edebiyat\/","title":{"rendered":"\u00c7are Edebiyat"},"content":{"rendered":"<p>Ka\u00e7 kitap okuyunca \u00e2lim, ka\u00e7 diy\u00e2r g\u00f6r\u00fcnce gezgin, ka\u00e7 hezimetten sonra bezgin olur insan? U\u00e7a\u011f\u0131n\u0131z\u0131 m\u0131 ka\u00e7\u0131rd\u0131n\u0131z ya da orta ya\u015f bunal\u0131m\u0131 m\u0131 ya\u015f\u0131yorsunuz veya sevdi\u011finizi kaybetti\u011finizden kendinizi bekar bir ebeveyn olarak m\u0131 g\u00f6r\u00fcyorsunuz. H\u0131\u00e7k\u0131r\u0131k ya da ak\u015famdan kalm\u0131\u015fl\u0131k, ba\u011flanma korkusu ya da incinmi\u015f bir onur, bu say\u0131lanlar\u0131n hepsi \u00e7areyi hak eden rahats\u0131zl\u0131klar&#8230; \u00c7aresi mi? Tabi ki Sar\u0131g\u00fcl de\u011fil. \u00c7are Edebiyat.Kitab\u0131n sayfalar\u0131nda gezinirken k\u0131r\u0131k bir bacak i\u00e7in oldu\u011fu gibi, k\u0131r\u0131k bir kalp i\u00e7in de bir \u00e7are bulabilirsiniz. Fakat burada tavsiye edilen ila\u00e7lar eczanede de\u011fil; kitapevinde, k\u00fct\u00fcphanede bulabilece\u011finiz ya da elektronik okuma cihaz\u0131n\u0131za indirebilece\u011finiz yerlerde. Bizler bibliyoterapistleriz ve i\u015fimiz kitaplarla. Bizim eczanemizde Balzac kremleri, Tolstoy sarg\u0131lar\u0131, Saramago taraf\u0131ndan kaleme al\u0131nm\u0131\u015f merhemler ve Perec ile Proust\u2019un aklay\u0131p paklad\u0131klar\u0131 var. Bunu \u00fcretmek i\u00e7in, M.S. 2.yy\u2019dan The Golden Ass\u2019in yazar\u0131 Apuleius\u2019tan, \u00e7a-\u011f\u0131m\u0131z\u0131n Ali Smith ve Jonathan Franzen\u2019\u0131na kadar 2000 y\u0131ll\u0131k edebiyat\u0131 parlak zihinler ve sa\u011fl\u0131k verecek okumalar\u0131 sizler i\u00e7in tarad\u0131k. <\/p>\n","protected":false},"excerpt":{"rendered":"<p>Ka\u00e7 kitap okuyunca \u00e2lim, ka\u00e7 diy\u00e2r g\u00f6r\u00fcnce gezgin, ka\u00e7 hezimetten sonra bezgin olur insan? U\u00e7a\u011f\u0131n\u0131z\u0131 m\u0131 ka\u00e7\u0131rd\u0131n\u0131z ya da orta ya\u015f bunal\u0131m\u0131 m\u0131 ya\u015f\u0131yorsunuz veya sevdi\u011finizi<span class=\"excerpt-hellip\"> [\u2026]<\/span><\/p>\n","protected":false},"featured_media":0,"template":"","meta":{"_monsterinsights_skip_tracking":false,"_monsterinsights_sitenote_active":false,"_monsterinsights_sitenote_note":"","_monsterinsights_sitenote_category":0},"product_brand":[],"product_cat":[12291,12610],"product_tag":[],"class_list":{"0":"post-708700","1":"product","2":"type-product","3":"status-publish","5":"product_cat-edebiyat","6":"product_cat-elestiri-inceleme-kuram","7":"pa_cilt-ciltsiz","8":"pa_tur-kitap","9":"pa_yayinevi-ideal-kultur-yayincilik","10":"pa_yazar-ella-berthoud","12":"first","13":"instock","14":"sale","15":"shipping-taxable","16":"purchasable","17":"product-type-simple"},"_links":{"self":[{"href":"https:\/\/roveyayinevi.com.tr\/index.php\/wp-json\/wp\/v2\/product\/708700","targetHints":{"allow":["GET"]}}],"collection":[{"href":"https:\/\/roveyayinevi.com.tr\/index.php\/wp-json\/wp\/v2\/product"}],"about":[{"href":"https:\/\/roveyayinevi.com.tr\/index.php\/wp-json\/wp\/v2\/types\/product"}],"wp:attachment":[{"href":"https:\/\/roveyayinevi.com.tr\/index.php\/wp-json\/wp\/v2\/media?parent=708700"}],"wp:term":[{"taxonomy":"product_brand","embeddable":true,"href":"https:\/\/roveyayinevi.com.tr\/index.php\/wp-json\/wp\/v2\/product_brand?post=708700"},{"taxonomy":"product_cat","embeddable":true,"href":"https:\/\/roveyayinevi.com.tr\/index.php\/wp-json\/wp\/v2\/product_cat?post=708700"},{"taxonomy":"product_tag","embeddable":true,"href":"https:\/\/roveyayinevi.com.tr\/index.php\/wp-json\/wp\/v2\/product_tag?post=708700"}],"curies":[{"name":"wp","href":"https:\/\/api.w.org\/{rel}","templated":true}]}}