{"id":708699,"date":"2025-08-27T16:17:39","date_gmt":"2025-08-27T13:17:39","guid":{"rendered":"https:\/\/roveyayinevi.com.tr\/index.php\/urun\/canakkale-mahseri\/"},"modified":"2026-04-16T02:17:31","modified_gmt":"2026-04-15T23:17:31","slug":"canakkale-mahseri","status":"publish","type":"product","link":"https:\/\/roveyayinevi.com.tr\/index.php\/urun\/canakkale-mahseri\/","title":{"rendered":"\u00c7anakkale Mah\u015feri"},"content":{"rendered":"<p>\u00c7anakkale Mah\u015feri; \u201ccih\u00e2n\u0131n yedi ikl\u00eeminden\u201d T\u00fcrk&#8217;\u00fcn aziz topraklar\u0131na \u201ckaynayan bir kum gibi\u201d s\u00f6k\u00fcn edip gelmi\u015f, T\u00fcrk&#8217;\u00fc tarihten ve hatta be\u015feriyet haf\u0131zas\u0131ndan s\u00f6k\u00fcp atmaya ahdetmi\u015f d\u00fc\u015fman kar\u015f\u0131s\u0131nda, T\u00fcrk&#8217;\u00fcn \u201cg\u00f6\u011fs\u00fcndeki kat kat \u00eemanla\u201d ve kan\u0131n\u0131n her damlas\u0131yla verdi\u011fi cevab\u0131n destan\u0131d\u0131r. \u00c7anakkale Mah\u015feri; as\u0131rlard\u0131r Anadolu co\u011frafyas\u0131nda \u00e7al\u0131nan mayan\u0131n bozulmayaca\u011f\u0131n\u0131n, en sa\u011flam istihk\u00e2m\u0131n vatan\u0131n\u0131 n\u00e2m\u00fbs bilenlerin p\u00e2k y\u00fcrekleri oldu\u011funun, \u201cr\u00fck\u00fb\u201d haricinde cih\u00e2na nizam vermi\u015f ba\u015flar\u0131n asla e\u011filmeyece\u011finin destan\u0131d\u0131r. Mehmed Niyazi&#8217;nin 1998 y\u0131l\u0131nda yay\u0131nland\u0131\u011f\u0131 ilk g\u00fcnden bu yana b\u00fcy\u00fck bir ilgiyle okunan roman\u0131, \u00c7anakkale muharebelerinin en ger\u00e7ek\u00e7i anlat\u0131ld\u0131\u011f\u0131 eserlerin ba\u015f\u0131nda geliyor. Bir muharebede tek bir neferin bile ne kadar \u00f6nemli oldu\u011fu malumdur. \u00c7anakkale Mah\u015feri roman\u0131n\u0131 da, bu hakikatin \u00e2deta bir tezah\u00fcr\u00fc olarak kaleme alan Mehmed Niyazi, \u00c7anakkale siperlerindeki en \u00fcst r\u00fctbelilerden en d\u00fc\u015f\u00fck r\u00fctbelilere kadar bizleri say\u0131s\u0131z kahraman\u0131n d\u00fcnyas\u0131nda gezdirir. \u00c7anakkale Mah\u015feri&#8217;nin kahramanlar\u0131 \u00f6yle bir r\u00fbh ikl\u00eeminin insanlar\u0131d\u0131r ki, efsanelerde anlat\u0131lanlardan daha efsanev\u00ee, tarih kitaplar\u0131nda anlat\u0131lanlardan ise daha ger\u00e7ektirler. \ufffcTan\u0131t\u0131m Metni<\/p>\n","protected":false},"excerpt":{"rendered":"<p>\u00c7anakkale Mah\u015feri; \u201ccih\u00e2n\u0131n yedi ikl\u00eeminden\u201d T\u00fcrk&#8217;\u00fcn aziz topraklar\u0131na \u201ckaynayan bir kum gibi\u201d s\u00f6k\u00fcn edip gelmi\u015f, T\u00fcrk&#8217;\u00fc tarihten ve hatta be\u015feriyet haf\u0131zas\u0131ndan s\u00f6k\u00fcp atmaya ahdetmi\u015f d\u00fc\u015fman kar\u015f\u0131s\u0131nda,<span class=\"excerpt-hellip\"> [\u2026]<\/span><\/p>\n","protected":false},"featured_media":0,"template":"","meta":{"_monsterinsights_skip_tracking":false,"_monsterinsights_sitenote_active":false,"_monsterinsights_sitenote_note":"","_monsterinsights_sitenote_category":0},"product_brand":[],"product_cat":[12291,12745],"product_tag":[],"class_list":{"0":"post-708699","1":"product","2":"type-product","3":"status-publish","5":"product_cat-edebiyat","6":"product_cat-tarihi-roman","7":"pa_cilt-ciltsiz","8":"pa_tur-kitap","9":"pa_yayinevi-otuken-nesriyat","10":"pa_yazar-mehmed-niyazi","12":"first","13":"instock","14":"sale","15":"shipping-taxable","16":"purchasable","17":"product-type-simple"},"_links":{"self":[{"href":"https:\/\/roveyayinevi.com.tr\/index.php\/wp-json\/wp\/v2\/product\/708699","targetHints":{"allow":["GET"]}}],"collection":[{"href":"https:\/\/roveyayinevi.com.tr\/index.php\/wp-json\/wp\/v2\/product"}],"about":[{"href":"https:\/\/roveyayinevi.com.tr\/index.php\/wp-json\/wp\/v2\/types\/product"}],"wp:attachment":[{"href":"https:\/\/roveyayinevi.com.tr\/index.php\/wp-json\/wp\/v2\/media?parent=708699"}],"wp:term":[{"taxonomy":"product_brand","embeddable":true,"href":"https:\/\/roveyayinevi.com.tr\/index.php\/wp-json\/wp\/v2\/product_brand?post=708699"},{"taxonomy":"product_cat","embeddable":true,"href":"https:\/\/roveyayinevi.com.tr\/index.php\/wp-json\/wp\/v2\/product_cat?post=708699"},{"taxonomy":"product_tag","embeddable":true,"href":"https:\/\/roveyayinevi.com.tr\/index.php\/wp-json\/wp\/v2\/product_tag?post=708699"}],"curies":[{"name":"wp","href":"https:\/\/api.w.org\/{rel}","templated":true}]}}