{"id":708698,"date":"2025-08-27T16:17:38","date_gmt":"2025-08-27T13:17:38","guid":{"rendered":"https:\/\/roveyayinevi.com.tr\/index.php\/urun\/karanlik-kiz\/"},"modified":"2026-03-03T02:26:25","modified_gmt":"2026-03-02T23:26:25","slug":"karanlik-kiz","status":"publish","type":"product","link":"https:\/\/roveyayinevi.com.tr\/index.php\/urun\/karanlik-kiz\/","title":{"rendered":"Karanl\u0131k K\u0131z"},"content":{"rendered":"<p>\u0130ngiliz edebiyat\u0131 \u00f6\u011fretmeni Leda, y\u0131llar y\u0131l\u0131 kendini i\u015fine ve iki k\u0131z\u0131na vermi\u015f orta ya\u015flarda dul bir kad\u0131nd\u0131r. K\u0131zlar\u0131 b\u00fcy\u00fcy\u00fcp babalar\u0131n\u0131n yan\u0131na, Kanada\u2019ya gitmesiyle yaln\u0131zla\u015faca\u011f\u0131n\u0131 d\u00fc\u015f\u00fcn\u00fcr. Ancak beklenmedik bir \u015fekilde \u00f6zg\u00fcrle\u015fme, hafifleme  hissedince, bundan g\u00fc\u00e7 alarak uzun bir yaz tatili planlar. \u0130talya\u2019n\u0131n g\u00fcneyinde bir k\u0131y\u0131 kasabas\u0131na gidecek, orada hem dinlenecek hem de \u00e7al\u0131\u015fmalar\u0131n\u0131 tamamlayacakt\u0131r.Gelgelelim saatlerce g\u00fcne\u015flenmek, y\u00fczmek, okumakla huzurlu bir \u015fekilde ge\u00e7en g\u00fcnler  anbean y\u00fckselen bir tedirginlik hissiyle g\u00f6lgelenir.  Kumsaldaki bir aile, basit bir rastlant\u0131yla hayat\u0131na girip g\u00fcnl\u00fck rutinini bozunca, Leda\u2019n\u0131n dengesi b\u00fcsb\u00fct\u00fcn alt\u00fcst olur. Ne de olsa zihninden kovdu\u011fu ger\u00e7ekler vard\u0131r; \u015fimdi d\u00fczenli ve dura\u011fan hayat s\u00fcrse de, yak\u0131n ge\u00e7mi\u015fte, bir anne ve bir e\u015f olarak geleneklere kar\u015f\u0131 gelmi\u015f, kendiyle birlikte en yak\u0131nlar\u0131n\u0131n hayat\u0131nda da derin izler b\u0131rakacak \u015feyler yapm\u0131\u015ft\u0131r. Elena Ferrante\u2019nin ba\u015fyap\u0131t\u0131 d\u00f6rt ciltlik  \u201cNapoli Romanlar\u0131\u201dn\u0131n adeta \u00e7\u0131k\u0131\u015f noktas\u0131 olan bu k\u0131sa roman, yazar\u0131n ele ald\u0131\u011f\u0131 belli ba\u015fl\u0131 temalar\u0131 tam anlam\u0131yla kristalle\u015ftiriyor. Karanl\u0131k K\u0131z aile kurumunun k\u0131s\u0131tl\u0131 d\u00fcnyas\u0131n\u0131, \u2013bir kad\u0131n olarak\u2013 \u00f6zg\u00fcrl\u00fck i\u00e7in \u00f6denen bedelleri ve tutkular\u0131, h\u00fcsranlar\u0131, travmalar\u0131 anlat\u0131yor&#8230;   \u201cKaranl\u0131k K\u0131z m\u00fcthi\u015f bir ba\u015far\u0131&#8230; \u0130ncelikli ama c\u00fcretk\u00e2r, ayr\u0131nt\u0131l\u0131 ve u\u00e7ucu: kesik yaras\u0131 gibi can yak\u0131yor ama bir yandan da merhem oluyor.\u201d Le Repubblica <\/p>\n","protected":false},"excerpt":{"rendered":"<p>\u0130ngiliz edebiyat\u0131 \u00f6\u011fretmeni Leda, y\u0131llar y\u0131l\u0131 kendini i\u015fine ve iki k\u0131z\u0131na vermi\u015f orta ya\u015flarda dul bir kad\u0131nd\u0131r. K\u0131zlar\u0131 b\u00fcy\u00fcy\u00fcp babalar\u0131n\u0131n yan\u0131na, Kanada\u2019ya gitmesiyle yaln\u0131zla\u015faca\u011f\u0131n\u0131 d\u00fc\u015f\u00fcn\u00fcr. Ancak<span class=\"excerpt-hellip\"> [\u2026]<\/span><\/p>\n","protected":false},"featured_media":0,"template":"","meta":{"_monsterinsights_skip_tracking":false,"_monsterinsights_sitenote_active":false,"_monsterinsights_sitenote_note":"","_monsterinsights_sitenote_category":0},"product_brand":[],"product_cat":[12291,12711],"product_tag":[],"class_list":{"0":"post-708698","1":"product","2":"type-product","3":"status-publish","5":"product_cat-edebiyat","6":"product_cat-roman-oyku","7":"pa_cilt-ciltsiz","8":"pa_tur-kitap","9":"pa_yayinevi-everest-yayinlari","10":"pa_yazar-elena-ferrante","12":"first","13":"instock","14":"sale","15":"shipping-taxable","16":"purchasable","17":"product-type-simple"},"_links":{"self":[{"href":"https:\/\/roveyayinevi.com.tr\/index.php\/wp-json\/wp\/v2\/product\/708698","targetHints":{"allow":["GET"]}}],"collection":[{"href":"https:\/\/roveyayinevi.com.tr\/index.php\/wp-json\/wp\/v2\/product"}],"about":[{"href":"https:\/\/roveyayinevi.com.tr\/index.php\/wp-json\/wp\/v2\/types\/product"}],"wp:attachment":[{"href":"https:\/\/roveyayinevi.com.tr\/index.php\/wp-json\/wp\/v2\/media?parent=708698"}],"wp:term":[{"taxonomy":"product_brand","embeddable":true,"href":"https:\/\/roveyayinevi.com.tr\/index.php\/wp-json\/wp\/v2\/product_brand?post=708698"},{"taxonomy":"product_cat","embeddable":true,"href":"https:\/\/roveyayinevi.com.tr\/index.php\/wp-json\/wp\/v2\/product_cat?post=708698"},{"taxonomy":"product_tag","embeddable":true,"href":"https:\/\/roveyayinevi.com.tr\/index.php\/wp-json\/wp\/v2\/product_tag?post=708698"}],"curies":[{"name":"wp","href":"https:\/\/api.w.org\/{rel}","templated":true}]}}