{"id":708696,"date":"2025-08-27T16:17:37","date_gmt":"2025-08-27T13:17:37","guid":{"rendered":"https:\/\/roveyayinevi.com.tr\/index.php\/urun\/dokuz-anahtarli-kirk-oda\/"},"modified":"2026-04-11T13:36:25","modified_gmt":"2026-04-11T10:36:25","slug":"dokuz-anahtarli-kirk-oda","status":"publish","type":"product","link":"https:\/\/roveyayinevi.com.tr\/index.php\/urun\/dokuz-anahtarli-kirk-oda\/","title":{"rendered":"Dokuz Anahtarl\u0131 K\u0131rk Oda"},"content":{"rendered":"<p>K\u0131rk Oda, \u00dc\u00e7 Aynal\u0131 K\u0131rk Oda ve Yedi Kap\u0131l\u0131 K\u0131rk Oda\u2019dan sonra bu kez gene ayn\u0131 akrabal\u0131k, kom\u015fuluk ili\u015fkilerini s\u00fcrd\u00fcren benzer yap\u0131da \u00e7at\u0131lm\u0131\u015f, ortak merkezli dokuz hik\u00e2yeden olu\u015fan Dokuz Anahtarl\u0131 K\u0131rk Oda ile devam ediyorum y\u0131llar \u00f6nce \u00e7\u0131kt\u0131\u011f\u0131m yola, yolculu\u011fa.  Y\u0131llar \u00f6nce s\u00f6yledi\u011fim ve s\u00f6z verdi\u011fim gibi, k\u0131rk odal\u0131 bu dizinin son kitab\u0131 olacak Sonuncu Oda\u2019n\u0131n sonuna kadar izini s\u00fcrece\u011fim k\u0131rk masal. \u2013 Murathan Mungan <\/p>\n","protected":false},"excerpt":{"rendered":"<p>K\u0131rk Oda, \u00dc\u00e7 Aynal\u0131 K\u0131rk Oda ve Yedi Kap\u0131l\u0131 K\u0131rk Oda\u2019dan sonra bu kez gene ayn\u0131 akrabal\u0131k, kom\u015fuluk ili\u015fkilerini s\u00fcrd\u00fcren benzer yap\u0131da \u00e7at\u0131lm\u0131\u015f, ortak merkezli dokuz<span class=\"excerpt-hellip\"> [\u2026]<\/span><\/p>\n","protected":false},"featured_media":0,"template":"","meta":{"_monsterinsights_skip_tracking":false,"_monsterinsights_sitenote_active":false,"_monsterinsights_sitenote_note":"","_monsterinsights_sitenote_category":0},"product_brand":[],"product_cat":[12291,12711],"product_tag":[],"class_list":{"0":"post-708696","1":"product","2":"type-product","3":"status-publish","5":"product_cat-edebiyat","6":"product_cat-roman-oyku","7":"pa_cilt-ciltsiz","8":"pa_tur-kitap","9":"pa_yayinevi-metis-yayinlari","10":"pa_yazar-murathan-mungan","12":"first","13":"instock","14":"sale","15":"shipping-taxable","16":"purchasable","17":"product-type-simple"},"_links":{"self":[{"href":"https:\/\/roveyayinevi.com.tr\/index.php\/wp-json\/wp\/v2\/product\/708696","targetHints":{"allow":["GET"]}}],"collection":[{"href":"https:\/\/roveyayinevi.com.tr\/index.php\/wp-json\/wp\/v2\/product"}],"about":[{"href":"https:\/\/roveyayinevi.com.tr\/index.php\/wp-json\/wp\/v2\/types\/product"}],"wp:attachment":[{"href":"https:\/\/roveyayinevi.com.tr\/index.php\/wp-json\/wp\/v2\/media?parent=708696"}],"wp:term":[{"taxonomy":"product_brand","embeddable":true,"href":"https:\/\/roveyayinevi.com.tr\/index.php\/wp-json\/wp\/v2\/product_brand?post=708696"},{"taxonomy":"product_cat","embeddable":true,"href":"https:\/\/roveyayinevi.com.tr\/index.php\/wp-json\/wp\/v2\/product_cat?post=708696"},{"taxonomy":"product_tag","embeddable":true,"href":"https:\/\/roveyayinevi.com.tr\/index.php\/wp-json\/wp\/v2\/product_tag?post=708696"}],"curies":[{"name":"wp","href":"https:\/\/api.w.org\/{rel}","templated":true}]}}