{"id":708693,"date":"2025-08-27T16:17:35","date_gmt":"2025-08-27T13:17:35","guid":{"rendered":"https:\/\/roveyayinevi.com.tr\/index.php\/urun\/yeni-kotu-gunler\/"},"modified":"2026-04-16T02:17:31","modified_gmt":"2026-04-15T23:17:31","slug":"yeni-kotu-gunler","status":"publish","type":"product","link":"https:\/\/roveyayinevi.com.tr\/index.php\/urun\/yeni-kotu-gunler\/","title":{"rendered":"Yeni K\u00f6t\u00fc G\u00fcnler"},"content":{"rendered":"<p>\u201cEski g\u00fczel g\u00fcnlerle de\u011fil, yeni k\u00f6t\u00fc g\u00fcnlerle ba\u015flay\u0131n.\u201d Hal Foster, Yeni K\u00f6t\u00fc G\u00fcnler\u2019de sanat ve ele\u015ftirinin son yirmi be\u015f y\u0131lda ge\u00e7irdi\u011fi b\u00fcy\u00fck d\u00f6n\u00fc\u015f\u00fcm\u00fc Bertolt Brecht\u2019in bu nasihatinin \u0131\u015f\u0131\u011f\u0131nda inceliyor. Cindy Sherman, Thomas Hirschhorn ve Isa Genzken gibi farkl\u0131 mecralarda \u00e7al\u0131\u015fan sanat\u00e7\u0131lar\u0131n i\u015flerine Jacques Ranci\u00e8re, Bruno Latour ve Giorgio Agamben gibi farkl\u0131 \u201cme\u015frep\u201dlerden d\u00fc\u015f\u00fcn\u00fcrlerin yazd\u0131klar\u0131n\u0131n yard\u0131m\u0131yla bakan Foster, neoliberalizmin ve ter\u00f6re kar\u015f\u0131 sava\u015f\u0131n yaratt\u0131\u011f\u0131 k\u00fcresel \u201cacil durum\u201du sanat i\u00e7inden anlamaya \u00e7al\u0131\u015f\u0131yor ve bize d\u00f6rt \u201ckavramsal ara\u00e7\u201d sunuyor: abject, ar\u015fiv, mimesis ve g\u00fcvencesizlik. Yeni K\u00f6t\u00fc G\u00fcnler, \u00e7a\u011fda\u015f sanat ve ele\u015ftirinin g\u00fcn\u00fcm\u00fcz d\u00fcnyas\u0131n\u0131n oynak ve bulan\u0131k ger\u00e7ekli\u011fine verdi\u011fi ve veremedi\u011fi cevaplar\u0131 toparlay\u0131p yeni sorularla tart\u0131\u015fmaya a\u00e7an cesur bir kitap. \u201cFoster, \u00f6l\u00e7\u00fcl\u00fc \u00fcslubuyla geni\u015f okuyucu kitlelerine ula\u015fabilen o say\u0131l\u0131 sanat tarih\u00e7ilerinden.\u201d Guardian Hal Foster, Princeton \u00dcniversitesi Sanat ve Arkeoloji B\u00f6l\u00fcm\u00fc\u2019nde Townsend Martin Profes\u00f6r\u00fc ve October dergisinin edit\u00f6rlerinden. <\/p>\n","protected":false},"excerpt":{"rendered":"<p>\u201cEski g\u00fczel g\u00fcnlerle de\u011fil, yeni k\u00f6t\u00fc g\u00fcnlerle ba\u015flay\u0131n.\u201d Hal Foster, Yeni K\u00f6t\u00fc G\u00fcnler\u2019de sanat ve ele\u015ftirinin son yirmi be\u015f y\u0131lda ge\u00e7irdi\u011fi b\u00fcy\u00fck d\u00f6n\u00fc\u015f\u00fcm\u00fc Bertolt Brecht\u2019in bu<span class=\"excerpt-hellip\"> [\u2026]<\/span><\/p>\n","protected":false},"featured_media":0,"template":"","meta":{"_monsterinsights_skip_tracking":false,"_monsterinsights_sitenote_active":false,"_monsterinsights_sitenote_note":"","_monsterinsights_sitenote_category":0},"product_brand":[],"product_cat":[22066,13527],"product_tag":[],"class_list":{"0":"post-708693","1":"product","2":"type-product","3":"status-publish","5":"product_cat-sanat-sureli-yayinlar","6":"product_cat-sureli-yayinlar","7":"pa_cilt-ciltsiz","8":"pa_tur-kitap","9":"pa_yayinevi-koc-universitesi-yayinlari","10":"pa_yazar-hal-foster","12":"first","13":"instock","14":"sale","15":"shipping-taxable","16":"purchasable","17":"product-type-simple"},"_links":{"self":[{"href":"https:\/\/roveyayinevi.com.tr\/index.php\/wp-json\/wp\/v2\/product\/708693","targetHints":{"allow":["GET"]}}],"collection":[{"href":"https:\/\/roveyayinevi.com.tr\/index.php\/wp-json\/wp\/v2\/product"}],"about":[{"href":"https:\/\/roveyayinevi.com.tr\/index.php\/wp-json\/wp\/v2\/types\/product"}],"wp:attachment":[{"href":"https:\/\/roveyayinevi.com.tr\/index.php\/wp-json\/wp\/v2\/media?parent=708693"}],"wp:term":[{"taxonomy":"product_brand","embeddable":true,"href":"https:\/\/roveyayinevi.com.tr\/index.php\/wp-json\/wp\/v2\/product_brand?post=708693"},{"taxonomy":"product_cat","embeddable":true,"href":"https:\/\/roveyayinevi.com.tr\/index.php\/wp-json\/wp\/v2\/product_cat?post=708693"},{"taxonomy":"product_tag","embeddable":true,"href":"https:\/\/roveyayinevi.com.tr\/index.php\/wp-json\/wp\/v2\/product_tag?post=708693"}],"curies":[{"name":"wp","href":"https:\/\/api.w.org\/{rel}","templated":true}]}}