{"id":708692,"date":"2025-08-27T16:17:35","date_gmt":"2025-08-27T13:17:35","guid":{"rendered":"https:\/\/roveyayinevi.com.tr\/index.php\/urun\/berlin-mektuplari\/"},"modified":"2026-04-16T02:17:31","modified_gmt":"2026-04-15T23:17:31","slug":"berlin-mektuplari","status":"publish","type":"product","link":"https:\/\/roveyayinevi.com.tr\/index.php\/urun\/berlin-mektuplari\/","title":{"rendered":"Berlin Mektuplar\u0131"},"content":{"rendered":"<p>Berlin Mektuplar\u0131 Haldun Taner\u2019in 1935-1984 y\u0131llar\u0131 boyunca \u00f6\u011frenci ve yazar olarak bulundu\u011fu Almanya g\u00f6zlemlerini i\u00e7eriyor: Hitler\u2019in y\u00fckseli\u015fi, siyasal m\u00fccadeleler, so\u011fuk sava\u015f y\u0131llar\u0131, f\u00fcze rampalar\u0131, ye\u015filler hareketi, hava kirlili\u011fi, T\u00fcrk i\u015f\u00e7iler sorunu, Alman \u00c7e\u015fmesi&#8230; Yirminci y\u00fczy\u0131l Almanyas\u0131 tarihsel, toplumsal, siyasal, k\u00fclt\u00fcrel a\u00e7\u0131dan renkli bir \u00fcslupla g\u00f6zler \u00f6n\u00fcne seriliyor. Taner kitab\u0131n ilk bask\u0131s\u0131na yazd\u0131\u011f\u0131 \u00f6ns\u00f6zde \u201cHik\u00e2yelerim \u00e7evrildik\u00e7e piyeslerim orda oynand\u0131k\u00e7a, kongre ya da konferans i\u00e7in \u00e7a\u011fr\u0131ld\u0131k\u00e7a, s\u0131k s\u0131k Almanya\u2019ya gittim. \u0130kinci D\u00fcnya Sava\u015f\u0131\u2019ndan sonraki kara g\u00fcnlerini, bunun i\u00e7inden nas\u0131l kurtulduklar\u0131n\u0131 ilgi ile izledim. G\u00f6zlemlerimi, izlenimlerimi s\u0131k s\u0131k, ya gezi notlar\u0131mda, ya k\u00f6\u015fe yaz\u0131lar\u0131mda anlatt\u0131m.\u201d diyor. <\/p>\n","protected":false},"excerpt":{"rendered":"<p>Berlin Mektuplar\u0131 Haldun Taner\u2019in 1935-1984 y\u0131llar\u0131 boyunca \u00f6\u011frenci ve yazar olarak bulundu\u011fu Almanya g\u00f6zlemlerini i\u00e7eriyor: Hitler\u2019in y\u00fckseli\u015fi, siyasal m\u00fccadeleler, so\u011fuk sava\u015f y\u0131llar\u0131, f\u00fcze rampalar\u0131, ye\u015filler hareketi,<span class=\"excerpt-hellip\"> [\u2026]<\/span><\/p>\n","protected":false},"featured_media":0,"template":"","meta":{"_monsterinsights_skip_tracking":false,"_monsterinsights_sitenote_active":false,"_monsterinsights_sitenote_note":"","_monsterinsights_sitenote_category":0},"product_brand":[],"product_cat":[13701,12291],"product_tag":[],"class_list":{"0":"post-708692","1":"product","2":"type-product","3":"status-publish","5":"product_cat-ani-mektup-gunluk","6":"product_cat-edebiyat","7":"pa_cilt-ciltsiz","8":"pa_tur-kitap","9":"pa_yayinevi-yapi-kredi-yayinlari","10":"pa_yazar-haldun-taner","12":"first","13":"instock","14":"sale","15":"shipping-taxable","16":"purchasable","17":"product-type-simple"},"_links":{"self":[{"href":"https:\/\/roveyayinevi.com.tr\/index.php\/wp-json\/wp\/v2\/product\/708692","targetHints":{"allow":["GET"]}}],"collection":[{"href":"https:\/\/roveyayinevi.com.tr\/index.php\/wp-json\/wp\/v2\/product"}],"about":[{"href":"https:\/\/roveyayinevi.com.tr\/index.php\/wp-json\/wp\/v2\/types\/product"}],"wp:attachment":[{"href":"https:\/\/roveyayinevi.com.tr\/index.php\/wp-json\/wp\/v2\/media?parent=708692"}],"wp:term":[{"taxonomy":"product_brand","embeddable":true,"href":"https:\/\/roveyayinevi.com.tr\/index.php\/wp-json\/wp\/v2\/product_brand?post=708692"},{"taxonomy":"product_cat","embeddable":true,"href":"https:\/\/roveyayinevi.com.tr\/index.php\/wp-json\/wp\/v2\/product_cat?post=708692"},{"taxonomy":"product_tag","embeddable":true,"href":"https:\/\/roveyayinevi.com.tr\/index.php\/wp-json\/wp\/v2\/product_tag?post=708692"}],"curies":[{"name":"wp","href":"https:\/\/api.w.org\/{rel}","templated":true}]}}