{"id":708689,"date":"2025-08-27T16:17:33","date_gmt":"2025-08-27T13:17:33","guid":{"rendered":"https:\/\/roveyayinevi.com.tr\/index.php\/urun\/sinifta-kalanlar-okul-actilar\/"},"modified":"2026-04-16T02:17:31","modified_gmt":"2026-04-15T23:17:31","slug":"sinifta-kalanlar-okul-actilar","status":"publish","type":"product","link":"https:\/\/roveyayinevi.com.tr\/index.php\/urun\/sinifta-kalanlar-okul-actilar\/","title":{"rendered":"S\u0131n\u0131fta Kalanlar Okul A\u00e7t\u0131lar"},"content":{"rendered":"<p>\u201c\u0130leride \u015f\u00f6yle olacaks\u0131n\u0131z, b\u00f6yle olacaks\u0131n\u0131z.\u201dBiz ne olaca\u011f\u0131z ilerde? \u0130leri denilen yer nerede? Bunu bilmek i\u00e7in \u015fifreyi bilmek gerek. Ama kimse bize \u015fifreyi s\u00f6ylemiyor i\u015fte.Levo, kitapta yaz\u0131lanlar\u0131 okuyor, ama akl\u0131 alm\u0131yor; okudu\u011funu anlamakta g\u00fc\u00e7l\u00fck \u00e7ekiyor. Tembel ya da kal\u0131n kafal\u0131 de\u011fil; sadece uygun ko\u015fullara sahip olamayan bir \u00e7ocuk. Okulda \u00f6\u011frendiklerinin, okulun kendisinden istedi\u011fi \u015feylerle hi\u00e7 \u00f6rt\u00fc\u015fmedi\u011fini d\u00fc\u015f\u00fcn\u00fcyor. Yaln\u0131z da de\u011fil; Levo\u2019yla ayn\u0131 kaderi payla\u015fan mahalleden ba\u015fka \u00e7ocuklar da var. S\u0131n\u0131f\u0131n en arka s\u0131ralar\u0131na oturtulan, hor g\u00f6r\u00fclen, dalga ge\u00e7ilen, de\u011fi\u015fsin diye okula yollanan\u2026\u0130leride \u00e7ocuklar\u0131 kendileri gibi olmas\u0131n diye hayalleri u\u011fruna, ait olduklar\u0131 topraklardan \u00fclkenin en bat\u0131s\u0131na, \u0130zmir\u2019in k\u00fc\u00e7\u00fck bir kasabas\u0131na yerle\u015fen Diyarbak\u0131rl\u0131 ailelerin \u00e7ocuklar\u0131 onlar. Levo ve dostlar\u0131, uyum sa\u011flamaya \u00e7al\u0131\u015ft\u0131klar\u0131 bu yeni d\u00fcnyada \u00e2deta \u00e7\u0131kmaz bir soka\u011fa sapm\u0131\u015f gibiler. Ama hayat onlardan cesur ad\u0131mlar bekliyor. Ba\u015fka bir dilin i\u00e7ine do\u011fan fakat bamba\u015fka bir dille b\u00fcy\u00fcmeye ve \u00e7evrelerini anlamland\u0131rmaya \u00e7al\u0131\u015fan bu \u00e7ocuklar\u0131n, s\u0131n\u0131f arkada\u015flar\u0131yla e\u015fit olabilmeleri i\u00e7in \u00f6nce i\u00e7lerindeki yaray\u0131 iyile\u015ftirmeleri ve hayata ba\u015fkalar\u0131n\u0131n de\u011fil, kendi pencerelerinden bakmay\u0131 \u00f6\u011frenmeleri gerekiyor. Bunun da tek yolu okumaktan, anlamaktan ve anlatmaktan ge\u00e7iyor\u2026\u00d6zg\u00fcn hik\u00e2yeleri ve \u00e7arp\u0131c\u0131 karakter tiplemeleriyle \u00e7ocuk ve gen\u00e7lik edebiyat\u0131m\u0131za pek \u00e7ok sorun odakl\u0131 eser kazand\u0131ran Miyase Sertbarut\u2019tun S\u0131n\u0131fta Kalanlar Okul A\u00e7t\u0131lar isimli roman\u0131, e\u011fitim sistemimizdeki f\u0131rsat e\u015fitsizli\u011fine dem vururken, e\u011fitim ve \u00f6\u011fretimdeki iyi ve k\u00f6t\u00fc \u00f6rnekleri k\u0131yaslayarak birbirinden farkl\u0131 \u00e7ocuklar\u0131n i\u00e7 d\u00fcnyalar\u0131na ayna tutuyor.Yunus Nadi \u00d6d\u00fcll\u00fc karikat\u00fcrist Hicabi Demirci\u2019nin resimleriyle canlanan bu etkileyici kitap, g\u00fcvercinlerini ninelerine emanet ederek evinden kilometrelerce uzakta ya\u015famak zorunda b\u0131rak\u0131lan b\u00fct\u00fcn \u00e7ocuklara k\u00fc\u00e7\u00fck de olsa bir umut \u0131\u015f\u0131\u011f\u0131 yak\u0131yor. <\/p>\n","protected":false},"excerpt":{"rendered":"<p>\u201c\u0130leride \u015f\u00f6yle olacaks\u0131n\u0131z, b\u00f6yle olacaks\u0131n\u0131z.\u201dBiz ne olaca\u011f\u0131z ilerde? \u0130leri denilen yer nerede? Bunu bilmek i\u00e7in \u015fifreyi bilmek gerek. Ama kimse bize \u015fifreyi s\u00f6ylemiyor i\u015fte.Levo, kitapta yaz\u0131lanlar\u0131<span class=\"excerpt-hellip\"> [\u2026]<\/span><\/p>\n","protected":false},"featured_media":0,"template":"","meta":{"_monsterinsights_skip_tracking":false,"_monsterinsights_sitenote_active":false,"_monsterinsights_sitenote_note":"","_monsterinsights_sitenote_category":0},"product_brand":[],"product_cat":[12275,12274],"product_tag":[],"class_list":{"0":"post-708689","1":"product","2":"type-product","3":"status-publish","5":"product_cat-6-12-yas-kitaplari","6":"product_cat-cocuk-ve-genclik-kitaplari","7":"pa_cilt-ciltsiz","8":"pa_tur-kitap","9":"pa_yayinevi-tudem-yayinlari","10":"pa_yazar-miyase-sertbarut","12":"first","13":"instock","14":"sale","15":"shipping-taxable","16":"purchasable","17":"product-type-simple"},"_links":{"self":[{"href":"https:\/\/roveyayinevi.com.tr\/index.php\/wp-json\/wp\/v2\/product\/708689","targetHints":{"allow":["GET"]}}],"collection":[{"href":"https:\/\/roveyayinevi.com.tr\/index.php\/wp-json\/wp\/v2\/product"}],"about":[{"href":"https:\/\/roveyayinevi.com.tr\/index.php\/wp-json\/wp\/v2\/types\/product"}],"wp:attachment":[{"href":"https:\/\/roveyayinevi.com.tr\/index.php\/wp-json\/wp\/v2\/media?parent=708689"}],"wp:term":[{"taxonomy":"product_brand","embeddable":true,"href":"https:\/\/roveyayinevi.com.tr\/index.php\/wp-json\/wp\/v2\/product_brand?post=708689"},{"taxonomy":"product_cat","embeddable":true,"href":"https:\/\/roveyayinevi.com.tr\/index.php\/wp-json\/wp\/v2\/product_cat?post=708689"},{"taxonomy":"product_tag","embeddable":true,"href":"https:\/\/roveyayinevi.com.tr\/index.php\/wp-json\/wp\/v2\/product_tag?post=708689"}],"curies":[{"name":"wp","href":"https:\/\/api.w.org\/{rel}","templated":true}]}}