{"id":708688,"date":"2025-08-27T16:17:33","date_gmt":"2025-08-27T13:17:33","guid":{"rendered":"https:\/\/roveyayinevi.com.tr\/index.php\/urun\/heptemaron\/"},"modified":"2026-04-15T02:23:21","modified_gmt":"2026-04-14T23:23:21","slug":"heptemaron","status":"publish","type":"product","link":"https:\/\/roveyayinevi.com.tr\/index.php\/urun\/heptemaron\/","title":{"rendered":"Heptemaron"},"content":{"rendered":"<p>KU KU KU KU ya da \u015eehir D\u00fc\u015ferken Meleklerin Cinsiyeti \u00dczre Tart\u0131\u015fmaya Dair   Enis Batur, kendi alanlar\u0131nda uzman 7 arkada\u015f\u0131na \u00d6mer Hayyam\u2019\u0131n gizemli bir r\u00fcb\u00e2isi arac\u0131l\u0131\u011f\u0131yla soruyor: T\u00fcrkiye\u2019nin, D\u00fcnya\u2019n\u0131n \u201chal\u201di ortadayken, 2016 y\u0131l\u0131n\u0131n herhangi bir ay\u0131nda, biri(leri)nin bir r\u00fcb\u00e2i \u00fczerinde odaklanmas\u0131 e\u015fittir 1453 May\u0131s\u0131\u2019nda meleklerin cinsiyeti \u00fczre tart\u0131\u015fmak m\u0131d\u0131r? Bu sorudan yola \u00e7\u0131kan Batur ve arkada\u015flar\u0131, d\u00fcnyan\u0131n zor zamanlar\u0131nda entelekt\u00fcelin ve genel olarak k\u00fclt\u00fcr\u00fcn i\u015flevine, \u015fiir, m\u00fczik, resim gibi sanat dallar\u0131 aras\u0131ndaki etkile\u015fime, spesifik olarak \u015fiirde ses-anlam ili\u015fkisiyle \u015fiir \u00e7evirisinin olanakl\u0131l\u0131\u011f\u0131na de\u011finiyorlar. Enis Batur\u2019un deyimiyle, \u201cD\u00fcnya, B\u00f6lge, \u00dclke: Kaynayan, k\u0131zg\u0131n sular\u0131 ikidebir ta\u015fan bir kazan\u0131n alt\u0131ndaki ate\u015fin durma k\u00f6r\u00fcklendi\u011fi zamanlar\u0131n i\u00e7inden ge\u00e7iyor, duman\u0131n g\u00f6zden uzak tuttu\u011fu ufuk \u00e7izgisini g\u00f6remez hale geldi\u011fimiz i\u00e7in \u00e7\u0131k\u0131\u015f noktas\u0131n\u0131, varsa olabilecekse bir g\u00fcn, se\u00e7emiyoruz.\u201d Kitap, i\u015fte bu kayg\u0131lar\u0131n \u0131\u015f\u0131\u011f\u0131nda, \u201cNe Yapmal\u0131?\u201d sorununu alternatif bir mercekte inceliyor. <\/p>\n","protected":false},"excerpt":{"rendered":"<p>KU KU KU KU ya da \u015eehir D\u00fc\u015ferken Meleklerin Cinsiyeti \u00dczre Tart\u0131\u015fmaya Dair Enis Batur, kendi alanlar\u0131nda uzman 7 arkada\u015f\u0131na \u00d6mer Hayyam\u2019\u0131n gizemli bir r\u00fcb\u00e2isi arac\u0131l\u0131\u011f\u0131yla<span class=\"excerpt-hellip\"> [\u2026]<\/span><\/p>\n","protected":false},"featured_media":0,"template":"","meta":{"_monsterinsights_skip_tracking":false,"_monsterinsights_sitenote_active":false,"_monsterinsights_sitenote_note":"","_monsterinsights_sitenote_category":0},"product_brand":[],"product_cat":[12777,12291],"product_tag":[],"class_list":{"0":"post-708688","1":"product","2":"type-product","3":"status-publish","5":"product_cat-deneme","6":"product_cat-edebiyat","7":"pa_cilt-ciltsiz","8":"pa_tur-kitap","9":"pa_yayinevi-kirmizi-kedi-yayinevi","10":"pa_yazar-enis-batur-savkar-altinel-yigit-bener-tarik-gunersel-cavit-mukaddes-mehmet-nemutlu-saliha-paker-tolga-tuzun","12":"first","13":"instock","14":"sale","15":"shipping-taxable","16":"purchasable","17":"product-type-simple"},"_links":{"self":[{"href":"https:\/\/roveyayinevi.com.tr\/index.php\/wp-json\/wp\/v2\/product\/708688","targetHints":{"allow":["GET"]}}],"collection":[{"href":"https:\/\/roveyayinevi.com.tr\/index.php\/wp-json\/wp\/v2\/product"}],"about":[{"href":"https:\/\/roveyayinevi.com.tr\/index.php\/wp-json\/wp\/v2\/types\/product"}],"wp:attachment":[{"href":"https:\/\/roveyayinevi.com.tr\/index.php\/wp-json\/wp\/v2\/media?parent=708688"}],"wp:term":[{"taxonomy":"product_brand","embeddable":true,"href":"https:\/\/roveyayinevi.com.tr\/index.php\/wp-json\/wp\/v2\/product_brand?post=708688"},{"taxonomy":"product_cat","embeddable":true,"href":"https:\/\/roveyayinevi.com.tr\/index.php\/wp-json\/wp\/v2\/product_cat?post=708688"},{"taxonomy":"product_tag","embeddable":true,"href":"https:\/\/roveyayinevi.com.tr\/index.php\/wp-json\/wp\/v2\/product_tag?post=708688"}],"curies":[{"name":"wp","href":"https:\/\/api.w.org\/{rel}","templated":true}]}}